{"id":10272,"date":"2025-03-12T17:28:05","date_gmt":"2025-03-12T16:28:05","guid":{"rendered":"https:\/\/www.dms-imaging.com\/?page_id=10272"},"modified":"2025-11-28T15:58:01","modified_gmt":"2025-11-28T14:58:01","slug":"platinum-flex","status":"publish","type":"page","link":"https:\/\/www.dms-imaging.com\/fr\/tables-telecommandees\/platinum-flex\/","title":{"rendered":"Platinum Flex"},"content":{"rendered":"<p>[vc_row content_placement=\u00a0\u00bbmiddle\u00a0\u00bb][vc_column width=\u00a0\u00bb1\/2&Prime;][vc_single_image image=\u00a0\u00bb10140&Prime;][\/vc_column][vc_column width=\u00a0\u00bb1\/2&Prime;][ld_fancy_heading tag=\u00a0\u00bbh6&Prime;]TABLES T\u00c9L\u00c9COMMAND\u00c9ES[\/ld_fancy_heading][ld_fancy_heading tag=\u00a0\u00bbh2&Prime; ca_init_scale_x=\u00a0\u00bb1&Prime; ca_init_scale_y=\u00a0\u00bb1&Prime; ca_init_opacity=\u00a0\u00bb1&Prime; ca_an_scale_x=\u00a0\u00bb1&Prime; ca_an_scale_y=\u00a0\u00bb1&Prime; ca_an_opacity=\u00a0\u00bb1&Prime; use_custom_fonts_title=\u00a0\u00bbtrue\u00a0\u00bb enable_split=\u00a0\u00bbtrue\u00a0\u00bb enable_fit=\u00a0\u00bbtrue\u00a0\u00bb margin=\u00a0\u00bbbottom_small:0.6em\u00a0\u00bb minfontsize=\u00a0\u00bb38&Prime; fs=\u00a0\u00bbtext_large:43px|text_small:38px\u00a0\u00bb]<strong>PLATINUM FLEX<\/strong>[\/ld_fancy_heading][vc_column_text]<strong>Exigez l\u2019excellence d\u2019une solution R\/F haut de gamme d\u2019une flexibilit\u00e9 absolue<\/strong>[\/vc_column_text][ld_spacer][vc_column_text]D\u00e9couvrez la <strong>Platinum Flex<\/strong>, une table t\u00e9l\u00e9command\u00e9e haut de gamme qui allie polyvalence et intelligence, avec une fonctionnalit\u00e9 cl\u00e9 : son d\u00e9tecteur extractible. Contrairement \u00e0 la Platinum Neo, cette version int\u00e8gre un capteur dynamique capable de fonctionner en radiographie et en fluoroscopie lorsqu\u2019il est dans la table mais il devient portable lorsqu\u2019il est extrait de celle-ci. C\u2019est une solution id\u00e9ale pour r\u00e9aliser des examens statiques de patients en brancard, \u00e0 mobilit\u00e9 r\u00e9duite, en p\u00e9diatrie ou pour des examens d\u2019extr\u00e9mit\u00e9s.<\/p>\n<p>Gr\u00e2ce au logiciel <strong>ADAM<\/strong>, cette table r\u00e9volutionne le workflow R\/F en associant une interface intuitive et une qualit\u00e9 d\u2019image optimis\u00e9e par de l\u2019intelligence artificielle. Moderne, polyvalente et ergonomique, la Platinum Flex est l\u2019outil indispensable des services de radiologie exigeants.[\/vc_column_text][\/vc_column][\/vc_row][vc_row content_placement=\u00a0\u00bbmiddle\u00a0\u00bb css=\u00a0\u00bb.vc_custom_1740063306360{padding-top: 40px !important;}\u00a0\u00bb responsive_css=\u00a0\u00bbpadding_bottom_medium:90px\u00a0\u00bb][vc_column][ld_tabs style=\u00a0\u00bbstyle04&Prime; use_custom_fonts_nav=\u00a0\u00bbtrue\u00a0\u00bb text_color=\u00a0\u00bbrgb(51, 62, 72)\u00a0\u00bb primary_hcolor=\u00a0\u00bbrgb(0, 77, 182)\u00a0\u00bb text_hcolor=\u00a0\u00bbrgb(0, 77, 182)\u00a0\u00bb lh=\u00a0\u00bb1.5em\u00a0\u00bb][ld_tab_section i_type=\u00a0\u00bbfontawesome\u00a0\u00bb title=\u00a0\u00bbUne intelligence au service du workflow\u00a0\u00bb tab_id=\u00a0\u00bblqd-1614861316206-07e6646b-032fd863-59921740061976216&Prime; i_icon_fontawesome=\u00a0\u00bbfas fa-angle-down\u00a0\u00bb][vc_row_inner content_placement=\u00a0\u00bbmiddle\u00a0\u00bb gap=\u00a0\u00bb30&Prime; css=\u00a0\u00bb.vc_custom_1743417832738{margin-top: 30px !important;}\u00a0\u00bb][vc_column_inner width=\u00a0\u00bb1\/2&Prime; css=\u00a0\u00bb.vc_custom_1740068511571{padding-top: 50px !important;}\u00a0\u00bb][ld_fancy_heading tag=\u00a0\u00bbh4&Prime; use_custom_fonts_title=\u00a0\u00bbtrue\u00a0\u00bb]<strong>Une intelligence au service du workflow<\/strong>[\/ld_fancy_heading][vc_column_text]La <strong>Platinum Flex<\/strong> automatise les \u00e9tapes cl\u00e9s des examens pour une utilisation fluide et efficace:[\/vc_column_text][vc_column_text css=\u00a0\u00bb.vc_custom_1744101446140{padding-top: 25px !important;padding-right: 25px !important;padding-bottom: 25px !important;padding-left: 25px !important;}\u00a0\u00bb]\u2013 <strong>Positionnement automatique<\/strong> de la table en fonction de l\u2019examen s\u00e9lectionn\u00e9.<\/p>\n<p>\u2013 <strong>Gestion automatique des param\u00e8tres radiologiques<\/strong> en fonction de la morphologie du patient.<\/p>\n<p>\u2013 <strong>D\u00e9tecteur extractible<\/strong> offrant une flexibilit\u00e9 in\u00e9gal\u00e9e, permettant d\u2019effectuer des examens sur la table et en dehors sans n\u00e9cessiter de d\u00e9tecteur suppl\u00e9mentaire.<\/p>\n<p>\u2013 <strong>Fonctionnalit\u00e9s avanc\u00e9es<\/strong> telles que le <strong>Go-To-Position<\/strong>, garantissant un centrage patient pr\u00e9cis en un clic et sans irradiation inutile. Cette table s\u2019impose comme leur alli\u00e9e incontournable au quotidien.[\/vc_column_text][\/vc_column_inner][vc_column_inner width=\u00a0\u00bb1\/2&Prime;][vc_single_image image=\u00a0\u00bb10012&Prime; css=\u00a0\u00bb.vc_custom_1743418607068{padding-top: 50px !important;}\u00a0\u00bb][\/vc_column_inner][\/vc_row_inner][\/ld_tab_section][ld_tab_section i_type=\u00a0\u00bbfontawesome\u00a0\u00bb title=\u00a0\u00bbUne qualit\u00e9 d\u2019image boost\u00e9e par l\u2019I.A.\u00a0\u00bb tab_id=\u00a0\u00bblqd-1614862432834-a65382b6-6ba3d863-59921740061976216&Prime; i_icon_fontawesome=\u00a0\u00bbfas fa-angle-down\u00a0\u00bb][vc_row_inner content_placement=\u00a0\u00bbmiddle\u00a0\u00bb gap=\u00a0\u00bb30&Prime; css=\u00a0\u00bb.vc_custom_1743417843623{margin-top: 30px !important;}\u00a0\u00bb][vc_column_inner width=\u00a0\u00bb1\/2&Prime;][vc_single_image image=\u00a0\u00bb9631&Prime; css=\u00a0\u00bb.vc_custom_1740068688475{padding-top: 50px !important;}\u00a0\u00bb][\/vc_column_inner][vc_column_inner width=\u00a0\u00bb1\/2&Prime; css=\u00a0\u00bb.vc_custom_1740068511571{padding-top: 50px !important;}\u00a0\u00bb][ld_fancy_heading tag=\u00a0\u00bbh4&Prime; use_custom_fonts_title=\u00a0\u00bbtrue\u00a0\u00bb]<strong>Une qualit\u00e9 d\u2019image boost\u00e9e par l\u2019I.A.<\/strong>[\/ld_fancy_heading][vc_column_text]La <strong>Platinum Flex<\/strong> garantit un excellent diagnostic, m\u00eame dans des conditions d\u2019examen complexes, gr\u00e2ce \u00e0 son traitement d\u2019image assist\u00e9 par intelligence artificielle :[\/vc_column_text][vc_column_text css=\u00a0\u00bb.vc_custom_1744101613484{padding-top: 25px !important;padding-right: 25px !important;padding-bottom: 25px !important;padding-left: 25px !important;}\u00a0\u00bb]\u2013 <strong>Images stables et robustes<\/strong> quelles que soient les conditions d&rsquo;exposition.<\/p>\n<p>\u2013 <strong>Contraste am\u00e9lior\u00e9 et suppression intelligente du bruit<\/strong>, pour une visualisation optimale des structures anatomiques.<\/p>\n<p>\u2013 <strong>Optimisation de la dose patient<\/strong>, \u00e9vitant les reprises d\u2019examen et am\u00e9liorant la s\u00e9curit\u00e9 du patient.[\/vc_column_text][\/vc_column_inner][\/vc_row_inner][\/ld_tab_section][ld_tab_section i_type=\u00a0\u00bbfontawesome\u00a0\u00bb title=\u00a0\u00bbUne interface intuitive et connect\u00e9e\u00a0\u00bb tab_id=\u00a0\u00bblqd-1614862458925-c46e393c-6495d863-59921740061976216&Prime; i_icon_fontawesome=\u00a0\u00bbfas fa-angle-down\u00a0\u00bb][vc_row_inner content_placement=\u00a0\u00bbmiddle\u00a0\u00bb gap=\u00a0\u00bb30&Prime; css=\u00a0\u00bb.vc_custom_1743417851171{margin-top: 30px !important;}\u00a0\u00bb][vc_column_inner width=\u00a0\u00bb1\/2&Prime;][vc_single_image image=\u00a0\u00bb9875&Prime; css=\u00a0\u00bb.vc_custom_1741796883706{padding-top: 50px !important;}\u00a0\u00bb][\/vc_column_inner][vc_column_inner width=\u00a0\u00bb1\/2&Prime;][ld_fancy_heading tag=\u00a0\u00bbh4&Prime; use_custom_fonts_title=\u00a0\u00bbtrue\u00a0\u00bb]<\/p>\n<h4><strong>Une interface intuitive et connect\u00e9e<\/strong><\/h4>\n<p>[\/ld_fancy_heading][vc_column_text]La <strong>Platinum Flex<\/strong> place l\u2019utilisateur et le patient au centre de l\u2019exp\u00e9rience :[\/vc_column_text][vc_column_text css=\u00a0\u00bb.vc_custom_1744101713572{padding-top: 25px !important;padding-right: 25px !important;padding-bottom: 25px !important;padding-left: 25px !important;}\u00a0\u00bb]\u2013 <strong>Interface personnalis\u00e9e et adaptative<\/strong> depuis l\u2019\u00e9cran tactile pr\u00e9sent dans la salle d\u2019examen<\/p>\n<p>\u2013 <strong>Multiples options de contr\u00f4le des mouvements<\/strong>, s\u2019adaptant aux besoins des op\u00e9rateurs.<\/p>\n<p>\u2013 <strong>Un environnement apaisant,<\/strong> avec \u00e9clairage d\u2019ambiance et musique int\u00e9gr\u00e9e, favorisant le confort du patient et du personnel m\u00e9dical.[\/vc_column_text][\/vc_column_inner][\/vc_row_inner][\/ld_tab_section][\/ld_tabs][\/vc_column][\/vc_row][vc_row css=\u00a0\u00bb.vc_custom_1739894029060{padding-top: 90px !important;padding-bottom: 50px !important;background-color: #f4f4f4 !important;}\u00a0\u00bb responsive_css=\u00a0\u00bbborder_right_medium:200px\u00a0\u00bb][vc_column][vc_single_image image=\u00a0\u00bb9734&Prime; alignment=\u00a0\u00bbcenter\u00a0\u00bb css=\u00a0\u00bb.vc_custom_1741252335674{margin-bottom: 50px !important;}\u00a0\u00bb][\/vc_column][vc_column offset=\u00a0\u00bbvc_col-lg-6 vc_col-md-7&Prime; css=\u00a0\u00bb.vc_custom_1607931989373{margin-bottom: 35px !important;}\u00a0\u00bb][vc_single_image image=\u00a0\u00bb8234&Prime; css=\u00a0\u00bb.vc_custom_1740127279720{margin-bottom: 0px !important;}\u00a0\u00bb][\/vc_column][vc_column offset=\u00a0\u00bbvc_col-lg-offset-1 vc_col-md-5&Prime;][ld_fancy_heading tag=\u00a0\u00bbh4&Prime; transform=\u00a0\u00bbtext-uppercase\u00a0\u00bb use_custom_fonts_title=\u00a0\u00bbtrue\u00a0\u00bb fs=\u00a0\u00bbtext_small:18px\u00a0\u00bb lh=\u00a0\u00bbtext_small:30px\u00a0\u00bb color=\u00a0\u00bbrgb(51, 62, 72)\u00a0\u00bb]<strong>L\u2019I.A. embarqu\u00e9e r\u00e9volutionne le workflow R\/F<\/strong>[\/ld_fancy_heading][ld_button style=\u00a0\u00bbbtn-solid\u00a0\u00bb title=\u00a0\u00bbEn savoir plus\u00a0\u00bb shape=\u00a0\u00bbround\u00a0\u00bb link=\u00a0\u00bburl:https%3A%2F%2Fwww.dms-imaging.com%2Ffr%2Fproduits-solutions%2Fadam%2F|title:ADAM||\u00a0\u00bb][\/vc_column][\/vc_row][vc_row css=\u00a0\u00bb.vc_custom_1740152168196{padding-bottom: 50px !important;background-color: #f4f4f4 !important;}\u00a0\u00bb responsive_css=\u00a0\u00bbborder_right_medium:200px\u00a0\u00bb][vc_column][vc_video link=\u00a0\u00bbhttps:\/\/youtu.be\/gw1l2BeNeOc?si=jGTmH_DR8PZKkSIb\u00a0\u00bb][\/vc_column][vc_column][ld_spacer height=\u00a0\u00bb100px\u00a0\u00bb][\/vc_column][\/vc_row][vc_row][vc_column css=\u00a0\u00bb.vc_custom_1740060668944{margin-top: 100px !important;}\u00a0\u00bb][ld_fancy_heading tag=\u00a0\u00bbh3&Prime; margin=\u00a0\u00bbbottom_all:50px|bottom_large:50px|bottom_medium:50px|bottom_small:50px\u00a0\u00bb]<strong>Vous souhaitez en savoir plus ?<\/strong>[\/ld_fancy_heading][vc_column_text]Explorez la documentation commerciale de la Platinum Flex et visitez la page d\u00e9di\u00e9e \u00e0 la suite ADAM. Contactez nos experts pour discuter de vos besoins et b\u00e9n\u00e9ficier d\u2019un accompagnement personnalis\u00e9.[\/vc_column_text][ld_spacer][vc_row_inner gap=\u00a0\u00bb5&Prime;][vc_column_inner width=\u00a0\u00bb1\/4&Prime;][ld_button style=\u00a0\u00bbbtn-default\u00a0\u00bb title=\u00a0\u00bbT\u00e9l\u00e9charger la brochure\u00a0\u00bb shape=\u00a0\u00bbround\u00a0\u00bb i_type=\u00a0\u00bbfontawesome\u00a0\u00bb i_position=\u00a0\u00bbleft\u00a0\u00bb i_add_icon=\u00a0\u00bbtrue\u00a0\u00bb link=\u00a0\u00bburl:https%3A%2F%2Fwww.dms-imaging.com%2Fwp-content%2Fuploads%2F2025%2F04%2FFlyerF_PLATINUM_FLEX_02.pdf|title:T%C3%A9l%C3%A9charger%20la%20brochure|target:%20_blank|\u00a0\u00bb i_icon_fontawesome=\u00a0\u00bbfas fa-arrow-circle-down\u00a0\u00bb][\/vc_column_inner][vc_column_inner width=\u00a0\u00bb1\/4&Prime;][ld_button style=\u00a0\u00bbbtn-default\u00a0\u00bb title=\u00a0\u00bbContactez nous\u00a0\u00bb shape=\u00a0\u00bbround\u00a0\u00bb i_type=\u00a0\u00bbfontawesome\u00a0\u00bb i_position=\u00a0\u00bbleft\u00a0\u00bb i_add_icon=\u00a0\u00bbtrue\u00a0\u00bb link=\u00a0\u00bburl:https%3A%2F%2Fwww.dms-imaging.com%2Ffr%2Fcontact%2F|title:Contact||\u00a0\u00bb i_icon_fontawesome=\u00a0\u00bbfas fa-envelope\u00a0\u00bb][\/vc_column_inner][vc_column_inner width=\u00a0\u00bb1\/4&Prime;][\/vc_column_inner][vc_column_inner width=\u00a0\u00bb1\/4&Prime;][\/vc_column_inner][\/vc_row_inner][\/vc_column][\/vc_row][vc_row][vc_column css=\u00a0\u00bb.vc_custom_1740060668944{margin-top: 100px !important;}\u00a0\u00bb][ld_fancy_heading tag=\u00a0\u00bbh3&Prime; margin=\u00a0\u00bbbottom_all:50px|bottom_large:50px|bottom_medium:50px|bottom_small:50px\u00a0\u00bb]<strong>Explorez la gamme<\/strong>[\/ld_fancy_heading][ld_carousel_tab inactiv_opacity=\u00a0\u00bb1&Prime; wraparound=\u00a0\u00bbyes\u00a0\u00bb equalheightcells=\u00a0\u00bbyes\u00a0\u00bb middlealigncontent=\u00a0\u00bbyes\u00a0\u00bb][ld_carousel_section title=\u00a0\u00bbCarousel Item\u00a0\u00bb tab_id=\u00a0\u00bblqd-1740131294895-7d5d6fb4-5dd1&Prime;][vc_single_image image=\u00a0\u00bb9993&Prime; img_size=\u00a0\u00bbmedium\u00a0\u00bb alignment=\u00a0\u00bbcenter\u00a0\u00bb onclick=\u00a0\u00bbcustom_link\u00a0\u00bb enable_link=\u00a0\u00bbenable_image_link\u00a0\u00bb enable_opacity=\u00a0\u00bbyes\u00a0\u00bb opacity=\u00a0\u00bb0.75&Prime; link=\u00a0\u00bburl:https%3A%2F%2Fwww.dms-imaging.com%2Ffr%2Fproduits-solutions%2Fadam%2F|title:ADAM||\u00a0\u00bb][\/ld_carousel_section][ld_carousel_section title=\u00a0\u00bbCarousel Item\u00a0\u00bb tab_id=\u00a0\u00bblqd-1740131294958-de9dbac7-35f2&Prime;][vc_single_image image=\u00a0\u00bb9841&Prime; img_size=\u00a0\u00bbmedium\u00a0\u00bb alignment=\u00a0\u00bbcenter\u00a0\u00bb onclick=\u00a0\u00bbcustom_link\u00a0\u00bb enable_link=\u00a0\u00bbenable_image_link\u00a0\u00bb enable_opacity=\u00a0\u00bbyes\u00a0\u00bb opacity=\u00a0\u00bb0.75&Prime; link=\u00a0\u00bburl:https%3A%2F%2Fwww.dms-imaging.com%2Ffr%2Ftables-telecommandees%2Fplatinum-neo%2F|title:Platinum%20Flex||\u00a0\u00bb][\/ld_carousel_section][ld_carousel_section title=\u00a0\u00bbCarousel Item\u00a0\u00bb tab_id=\u00a0\u00bblqd-1740131295017-e39d9d43-12cc\u00a0\u00bb][vc_single_image image=\u00a0\u00bb9837&Prime; img_size=\u00a0\u00bbmedium\u00a0\u00bb alignment=\u00a0\u00bbcenter\u00a0\u00bb onclick=\u00a0\u00bbcustom_link\u00a0\u00bb enable_link=\u00a0\u00bbenable_image_link\u00a0\u00bb enable_opacity=\u00a0\u00bbyes\u00a0\u00bb opacity=\u00a0\u00bb0.75&Prime; link=\u00a0\u00bburl:https%3A%2F%2Fwww.dms-imaging.com%2Ffr%2Ftables-telecommandees%2Foptima%2F|title:Optima||\u00a0\u00bb][\/ld_carousel_section][\/ld_carousel_tab][\/vc_column][\/vc_row][vc_row css=\u00a0\u00bb.vc_custom_1748337864642{padding-top: 50px !important;padding-bottom: 50px !important;background-color: #f4f4f4 !important;}\u00a0\u00bb responsive_css=\u00a0\u00bbborder_right_medium:200px\u00a0\u00bb][vc_column][vc_column_text]Le syst\u00e8me PLATINUM dRF est un dispositif m\u00e9dical de classe IIb fabriqu\u00e9 par Apelem et porte le marquage CE. Il est certifi\u00e9 dans l\u2019Union europ\u00e9enne en vertu de la directive 93\/42\/CEE relative aux dispositifs m\u00e9dicaux par SGS CE1639, exclusivement pour l\u2019indication du radiodiagnostic. Les autres utilisations non m\u00e9dicales attribu\u00e9es \u00e0 ce syst\u00e8me ne sont pas couvertes par la certification CE, et l\u2019utilisateur doit savoir que les performances et\/ou la s\u00e9curit\u00e9 du produit n\u2019ont pas \u00e9t\u00e9 \u00e9valu\u00e9es par SGS \u00e0 ces fins. Lisez attentivement le mode d\u2019emploi. Les photos ne sont pas contractuelles.[\/vc_column_text][\/vc_column][\/vc_row]<\/p>\n","protected":false},"excerpt":{"rendered":"<p>[vc_row content_placement=\u00a0\u00bbmiddle\u00a0\u00bb][vc_column width=\u00a0\u00bb1\/2&Prime;][vc_single_image image=\u00a0\u00bb10140&Prime;][\/vc_column][vc_column width=\u00a0\u00bb1\/2&Prime;][ld_fancy_heading tag=\u00a0\u00bbh6&Prime;]TABLES T\u00c9L\u00c9COMMAND\u00c9ES[\/ld_fancy_heading][ld_fancy_heading tag=\u00a0\u00bbh2&Prime; ca_init_scale_x=\u00a0\u00bb1&Prime; ca_init_scale_y=\u00a0\u00bb1&Prime; ca_init_opacity=\u00a0\u00bb1&Prime; ca_an_scale_x=\u00a0\u00bb1&Prime; ca_an_scale_y=\u00a0\u00bb1&Prime; ca_an_opacity=\u00a0\u00bb1&Prime; use_custom_fonts_title=\u00a0\u00bbtrue\u00a0\u00bb enable_split=\u00a0\u00bbtrue\u00a0\u00bb enable_fit=\u00a0\u00bbtrue\u00a0\u00bb margin=\u00a0\u00bbbottom_small:0.6em\u00a0\u00bb minfontsize=\u00a0\u00bb38&Prime; fs=\u00a0\u00bbtext_large:43px|text_small:38px\u00a0\u00bb]PLATINUM FLEX[\/ld_fancy_heading][vc_column_text]Exigez l\u2019excellence d\u2019une solution R\/F haut de gamme d\u2019une flexibilit\u00e9 absolue[\/vc_column_text][ld_spacer][vc_column_text]D\u00e9couvrez la Platinum Flex, une table t\u00e9l\u00e9command\u00e9e haut de gamme qui allie polyvalence et intelligence, avec une fonctionnalit\u00e9 cl\u00e9 : son d\u00e9tecteur extractible. Contrairement \u00e0 [&hellip;]<\/p>\n","protected":false},"author":3,"featured_media":0,"parent":6717,"menu_order":0,"comment_status":"closed","ping_status":"closed","template":"","meta":{"footnotes":""},"class_list":["post-10272","page","type-page","status-publish","hentry"],"yoast_head":"<!-- This site is optimized with the Yoast SEO plugin v26.8 - https:\/\/yoast.com\/product\/yoast-seo-wordpress\/ -->\n<title>Platinum Flex &#8212; DMS Imaging<\/title>\n<meta name=\"description\" content=\"Exigez l\u2019excellence d\u2019une solution R\/F haut-de-gamme d\u2019une flexibilit\u00e9 absolue\" \/>\n<meta name=\"robots\" content=\"index, follow, max-snippet:-1, max-image-preview:large, max-video-preview:-1\" \/>\n<link rel=\"canonical\" href=\"https:\/\/www.dms-imaging.com\/fr\/tables-telecommandees\/platinum-flex\/\" \/>\n<meta property=\"og:locale\" content=\"fr_FR\" \/>\n<meta property=\"og:type\" content=\"article\" \/>\n<meta property=\"og:title\" content=\"Platinum Flex &#8212; DMS Imaging\" \/>\n<meta property=\"og:description\" content=\"Exigez l\u2019excellence d\u2019une solution R\/F haut-de-gamme d\u2019une flexibilit\u00e9 absolue\" \/>\n<meta property=\"og:url\" content=\"https:\/\/www.dms-imaging.com\/fr\/tables-telecommandees\/platinum-flex\/\" \/>\n<meta property=\"og:site_name\" content=\"DMS Imaging\" \/>\n<meta property=\"article:modified_time\" content=\"2025-11-28T14:58:01+00:00\" \/>\n<meta name=\"twitter:card\" content=\"summary_large_image\" \/>\n<meta name=\"twitter:label1\" content=\"Dur\u00e9e de lecture estim\u00e9e\" \/>\n\t<meta name=\"twitter:data1\" content=\"4 minutes\" \/>\n<script type=\"application\/ld+json\" class=\"yoast-schema-graph\">{\"@context\":\"https:\/\/schema.org\",\"@graph\":[{\"@type\":\"WebPage\",\"@id\":\"https:\/\/www.dms-imaging.com\/fr\/tables-telecommandees\/platinum-flex\/\",\"url\":\"https:\/\/www.dms-imaging.com\/fr\/tables-telecommandees\/platinum-flex\/\",\"name\":\"Platinum Flex &#8212; DMS Imaging\",\"isPartOf\":{\"@id\":\"https:\/\/www.dms-imaging.com\/#website\"},\"datePublished\":\"2025-03-12T16:28:05+00:00\",\"dateModified\":\"2025-11-28T14:58:01+00:00\",\"description\":\"Exigez l\u2019excellence d\u2019une solution R\/F haut-de-gamme d\u2019une flexibilit\u00e9 absolue\",\"breadcrumb\":{\"@id\":\"https:\/\/www.dms-imaging.com\/fr\/tables-telecommandees\/platinum-flex\/#breadcrumb\"},\"inLanguage\":\"fr-FR\",\"potentialAction\":[{\"@type\":\"ReadAction\",\"target\":[\"https:\/\/www.dms-imaging.com\/fr\/tables-telecommandees\/platinum-flex\/\"]}]},{\"@type\":\"BreadcrumbList\",\"@id\":\"https:\/\/www.dms-imaging.com\/fr\/tables-telecommandees\/platinum-flex\/#breadcrumb\",\"itemListElement\":[{\"@type\":\"ListItem\",\"position\":1,\"name\":\"Home\",\"item\":\"https:\/\/www.dms-imaging.com\/fr\/\"},{\"@type\":\"ListItem\",\"position\":2,\"name\":\"Tables t\u00e9l\u00e9command\u00e9es\",\"item\":\"https:\/\/www.dms-imaging.com\/fr\/tables-telecommandees\/\"},{\"@type\":\"ListItem\",\"position\":3,\"name\":\"Platinum Flex\"}]},{\"@type\":\"WebSite\",\"@id\":\"https:\/\/www.dms-imaging.com\/#website\",\"url\":\"https:\/\/www.dms-imaging.com\/\",\"name\":\"DMS Imaging\",\"description\":\"DMS Imaging is focused on the development, design and manufacturing of medical imaging systems mainly for digital radiology and bone densitometry.\",\"publisher\":{\"@id\":\"https:\/\/www.dms-imaging.com\/#organization\"},\"potentialAction\":[{\"@type\":\"SearchAction\",\"target\":{\"@type\":\"EntryPoint\",\"urlTemplate\":\"https:\/\/www.dms-imaging.com\/?s={search_term_string}\"},\"query-input\":{\"@type\":\"PropertyValueSpecification\",\"valueRequired\":true,\"valueName\":\"search_term_string\"}}],\"inLanguage\":\"fr-FR\"},{\"@type\":\"Organization\",\"@id\":\"https:\/\/www.dms-imaging.com\/#organization\",\"name\":\"DMS Imaging\",\"url\":\"https:\/\/www.dms-imaging.com\/\",\"logo\":{\"@type\":\"ImageObject\",\"inLanguage\":\"fr-FR\",\"@id\":\"https:\/\/www.dms-imaging.com\/#\/schema\/logo\/image\/\",\"url\":\"https:\/\/dms-imaging.com\/wp-content\/uploads\/2023\/06\/imaging-blanc-MASK.png\",\"contentUrl\":\"https:\/\/dms-imaging.com\/wp-content\/uploads\/2023\/06\/imaging-blanc-MASK.png\",\"width\":2000,\"height\":578,\"caption\":\"DMS Imaging\"},\"image\":{\"@id\":\"https:\/\/www.dms-imaging.com\/#\/schema\/logo\/image\/\"},\"sameAs\":[\"https:\/\/www.linkedin.com\/company\/dmsimaging\/\"]}]}<\/script>\n<!-- \/ Yoast SEO plugin. -->","yoast_head_json":{"title":"Platinum Flex &#8212; DMS Imaging","description":"Exigez l\u2019excellence d\u2019une solution R\/F haut-de-gamme d\u2019une flexibilit\u00e9 absolue","robots":{"index":"index","follow":"follow","max-snippet":"max-snippet:-1","max-image-preview":"max-image-preview:large","max-video-preview":"max-video-preview:-1"},"canonical":"https:\/\/www.dms-imaging.com\/fr\/tables-telecommandees\/platinum-flex\/","og_locale":"fr_FR","og_type":"article","og_title":"Platinum Flex &#8212; DMS Imaging","og_description":"Exigez l\u2019excellence d\u2019une solution R\/F haut-de-gamme d\u2019une flexibilit\u00e9 absolue","og_url":"https:\/\/www.dms-imaging.com\/fr\/tables-telecommandees\/platinum-flex\/","og_site_name":"DMS Imaging","article_modified_time":"2025-11-28T14:58:01+00:00","twitter_card":"summary_large_image","twitter_misc":{"Dur\u00e9e de lecture estim\u00e9e":"4 minutes"},"schema":{"@context":"https:\/\/schema.org","@graph":[{"@type":"WebPage","@id":"https:\/\/www.dms-imaging.com\/fr\/tables-telecommandees\/platinum-flex\/","url":"https:\/\/www.dms-imaging.com\/fr\/tables-telecommandees\/platinum-flex\/","name":"Platinum Flex &#8212; DMS Imaging","isPartOf":{"@id":"https:\/\/www.dms-imaging.com\/#website"},"datePublished":"2025-03-12T16:28:05+00:00","dateModified":"2025-11-28T14:58:01+00:00","description":"Exigez l\u2019excellence d\u2019une solution R\/F haut-de-gamme d\u2019une flexibilit\u00e9 absolue","breadcrumb":{"@id":"https:\/\/www.dms-imaging.com\/fr\/tables-telecommandees\/platinum-flex\/#breadcrumb"},"inLanguage":"fr-FR","potentialAction":[{"@type":"ReadAction","target":["https:\/\/www.dms-imaging.com\/fr\/tables-telecommandees\/platinum-flex\/"]}]},{"@type":"BreadcrumbList","@id":"https:\/\/www.dms-imaging.com\/fr\/tables-telecommandees\/platinum-flex\/#breadcrumb","itemListElement":[{"@type":"ListItem","position":1,"name":"Home","item":"https:\/\/www.dms-imaging.com\/fr\/"},{"@type":"ListItem","position":2,"name":"Tables t\u00e9l\u00e9command\u00e9es","item":"https:\/\/www.dms-imaging.com\/fr\/tables-telecommandees\/"},{"@type":"ListItem","position":3,"name":"Platinum Flex"}]},{"@type":"WebSite","@id":"https:\/\/www.dms-imaging.com\/#website","url":"https:\/\/www.dms-imaging.com\/","name":"DMS Imaging","description":"DMS Imaging is focused on the development, design and manufacturing of medical imaging systems mainly for digital radiology and bone densitometry.","publisher":{"@id":"https:\/\/www.dms-imaging.com\/#organization"},"potentialAction":[{"@type":"SearchAction","target":{"@type":"EntryPoint","urlTemplate":"https:\/\/www.dms-imaging.com\/?s={search_term_string}"},"query-input":{"@type":"PropertyValueSpecification","valueRequired":true,"valueName":"search_term_string"}}],"inLanguage":"fr-FR"},{"@type":"Organization","@id":"https:\/\/www.dms-imaging.com\/#organization","name":"DMS Imaging","url":"https:\/\/www.dms-imaging.com\/","logo":{"@type":"ImageObject","inLanguage":"fr-FR","@id":"https:\/\/www.dms-imaging.com\/#\/schema\/logo\/image\/","url":"https:\/\/dms-imaging.com\/wp-content\/uploads\/2023\/06\/imaging-blanc-MASK.png","contentUrl":"https:\/\/dms-imaging.com\/wp-content\/uploads\/2023\/06\/imaging-blanc-MASK.png","width":2000,"height":578,"caption":"DMS Imaging"},"image":{"@id":"https:\/\/www.dms-imaging.com\/#\/schema\/logo\/image\/"},"sameAs":["https:\/\/www.linkedin.com\/company\/dmsimaging\/"]}]}},"jetpack_sharing_enabled":true,"_links":{"self":[{"href":"https:\/\/www.dms-imaging.com\/fr\/wp-json\/wp\/v2\/pages\/10272","targetHints":{"allow":["GET"]}}],"collection":[{"href":"https:\/\/www.dms-imaging.com\/fr\/wp-json\/wp\/v2\/pages"}],"about":[{"href":"https:\/\/www.dms-imaging.com\/fr\/wp-json\/wp\/v2\/types\/page"}],"author":[{"embeddable":true,"href":"https:\/\/www.dms-imaging.com\/fr\/wp-json\/wp\/v2\/users\/3"}],"replies":[{"embeddable":true,"href":"https:\/\/www.dms-imaging.com\/fr\/wp-json\/wp\/v2\/comments?post=10272"}],"version-history":[{"count":15,"href":"https:\/\/www.dms-imaging.com\/fr\/wp-json\/wp\/v2\/pages\/10272\/revisions"}],"predecessor-version":[{"id":11420,"href":"https:\/\/www.dms-imaging.com\/fr\/wp-json\/wp\/v2\/pages\/10272\/revisions\/11420"}],"up":[{"embeddable":true,"href":"https:\/\/www.dms-imaging.com\/fr\/wp-json\/wp\/v2\/pages\/6717"}],"wp:attachment":[{"href":"https:\/\/www.dms-imaging.com\/fr\/wp-json\/wp\/v2\/media?parent=10272"}],"curies":[{"name":"wp","href":"https:\/\/api.w.org\/{rel}","templated":true}]}}