{"id":10284,"date":"2025-03-13T09:29:04","date_gmt":"2025-03-13T08:29:04","guid":{"rendered":"https:\/\/www.dms-imaging.com\/?page_id=10284"},"modified":"2025-11-28T15:58:28","modified_gmt":"2025-11-28T14:58:28","slug":"optima","status":"publish","type":"page","link":"https:\/\/www.dms-imaging.com\/fr\/tables-telecommandees\/optima\/","title":{"rendered":"Optima"},"content":{"rendered":"<p>[vc_row content_placement=\u00a0\u00bbmiddle\u00a0\u00bb][vc_column width=\u00a0\u00bb1\/2&Prime;][vc_single_image image=\u00a0\u00bb9837&Prime;][\/vc_column][vc_column width=\u00a0\u00bb1\/2&Prime;][ld_fancy_heading tag=\u00a0\u00bbh6&Prime;]TABLES T\u00c9L\u00c9COMMAND\u00c9ES[\/ld_fancy_heading][ld_fancy_heading tag=\u00a0\u00bbh2&Prime; ca_init_scale_x=\u00a0\u00bb1&Prime; ca_init_scale_y=\u00a0\u00bb1&Prime; ca_init_opacity=\u00a0\u00bb1&Prime; ca_an_scale_x=\u00a0\u00bb1&Prime; ca_an_scale_y=\u00a0\u00bb1&Prime; ca_an_opacity=\u00a0\u00bb1&Prime; use_custom_fonts_title=\u00a0\u00bbtrue\u00a0\u00bb enable_split=\u00a0\u00bbtrue\u00a0\u00bb enable_fit=\u00a0\u00bbtrue\u00a0\u00bb margin=\u00a0\u00bbbottom_small:0.6em\u00a0\u00bb minfontsize=\u00a0\u00bb38&Prime; fs=\u00a0\u00bbtext_large:43px|text_small:38px\u00a0\u00bb]<strong>OPTIMA<\/strong>[\/ld_fancy_heading][vc_column_text]<strong>Un \u00e9quilibre parfait entre performance et accessibilit\u00e9.<\/strong>[\/vc_column_text][ld_spacer][vc_column_text]D\u00e9couvrez l\u2019<strong>Optima<\/strong>, une table t\u00e9l\u00e9command\u00e9e robuste et performante, con\u00e7ue pour offrir une solution d\u2019imagerie de haute qualit\u00e9 pour les examens de radiographie et de fluoroscopie \u00e0 un co\u00fbt ma\u00eetris\u00e9. Issue de la m\u00eame plateforme technologique que la Platinum, elle b\u00e9n\u00e9ficie de nombreuses fonctionnalit\u00e9s avanc\u00e9es tout en restant accessible aux budgets plus serr\u00e9s.<\/p>\n<p>Dot\u00e9e d\u2019une ergonomie \u00e9tudi\u00e9e et d\u2019un workflow optimis\u00e9, l\u2019Optima garantit une exp\u00e9rience fluide pour les op\u00e9rateurs et un confort accru pour les patients. Associ\u00e9e au logiciel d\u2019acquisition <strong>ADAM<\/strong>, elle permet une gestion efficace des examens, tout en maintenant une qualit\u00e9 d\u2019image optimale et une dose ma\u00eetris\u00e9e.[\/vc_column_text][\/vc_column][\/vc_row][vc_row content_placement=\u00a0\u00bbmiddle\u00a0\u00bb css=\u00a0\u00bb.vc_custom_1740063306360{padding-top: 40px !important;}\u00a0\u00bb responsive_css=\u00a0\u00bbpadding_bottom_medium:90px\u00a0\u00bb][vc_column][ld_tabs style=\u00a0\u00bbstyle04&Prime; use_custom_fonts_nav=\u00a0\u00bbtrue\u00a0\u00bb text_color=\u00a0\u00bbrgb(51, 62, 72)\u00a0\u00bb primary_hcolor=\u00a0\u00bbrgb(0, 77, 182)\u00a0\u00bb text_hcolor=\u00a0\u00bbrgb(0, 77, 182)\u00a0\u00bb lh=\u00a0\u00bb1.5em\u00a0\u00bb][ld_tab_section i_type=\u00a0\u00bbfontawesome\u00a0\u00bb title=\u00a0\u00bbL&rsquo;innovation \u00e0 port\u00e9e de main\u00a0\u00bb tab_id=\u00a0\u00bblqd-1614861316206-07e6646b-032fd863-59921740061976216&Prime; i_icon_fontawesome=\u00a0\u00bbfas fa-angle-down\u00a0\u00bb][vc_row_inner content_placement=\u00a0\u00bbmiddle\u00a0\u00bb gap=\u00a0\u00bb30&Prime; css=\u00a0\u00bb.vc_custom_1743419007487{margin-top: 30px !important;}\u00a0\u00bb][vc_column_inner width=\u00a0\u00bb1\/2&Prime; css=\u00a0\u00bb.vc_custom_1740068511571{padding-top: 50px !important;}\u00a0\u00bb][ld_fancy_heading tag=\u00a0\u00bbh4&Prime; use_custom_fonts_title=\u00a0\u00bbtrue\u00a0\u00bb]<strong>L&rsquo;innovation \u00e0 port\u00e9e de main<\/strong>[\/ld_fancy_heading][vc_column_text]L\u2019Optima reprend les caract\u00e9ristiques essentielles de la table haut de gamme Platinum, tout en proposant une alternative plus \u00e9conomique :[\/vc_column_text][vc_column_text css=\u00a0\u00bb.vc_custom_1744104067582{padding-top: 25px !important;padding-right: 25px !important;padding-bottom: 25px !important;padding-left: 25px !important;}\u00a0\u00bb]<strong>\u2013 <\/strong><strong>Technologie \u00e9prouv\u00e9e<\/strong>, issue du d\u00e9veloppement de la Platinum.<\/p>\n<p><strong>\u2013 <\/strong><strong>Mouvements enti\u00e8rement motoris\u00e9s<\/strong>, garantissant un workflow fluide et rapide.<\/p>\n<p><strong>\u2013 <\/strong><strong>Ergonomie optimis\u00e9e<\/strong>, avec une interface pens\u00e9e pour simplifier le travail des op\u00e9rateurs.<\/p>\n<p><strong>\u2013\u00a0<\/strong><strong>Possibilit\u00e9 de r\u00e9aliser une large gamme d\u2019examens<\/strong>, de la radiographie standard aux examens dynamiques en fluoroscopie.[\/vc_column_text][vc_column_text]Une solution fiable et performante, parfaitement adapt\u00e9e aux <strong>services de radiologie exigeants, \u00e0 la recherche d\u2019un excellent rapport qualit\u00e9\/prix<\/strong>.[\/vc_column_text][\/vc_column_inner][vc_column_inner width=\u00a0\u00bb1\/2&Prime;][vc_single_image image=\u00a0\u00bb10017&Prime; css=\u00a0\u00bb.vc_custom_1743419405423{padding-top: 50px !important;}\u00a0\u00bb][\/vc_column_inner][\/vc_row_inner][\/ld_tab_section][ld_tab_section i_type=\u00a0\u00bbfontawesome\u00a0\u00bb title=\u00a0\u00bbUne m\u00e9canique fiable et con\u00e7ue pour durer\u00a0\u00bb tab_id=\u00a0\u00bblqd-1614862432834-a65382b6-6ba3d863-59921740061976216&Prime; i_icon_fontawesome=\u00a0\u00bbfas fa-angle-down\u00a0\u00bb][vc_row_inner content_placement=\u00a0\u00bbmiddle\u00a0\u00bb gap=\u00a0\u00bb30&Prime; css=\u00a0\u00bb.vc_custom_1743419013526{margin-top: 30px !important;}\u00a0\u00bb][vc_column_inner width=\u00a0\u00bb1\/2&Prime;][vc_single_image image=\u00a0\u00bb7738&Prime; css=\u00a0\u00bb.vc_custom_1741854469933{padding-top: 50px !important;}\u00a0\u00bb][\/vc_column_inner][vc_column_inner width=\u00a0\u00bb1\/2&Prime; css=\u00a0\u00bb.vc_custom_1740068511571{padding-top: 50px !important;}\u00a0\u00bb][ld_fancy_heading tag=\u00a0\u00bbh4&Prime; use_custom_fonts_title=\u00a0\u00bbtrue\u00a0\u00bb]<strong>Une m\u00e9canique fiable et con\u00e7ue pour durer<\/strong>[\/ld_fancy_heading][vc_column_text]L\u2019<strong>Optima<\/strong> a \u00e9t\u00e9 con\u00e7ue pour allier robustesse et facilit\u00e9 d\u2019utilisation, avec des caract\u00e9ristiques m\u00e9caniques avanc\u00e9es :[\/vc_column_text][vc_column_text css=\u00a0\u00bb.vc_custom_1744105503793{padding-top: 25px !important;padding-right: 25px !important;padding-bottom: 25px !important;padding-left: 25px !important;}\u00a0\u00bb]<strong>\u2013 <\/strong><strong>Mouvement de basculement motoris\u00e9<\/strong> de +90\u00b0 \u00e0 -30\u00b0<\/p>\n<p><strong>\u2013 <\/strong>Table \u00e0 hauteur fixe de <strong>79 cm<\/strong> permettant d\u2019accueillir tous type de patients<\/p>\n<p><strong>\u2013 <\/strong><strong>Plateau spacieux<\/strong>, offrant un confort optimal au patient et une couverture d\u2019examen \u00e9tendue<\/p>\n<p><strong>\u2013 <\/strong><strong>Conception compacte<\/strong>, facilitant l\u2019int\u00e9gration dans tous types de salles d\u2019examen.[\/vc_column_text][vc_column_text]Gr\u00e2ce \u00e0 ces caract\u00e9ristiques, l\u2019<strong>Optima<\/strong> garantit une <strong>long\u00e9vit\u00e9 et fiabilit\u00e9<\/strong>, r\u00e9duisant ainsi les co\u00fbts tout en assurant des performances constantes.[\/vc_column_text][\/vc_column_inner][\/vc_row_inner][\/ld_tab_section][ld_tab_section i_type=\u00a0\u00bbfontawesome\u00a0\u00bb title=\u00a0\u00bbUne exp\u00e9rience optimis\u00e9e avec ADAM\u00a0\u00bb tab_id=\u00a0\u00bblqd-1614862458925-c46e393c-6495d863-59921740061976216&Prime; i_icon_fontawesome=\u00a0\u00bbfas fa-angle-down\u00a0\u00bb][vc_row_inner][vc_column_inner css=\u00a0\u00bb.vc_custom_1741855462741{padding-top: 50px !important;}\u00a0\u00bb][ld_fancy_heading tag=\u00a0\u00bbh4&Prime; use_custom_fonts_title=\u00a0\u00bbtrue\u00a0\u00bb]<strong>Une exp\u00e9rience optimis\u00e9e avec ADAM<\/strong>[\/ld_fancy_heading][vc_column_text]L\u2019int\u00e9gration du logiciel <strong>ADAM<\/strong> sur l\u2019<strong>Optima<\/strong> permet de b\u00e9n\u00e9ficier d\u2019un workflow intuitif et performant :[\/vc_column_text][\/vc_column_inner][\/vc_row_inner][vc_row_inner content_placement=\u00a0\u00bbtop\u00a0\u00bb gap=\u00a0\u00bb30&Prime; css=\u00a0\u00bb.vc_custom_1740068538125{margin-top: 30px !important;}\u00a0\u00bb][vc_column_inner width=\u00a0\u00bb1\/2&Prime;][vc_column_text css=\u00a0\u00bb.vc_custom_1744637528107{padding-right: 25px !important;padding-bottom: 25px !important;padding-left: 25px !important;}\u00a0\u00bb]<strong>\u2013 Interface moderne et personnalisable<\/strong>, parfaitement adapt\u00e9e aux besoins des utilisateurs.<\/p>\n<p><strong>\u2013<\/strong>\u00a0<strong>Automatisation avanc\u00e9e<\/strong>, avec un positionnement intelligent du patient et des param\u00e8tres d\u2019exposition optimis\u00e9s.<\/p>\n<p><strong>\u2013 Gestion fluide des examens<\/strong>, r\u00e9duisant le temps de manipulation et augmentant la productivit\u00e9.<\/p>\n<p>\u2013 <strong>Optimisation de la dose<\/strong>, garantissant une qualit\u00e9 d\u2019image optimale tout en minimisant l\u2019exposition des patients.[\/vc_column_text][vc_column_text]Avec <strong>ADAM<\/strong>, l\u2019<strong>Optima<\/strong> devient une solution <strong>efficace et accessible<\/strong>, offrant des outils puissants pour une gestion simplifi\u00e9e du workflow radiologique.[\/vc_column_text][\/vc_column_inner][vc_column_inner width=\u00a0\u00bb1\/2&Prime;][vc_single_image image=\u00a0\u00bb9631&Prime; css=\u00a0\u00bb.vc_custom_1741876704116{padding-top: 25px !important;}\u00a0\u00bb][\/vc_column_inner][\/vc_row_inner][\/ld_tab_section][\/ld_tabs][\/vc_column][\/vc_row][vc_row css=\u00a0\u00bb.vc_custom_1739894029060{padding-top: 90px !important;padding-bottom: 50px !important;background-color: #f4f4f4 !important;}\u00a0\u00bb responsive_css=\u00a0\u00bbborder_right_medium:200px\u00a0\u00bb][vc_column][vc_single_image image=\u00a0\u00bb9734&Prime; alignment=\u00a0\u00bbcenter\u00a0\u00bb css=\u00a0\u00bb.vc_custom_1741252335674{margin-bottom: 50px !important;}\u00a0\u00bb][\/vc_column][vc_column offset=\u00a0\u00bbvc_col-lg-6 vc_col-md-7&Prime; css=\u00a0\u00bb.vc_custom_1607931989373{margin-bottom: 35px !important;}\u00a0\u00bb][vc_single_image image=\u00a0\u00bb8234&Prime; css=\u00a0\u00bb.vc_custom_1740127279720{margin-bottom: 0px !important;}\u00a0\u00bb][\/vc_column][vc_column offset=\u00a0\u00bbvc_col-lg-offset-1 vc_col-md-5&Prime;][ld_fancy_heading tag=\u00a0\u00bbh4&Prime; use_custom_fonts_title=\u00a0\u00bbtrue\u00a0\u00bb fs=\u00a0\u00bbtext_small:18px\u00a0\u00bb lh=\u00a0\u00bbtext_small:30px\u00a0\u00bb color=\u00a0\u00bbrgb(51, 62, 72)\u00a0\u00bb]<strong>L\u2019I.A. embarqu\u00e9e r\u00e9volutionne le workflow R\/F<\/strong>[\/ld_fancy_heading][ld_button style=\u00a0\u00bbbtn-solid\u00a0\u00bb title=\u00a0\u00bbEn savoir plus\u00a0\u00bb shape=\u00a0\u00bbround\u00a0\u00bb link=\u00a0\u00bburl:https%3A%2F%2Fwww.dms-imaging.com%2Ffr%2Fproduits-solutions%2Fadam%2F|title:ADAM||\u00a0\u00bb][\/vc_column][\/vc_row][vc_row css=\u00a0\u00bb.vc_custom_1740152168196{padding-bottom: 50px !important;background-color: #f4f4f4 !important;}\u00a0\u00bb responsive_css=\u00a0\u00bbborder_right_medium:200px\u00a0\u00bb][vc_column][vc_video link=\u00a0\u00bbhttps:\/\/youtu.be\/gw1l2BeNeOc?si=jGTmH_DR8PZKkSIb\u00a0\u00bb][\/vc_column][vc_column][ld_spacer height=\u00a0\u00bb100px\u00a0\u00bb][\/vc_column][\/vc_row][vc_row][vc_column css=\u00a0\u00bb.vc_custom_1740060668944{margin-top: 100px !important;}\u00a0\u00bb][ld_fancy_heading tag=\u00a0\u00bbh3&Prime; margin=\u00a0\u00bbbottom_all:50px|bottom_large:50px|bottom_medium:50px|bottom_small:50px\u00a0\u00bb]<strong>Vous souhaitez en savoir plus ?<\/strong>[\/ld_fancy_heading][vc_column_text]Explorez la documentation commerciale de l&rsquo;Optima et visitez la page d\u00e9di\u00e9e \u00e0 la suite ADAM. Contactez nos experts pour discuter de vos besoins et b\u00e9n\u00e9ficier d\u2019un accompagnement personnalis\u00e9.[\/vc_column_text][ld_spacer][vc_row_inner gap=\u00a0\u00bb5&Prime;][vc_column_inner width=\u00a0\u00bb1\/4&Prime;][ld_button style=\u00a0\u00bbbtn-default\u00a0\u00bb title=\u00a0\u00bbT\u00e9l\u00e9charger la brochure\u00a0\u00bb shape=\u00a0\u00bbround\u00a0\u00bb i_type=\u00a0\u00bbfontawesome\u00a0\u00bb i_position=\u00a0\u00bbleft\u00a0\u00bb i_add_icon=\u00a0\u00bbtrue\u00a0\u00bb link=\u00a0\u00bburl:https%3A%2F%2Fwww.dms-imaging.com%2Fwp-content%2Fuploads%2F2025%2F04%2FBrochureF_TABLESTELECOMMANDEES_03.pdf|title:T%C3%A9l%C3%A9charger%20la%20brochure|target:%20_blank|\u00a0\u00bb i_icon_fontawesome=\u00a0\u00bbfas fa-arrow-circle-down\u00a0\u00bb][\/vc_column_inner][vc_column_inner width=\u00a0\u00bb1\/4&Prime;][ld_button style=\u00a0\u00bbbtn-default\u00a0\u00bb title=\u00a0\u00bbContactez nous\u00a0\u00bb shape=\u00a0\u00bbround\u00a0\u00bb i_type=\u00a0\u00bbfontawesome\u00a0\u00bb i_position=\u00a0\u00bbleft\u00a0\u00bb i_add_icon=\u00a0\u00bbtrue\u00a0\u00bb link=\u00a0\u00bburl:https%3A%2F%2Fwww.dms-imaging.com%2Ffr%2Fcontact%2F|title:Contact||\u00a0\u00bb i_icon_fontawesome=\u00a0\u00bbfas fa-envelope\u00a0\u00bb][\/vc_column_inner][vc_column_inner width=\u00a0\u00bb1\/4&Prime;][\/vc_column_inner][vc_column_inner width=\u00a0\u00bb1\/4&Prime;][\/vc_column_inner][\/vc_row_inner][\/vc_column][\/vc_row][vc_row][vc_column css=\u00a0\u00bb.vc_custom_1740060668944{margin-top: 100px !important;}\u00a0\u00bb][ld_fancy_heading tag=\u00a0\u00bbh3&Prime; margin=\u00a0\u00bbbottom_all:50px|bottom_large:50px|bottom_medium:50px|bottom_small:50px\u00a0\u00bb]<strong>Explorez la gamme<\/strong>[\/ld_fancy_heading][ld_carousel_tab inactiv_opacity=\u00a0\u00bb1&Prime; wraparound=\u00a0\u00bbyes\u00a0\u00bb equalheightcells=\u00a0\u00bbyes\u00a0\u00bb middlealigncontent=\u00a0\u00bbyes\u00a0\u00bb][ld_carousel_section title=\u00a0\u00bbCarousel Item\u00a0\u00bb tab_id=\u00a0\u00bblqd-1740131294895-7d5d6fb4-5dd1&Prime;][vc_single_image image=\u00a0\u00bb9993&Prime; img_size=\u00a0\u00bbmedium\u00a0\u00bb alignment=\u00a0\u00bbcenter\u00a0\u00bb onclick=\u00a0\u00bbcustom_link\u00a0\u00bb enable_link=\u00a0\u00bbenable_image_link\u00a0\u00bb enable_opacity=\u00a0\u00bbyes\u00a0\u00bb opacity=\u00a0\u00bb0.75&Prime; link=\u00a0\u00bburl:https%3A%2F%2Fwww.dms-imaging.com%2Ffr%2Fproduits-solutions%2Fadam%2F|title:ADAM||\u00a0\u00bb][\/ld_carousel_section][ld_carousel_section title=\u00a0\u00bbCarousel Item\u00a0\u00bb tab_id=\u00a0\u00bblqd-1740131294958-de9dbac7-35f2&Prime;][vc_single_image image=\u00a0\u00bb9841&Prime; img_size=\u00a0\u00bbmedium\u00a0\u00bb alignment=\u00a0\u00bbcenter\u00a0\u00bb onclick=\u00a0\u00bbcustom_link\u00a0\u00bb enable_link=\u00a0\u00bbenable_image_link\u00a0\u00bb enable_opacity=\u00a0\u00bbyes\u00a0\u00bb opacity=\u00a0\u00bb0.75&Prime; link=\u00a0\u00bburl:https%3A%2F%2Fwww.dms-imaging.com%2Ffr%2Ftables-telecommandees%2Fplatinum-neo%2F|title:Platinum%20Neo||\u00a0\u00bb][\/ld_carousel_section][ld_carousel_section title=\u00a0\u00bbCarousel Item\u00a0\u00bb tab_id=\u00a0\u00bblqd-1740131295017-e39d9d43-12cc\u00a0\u00bb][vc_single_image image=\u00a0\u00bb10028&Prime; img_size=\u00a0\u00bbmedium\u00a0\u00bb alignment=\u00a0\u00bbcenter\u00a0\u00bb onclick=\u00a0\u00bbcustom_link\u00a0\u00bb enable_link=\u00a0\u00bbenable_image_link\u00a0\u00bb enable_opacity=\u00a0\u00bbyes\u00a0\u00bb opacity=\u00a0\u00bb0.75&Prime; link=\u00a0\u00bburl:https%3A%2F%2Fwww.dms-imaging.com%2Ffr%2Ftables-telecommandees%2Fplatinum-flex%2F|title:Platinum%20Flex||\u00a0\u00bb][\/ld_carousel_section][\/ld_carousel_tab][\/vc_column][\/vc_row][vc_row css=\u00a0\u00bb.vc_custom_1748337864642{padding-top: 50px !important;padding-bottom: 50px !important;background-color: #f4f4f4 !important;}\u00a0\u00bb responsive_css=\u00a0\u00bbborder_right_medium:200px\u00a0\u00bb][vc_column][vc_column_text]Le syst\u00e8me Optima est un dispositif m\u00e9dical de classe IIb fabriqu\u00e9 par Apelem et porte le marquage CE. Il est certifi\u00e9 dans l\u2019Union europ\u00e9enne en vertu de la directive 93\/42\/CEE relative aux dispositifs m\u00e9dicaux par SGS CE1639, exclusivement pour l\u2019indication du radiodiagnostic. Les autres utilisations non m\u00e9dicales attribu\u00e9es \u00e0 ce syst\u00e8me ne sont pas couvertes par la certification CE, et l\u2019utilisateur doit savoir que les performances et\/ou la s\u00e9curit\u00e9 du produit n\u2019ont pas \u00e9t\u00e9 \u00e9valu\u00e9es par SGS \u00e0 ces fins. Lisez attentivement le mode d\u2019emploi. Les photos ne sont pas contractuelles.[\/vc_column_text][\/vc_column][\/vc_row]<\/p>\n","protected":false},"excerpt":{"rendered":"<p>[vc_row content_placement=\u00a0\u00bbmiddle\u00a0\u00bb][vc_column width=\u00a0\u00bb1\/2&Prime;][vc_single_image image=\u00a0\u00bb9837&Prime;][\/vc_column][vc_column width=\u00a0\u00bb1\/2&Prime;][ld_fancy_heading tag=\u00a0\u00bbh6&Prime;]TABLES T\u00c9L\u00c9COMMAND\u00c9ES[\/ld_fancy_heading][ld_fancy_heading tag=\u00a0\u00bbh2&Prime; ca_init_scale_x=\u00a0\u00bb1&Prime; ca_init_scale_y=\u00a0\u00bb1&Prime; ca_init_opacity=\u00a0\u00bb1&Prime; ca_an_scale_x=\u00a0\u00bb1&Prime; ca_an_scale_y=\u00a0\u00bb1&Prime; ca_an_opacity=\u00a0\u00bb1&Prime; use_custom_fonts_title=\u00a0\u00bbtrue\u00a0\u00bb enable_split=\u00a0\u00bbtrue\u00a0\u00bb enable_fit=\u00a0\u00bbtrue\u00a0\u00bb margin=\u00a0\u00bbbottom_small:0.6em\u00a0\u00bb minfontsize=\u00a0\u00bb38&Prime; fs=\u00a0\u00bbtext_large:43px|text_small:38px\u00a0\u00bb]OPTIMA[\/ld_fancy_heading][vc_column_text]Un \u00e9quilibre parfait entre performance et accessibilit\u00e9.[\/vc_column_text][ld_spacer][vc_column_text]D\u00e9couvrez l\u2019Optima, une table t\u00e9l\u00e9command\u00e9e robuste et performante, con\u00e7ue pour offrir une solution d\u2019imagerie de haute qualit\u00e9 pour les examens de radiographie et de fluoroscopie \u00e0 un co\u00fbt ma\u00eetris\u00e9. Issue [&hellip;]<\/p>\n","protected":false},"author":3,"featured_media":0,"parent":6717,"menu_order":0,"comment_status":"closed","ping_status":"closed","template":"","meta":{"footnotes":""},"class_list":["post-10284","page","type-page","status-publish","hentry"],"yoast_head":"<!-- This site is optimized with the Yoast SEO plugin v26.8 - https:\/\/yoast.com\/product\/yoast-seo-wordpress\/ -->\n<title>Optima &#8212; DMS Imaging<\/title>\n<meta name=\"description\" content=\"Une table t\u00e9l\u00e9command\u00e9e robuste et performante, con\u00e7ue pour offrir une solution d\u2019imagerie de haute qualit\u00e9 pour les examens de radiographie et de fluoroscopie \u00e0 un co\u00fbt ma\u00eetris\u00e9.\" \/>\n<meta name=\"robots\" content=\"index, follow, max-snippet:-1, max-image-preview:large, max-video-preview:-1\" \/>\n<link rel=\"canonical\" href=\"https:\/\/www.dms-imaging.com\/fr\/tables-telecommandees\/optima\/\" \/>\n<meta property=\"og:locale\" content=\"fr_FR\" \/>\n<meta property=\"og:type\" content=\"article\" \/>\n<meta property=\"og:title\" content=\"Optima &#8212; DMS Imaging\" \/>\n<meta property=\"og:description\" content=\"Une table t\u00e9l\u00e9command\u00e9e robuste et performante, con\u00e7ue pour offrir une solution d\u2019imagerie de haute qualit\u00e9 pour les examens de radiographie et de fluoroscopie \u00e0 un co\u00fbt ma\u00eetris\u00e9.\" \/>\n<meta property=\"og:url\" content=\"https:\/\/www.dms-imaging.com\/fr\/tables-telecommandees\/optima\/\" \/>\n<meta property=\"og:site_name\" content=\"DMS Imaging\" \/>\n<meta property=\"article:modified_time\" content=\"2025-11-28T14:58:28+00:00\" \/>\n<meta name=\"twitter:card\" content=\"summary_large_image\" \/>\n<meta name=\"twitter:label1\" content=\"Dur\u00e9e de lecture estim\u00e9e\" \/>\n\t<meta name=\"twitter:data1\" content=\"6 minutes\" \/>\n<script type=\"application\/ld+json\" class=\"yoast-schema-graph\">{\"@context\":\"https:\/\/schema.org\",\"@graph\":[{\"@type\":\"WebPage\",\"@id\":\"https:\/\/www.dms-imaging.com\/fr\/tables-telecommandees\/optima\/\",\"url\":\"https:\/\/www.dms-imaging.com\/fr\/tables-telecommandees\/optima\/\",\"name\":\"Optima &#8212; DMS Imaging\",\"isPartOf\":{\"@id\":\"https:\/\/www.dms-imaging.com\/#website\"},\"datePublished\":\"2025-03-13T08:29:04+00:00\",\"dateModified\":\"2025-11-28T14:58:28+00:00\",\"description\":\"Une table t\u00e9l\u00e9command\u00e9e robuste et performante, con\u00e7ue pour offrir une solution d\u2019imagerie de haute qualit\u00e9 pour les examens de radiographie et de fluoroscopie \u00e0 un co\u00fbt ma\u00eetris\u00e9.\",\"breadcrumb\":{\"@id\":\"https:\/\/www.dms-imaging.com\/fr\/tables-telecommandees\/optima\/#breadcrumb\"},\"inLanguage\":\"fr-FR\",\"potentialAction\":[{\"@type\":\"ReadAction\",\"target\":[\"https:\/\/www.dms-imaging.com\/fr\/tables-telecommandees\/optima\/\"]}]},{\"@type\":\"BreadcrumbList\",\"@id\":\"https:\/\/www.dms-imaging.com\/fr\/tables-telecommandees\/optima\/#breadcrumb\",\"itemListElement\":[{\"@type\":\"ListItem\",\"position\":1,\"name\":\"Home\",\"item\":\"https:\/\/www.dms-imaging.com\/fr\/\"},{\"@type\":\"ListItem\",\"position\":2,\"name\":\"Tables t\u00e9l\u00e9command\u00e9es\",\"item\":\"https:\/\/www.dms-imaging.com\/fr\/tables-telecommandees\/\"},{\"@type\":\"ListItem\",\"position\":3,\"name\":\"Optima\"}]},{\"@type\":\"WebSite\",\"@id\":\"https:\/\/www.dms-imaging.com\/#website\",\"url\":\"https:\/\/www.dms-imaging.com\/\",\"name\":\"DMS Imaging\",\"description\":\"DMS Imaging is focused on the development, design and manufacturing of medical imaging systems mainly for digital radiology and bone densitometry.\",\"publisher\":{\"@id\":\"https:\/\/www.dms-imaging.com\/#organization\"},\"potentialAction\":[{\"@type\":\"SearchAction\",\"target\":{\"@type\":\"EntryPoint\",\"urlTemplate\":\"https:\/\/www.dms-imaging.com\/?s={search_term_string}\"},\"query-input\":{\"@type\":\"PropertyValueSpecification\",\"valueRequired\":true,\"valueName\":\"search_term_string\"}}],\"inLanguage\":\"fr-FR\"},{\"@type\":\"Organization\",\"@id\":\"https:\/\/www.dms-imaging.com\/#organization\",\"name\":\"DMS Imaging\",\"url\":\"https:\/\/www.dms-imaging.com\/\",\"logo\":{\"@type\":\"ImageObject\",\"inLanguage\":\"fr-FR\",\"@id\":\"https:\/\/www.dms-imaging.com\/#\/schema\/logo\/image\/\",\"url\":\"https:\/\/dms-imaging.com\/wp-content\/uploads\/2023\/06\/imaging-blanc-MASK.png\",\"contentUrl\":\"https:\/\/dms-imaging.com\/wp-content\/uploads\/2023\/06\/imaging-blanc-MASK.png\",\"width\":2000,\"height\":578,\"caption\":\"DMS Imaging\"},\"image\":{\"@id\":\"https:\/\/www.dms-imaging.com\/#\/schema\/logo\/image\/\"},\"sameAs\":[\"https:\/\/www.linkedin.com\/company\/dmsimaging\/\"]}]}<\/script>\n<!-- \/ Yoast SEO plugin. -->","yoast_head_json":{"title":"Optima &#8212; DMS Imaging","description":"Une table t\u00e9l\u00e9command\u00e9e robuste et performante, con\u00e7ue pour offrir une solution d\u2019imagerie de haute qualit\u00e9 pour les examens de radiographie et de fluoroscopie \u00e0 un co\u00fbt ma\u00eetris\u00e9.","robots":{"index":"index","follow":"follow","max-snippet":"max-snippet:-1","max-image-preview":"max-image-preview:large","max-video-preview":"max-video-preview:-1"},"canonical":"https:\/\/www.dms-imaging.com\/fr\/tables-telecommandees\/optima\/","og_locale":"fr_FR","og_type":"article","og_title":"Optima &#8212; DMS Imaging","og_description":"Une table t\u00e9l\u00e9command\u00e9e robuste et performante, con\u00e7ue pour offrir une solution d\u2019imagerie de haute qualit\u00e9 pour les examens de radiographie et de fluoroscopie \u00e0 un co\u00fbt ma\u00eetris\u00e9.","og_url":"https:\/\/www.dms-imaging.com\/fr\/tables-telecommandees\/optima\/","og_site_name":"DMS Imaging","article_modified_time":"2025-11-28T14:58:28+00:00","twitter_card":"summary_large_image","twitter_misc":{"Dur\u00e9e de lecture estim\u00e9e":"6 minutes"},"schema":{"@context":"https:\/\/schema.org","@graph":[{"@type":"WebPage","@id":"https:\/\/www.dms-imaging.com\/fr\/tables-telecommandees\/optima\/","url":"https:\/\/www.dms-imaging.com\/fr\/tables-telecommandees\/optima\/","name":"Optima &#8212; DMS Imaging","isPartOf":{"@id":"https:\/\/www.dms-imaging.com\/#website"},"datePublished":"2025-03-13T08:29:04+00:00","dateModified":"2025-11-28T14:58:28+00:00","description":"Une table t\u00e9l\u00e9command\u00e9e robuste et performante, con\u00e7ue pour offrir une solution d\u2019imagerie de haute qualit\u00e9 pour les examens de radiographie et de fluoroscopie \u00e0 un co\u00fbt ma\u00eetris\u00e9.","breadcrumb":{"@id":"https:\/\/www.dms-imaging.com\/fr\/tables-telecommandees\/optima\/#breadcrumb"},"inLanguage":"fr-FR","potentialAction":[{"@type":"ReadAction","target":["https:\/\/www.dms-imaging.com\/fr\/tables-telecommandees\/optima\/"]}]},{"@type":"BreadcrumbList","@id":"https:\/\/www.dms-imaging.com\/fr\/tables-telecommandees\/optima\/#breadcrumb","itemListElement":[{"@type":"ListItem","position":1,"name":"Home","item":"https:\/\/www.dms-imaging.com\/fr\/"},{"@type":"ListItem","position":2,"name":"Tables t\u00e9l\u00e9command\u00e9es","item":"https:\/\/www.dms-imaging.com\/fr\/tables-telecommandees\/"},{"@type":"ListItem","position":3,"name":"Optima"}]},{"@type":"WebSite","@id":"https:\/\/www.dms-imaging.com\/#website","url":"https:\/\/www.dms-imaging.com\/","name":"DMS Imaging","description":"DMS Imaging is focused on the development, design and manufacturing of medical imaging systems mainly for digital radiology and bone densitometry.","publisher":{"@id":"https:\/\/www.dms-imaging.com\/#organization"},"potentialAction":[{"@type":"SearchAction","target":{"@type":"EntryPoint","urlTemplate":"https:\/\/www.dms-imaging.com\/?s={search_term_string}"},"query-input":{"@type":"PropertyValueSpecification","valueRequired":true,"valueName":"search_term_string"}}],"inLanguage":"fr-FR"},{"@type":"Organization","@id":"https:\/\/www.dms-imaging.com\/#organization","name":"DMS Imaging","url":"https:\/\/www.dms-imaging.com\/","logo":{"@type":"ImageObject","inLanguage":"fr-FR","@id":"https:\/\/www.dms-imaging.com\/#\/schema\/logo\/image\/","url":"https:\/\/dms-imaging.com\/wp-content\/uploads\/2023\/06\/imaging-blanc-MASK.png","contentUrl":"https:\/\/dms-imaging.com\/wp-content\/uploads\/2023\/06\/imaging-blanc-MASK.png","width":2000,"height":578,"caption":"DMS Imaging"},"image":{"@id":"https:\/\/www.dms-imaging.com\/#\/schema\/logo\/image\/"},"sameAs":["https:\/\/www.linkedin.com\/company\/dmsimaging\/"]}]}},"jetpack_sharing_enabled":true,"_links":{"self":[{"href":"https:\/\/www.dms-imaging.com\/fr\/wp-json\/wp\/v2\/pages\/10284","targetHints":{"allow":["GET"]}}],"collection":[{"href":"https:\/\/www.dms-imaging.com\/fr\/wp-json\/wp\/v2\/pages"}],"about":[{"href":"https:\/\/www.dms-imaging.com\/fr\/wp-json\/wp\/v2\/types\/page"}],"author":[{"embeddable":true,"href":"https:\/\/www.dms-imaging.com\/fr\/wp-json\/wp\/v2\/users\/3"}],"replies":[{"embeddable":true,"href":"https:\/\/www.dms-imaging.com\/fr\/wp-json\/wp\/v2\/comments?post=10284"}],"version-history":[{"count":10,"href":"https:\/\/www.dms-imaging.com\/fr\/wp-json\/wp\/v2\/pages\/10284\/revisions"}],"predecessor-version":[{"id":11421,"href":"https:\/\/www.dms-imaging.com\/fr\/wp-json\/wp\/v2\/pages\/10284\/revisions\/11421"}],"up":[{"embeddable":true,"href":"https:\/\/www.dms-imaging.com\/fr\/wp-json\/wp\/v2\/pages\/6717"}],"wp:attachment":[{"href":"https:\/\/www.dms-imaging.com\/fr\/wp-json\/wp\/v2\/media?parent=10284"}],"curies":[{"name":"wp","href":"https:\/\/api.w.org\/{rel}","templated":true}]}}