{"id":10311,"date":"2025-04-14T15:44:52","date_gmt":"2025-04-14T13:44:52","guid":{"rendered":"https:\/\/www.dms-imaging.com\/?page_id=10311"},"modified":"2025-11-28T15:57:29","modified_gmt":"2025-11-28T14:57:29","slug":"platinum-neo","status":"publish","type":"page","link":"https:\/\/www.dms-imaging.com\/fr\/tables-telecommandees\/platinum-neo\/","title":{"rendered":"Platinum Neo"},"content":{"rendered":"<p>[vc_row content_placement=\u00a0\u00bbmiddle\u00a0\u00bb][vc_column width=\u00a0\u00bb1\/2&Prime;][vc_single_image image=\u00a0\u00bb9295&Prime;][\/vc_column][vc_column width=\u00a0\u00bb1\/2&Prime;][ld_fancy_heading tag=\u00a0\u00bbh6&Prime;]TABLES T\u00c9L\u00c9COMMAND\u00c9ES[\/ld_fancy_heading][ld_fancy_heading tag=\u00a0\u00bbh2&Prime; ca_init_scale_x=\u00a0\u00bb1&Prime; ca_init_scale_y=\u00a0\u00bb1&Prime; ca_init_opacity=\u00a0\u00bb1&Prime; ca_an_scale_x=\u00a0\u00bb1&Prime; ca_an_scale_y=\u00a0\u00bb1&Prime; ca_an_opacity=\u00a0\u00bb1&Prime; use_custom_fonts_title=\u00a0\u00bbtrue\u00a0\u00bb enable_split=\u00a0\u00bbtrue\u00a0\u00bb enable_fit=\u00a0\u00bbtrue\u00a0\u00bb margin=\u00a0\u00bbbottom_small:0.6em\u00a0\u00bb minfontsize=\u00a0\u00bb38&Prime; fs=\u00a0\u00bbtext_large:43px|text_small:38px\u00a0\u00bb]<strong>PLATINUM NEO<\/strong>[\/ld_fancy_heading][vc_column_text]<strong>Exigez l\u2019excellence d\u2019une table t\u00e9l\u00e9command\u00e9e de pointe avec une I.A. embarqu\u00e9e \u00e0 port\u00e9e de main<\/strong>[\/vc_column_text][ld_spacer][vc_column_text]D\u00e9couvrez la <strong>Platinum Neo<\/strong>, une table t\u00e9l\u00e9command\u00e9e haut de gamme qui associe polyvalence pour la r\u00e9alisation d\u2019examens statiques et dynamiques sur une seule et unique plateforme, et technologies avanc\u00e9es, lui conf\u00e9rant une ergonomie exceptionnelle. Con\u00e7ue pour s\u2019adapter aux besoins des services de radiologie les plus exigeants, elle est \u00e9quip\u00e9e du logiciel d\u2019acquisition <strong>ADAM<\/strong>, r\u00e9volutionnant le workflow R\/F gr\u00e2ce \u00e0 une interface intuitive et un traitement d\u2019image de derni\u00e8re g\u00e9n\u00e9ration bas\u00e9 sur de l\u2019intelligence artificielle. Moderne et adaptable, la Platinum Neo est le choix id\u00e9al pour optimiser les soins aux patients tout en simplifiant les op\u00e9rations pour les professionnels de sant\u00e9.[\/vc_column_text][\/vc_column][\/vc_row][vc_row content_placement=\u00a0\u00bbmiddle\u00a0\u00bb css=\u00a0\u00bb.vc_custom_1740063306360{padding-top: 40px !important;}\u00a0\u00bb responsive_css=\u00a0\u00bbpadding_bottom_medium:90px\u00a0\u00bb][vc_column][ld_tabs style=\u00a0\u00bbstyle04&Prime; use_custom_fonts_nav=\u00a0\u00bbtrue\u00a0\u00bb text_color=\u00a0\u00bbrgb(51, 62, 72)\u00a0\u00bb primary_hcolor=\u00a0\u00bbrgb(0, 77, 182)\u00a0\u00bb text_hcolor=\u00a0\u00bbrgb(0, 77, 182)\u00a0\u00bb lh=\u00a0\u00bb1.5em\u00a0\u00bb][ld_tab_section i_type=\u00a0\u00bbfontawesome\u00a0\u00bb title=\u00a0\u00bbUne intelligence au service du workflow\u00a0\u00bb tab_id=\u00a0\u00bblqd-1614861316206-07e6646b-032fd863-59921740061976216&Prime; i_icon_fontawesome=\u00a0\u00bbfas fa-angle-down\u00a0\u00bb][vc_row_inner content_placement=\u00a0\u00bbmiddle\u00a0\u00bb gap=\u00a0\u00bb30&Prime; css=\u00a0\u00bb.vc_custom_1743417773578{margin-top: 30px !important;}\u00a0\u00bb][vc_column_inner width=\u00a0\u00bb1\/2&Prime; css=\u00a0\u00bb.vc_custom_1740068511571{padding-top: 50px !important;}\u00a0\u00bb][ld_fancy_heading tag=\u00a0\u00bbh4&Prime; use_custom_fonts_title=\u00a0\u00bbtrue\u00a0\u00bb]<strong>Une intelligence au service du workflow<\/strong>[\/ld_fancy_heading][vc_column_text]La <strong>Platinum Neo<\/strong> met la technologie \u00e0 la port\u00e9e des utilisateurs et automatise les \u00e9tapes cl\u00e9s des examens.[\/vc_column_text][vc_column_text css=\u00a0\u00bb.vc_custom_1744713504091{padding-top: 25px !important;padding-right: 25px !important;padding-bottom: 25px !important;padding-left: 25px !important;}\u00a0\u00bb]\u2013 <strong>Positionnement automatique<\/strong> de la table pour un gain de temps significatif.<\/p>\n<p><strong>\u2013 Gestion automatique des param\u00e8tres radiologiques<\/strong> adapt\u00e9e \u00e0 la morphologie du patient.<\/p>\n<p><strong>\u2013 Parking automatique de la grille et gestion automatique des filtres du collimateur<\/strong>, r\u00e9duisant les manipulations de l\u2019utilisateur et la dose au patient, particuli\u00e8rement important pour les examens p\u00e9diatriques.<\/p>\n<p>\u2013 Avec des <strong>fonctionnalit\u00e9s innovantes telles que le<\/strong> <strong><em>Go-To-Position<\/em><\/strong>, le centrage du patient n\u2019a jamais \u00e9t\u00e9 aussi facile\u00a0! En un clic, la table se positionne exactement comme le souhaite le manipulateur radio sans aucune dose superflue. Cette table s\u2019impose comme leur alli\u00e9e incontournable au quotidien.[\/vc_column_text][\/vc_column_inner][vc_column_inner width=\u00a0\u00bb1\/2&Prime;][vc_single_image image=\u00a0\u00bb9633&Prime; css=\u00a0\u00bb.vc_custom_1740068876869{padding-top: 50px !important;}\u00a0\u00bb][\/vc_column_inner][\/vc_row_inner][\/ld_tab_section][ld_tab_section i_type=\u00a0\u00bbfontawesome\u00a0\u00bb title=\u00a0\u00bbUne qualit\u00e9 d\u2019image boost\u00e9e par l\u2019I.A.\u00a0\u00bb tab_id=\u00a0\u00bblqd-1614862432834-a65382b6-6ba3d863-59921740061976216&Prime; i_icon_fontawesome=\u00a0\u00bbfas fa-angle-down\u00a0\u00bb][vc_row_inner content_placement=\u00a0\u00bbmiddle\u00a0\u00bb gap=\u00a0\u00bb30&Prime; css=\u00a0\u00bb.vc_custom_1743417780653{margin-top: 30px !important;}\u00a0\u00bb][vc_column_inner width=\u00a0\u00bb1\/2&Prime;][vc_single_image image=\u00a0\u00bb9631&Prime; css=\u00a0\u00bb.vc_custom_1740068688475{padding-top: 50px !important;}\u00a0\u00bb][\/vc_column_inner][vc_column_inner width=\u00a0\u00bb1\/2&Prime; css=\u00a0\u00bb.vc_custom_1740068511571{padding-top: 50px !important;}\u00a0\u00bb][ld_fancy_heading tag=\u00a0\u00bbh4&Prime; use_custom_fonts_title=\u00a0\u00bbtrue\u00a0\u00bb]<strong>Une qualit\u00e9 d\u2019image boost\u00e9e par l\u2019I.A.<\/strong>[\/ld_fancy_heading][vc_column_text]La <strong>Platinum Neo<\/strong> garantit une qualit\u00e9 d\u2019image optimale sur l\u2019int\u00e9gralit\u00e9 des images de radiographie et de fluoroscopie gr\u00e2ce \u00e0 son traitement d\u2019image assist\u00e9 par l\u2019I.A. :[\/vc_column_text][vc_column_text css=\u00a0\u00bb.vc_custom_1744638742994{padding-top: 25px !important;padding-right: 25px !important;padding-bottom: 25px !important;padding-left: 25px !important;}\u00a0\u00bb]\u2013 <strong>Une image stable et robuste <\/strong>m\u00eame dans des conditions d\u2019exposition variables et complexes.<\/p>\n<p>\u2013\u00a0Un <strong>contraste am\u00e9lior\u00e9 et une suppression de bruit efficace<\/strong> pour une pr\u00e9cision diagnostique accrue.[\/vc_column_text][vc_column_text]Ces nouvelles technologies permettent d\u2019\u00e9viter les reprises d\u2019examen, optimisant ainsi la dose pour les patients.[\/vc_column_text][\/vc_column_inner][\/vc_row_inner][\/ld_tab_section][ld_tab_section i_type=\u00a0\u00bbfontawesome\u00a0\u00bb title=\u00a0\u00bbUne interface intuitive et connect\u00e9e\u00a0\u00bb tab_id=\u00a0\u00bblqd-1614862458925-c46e393c-6495d863-59921740061976216&Prime; i_icon_fontawesome=\u00a0\u00bbfas fa-angle-down\u00a0\u00bb][vc_row_inner content_placement=\u00a0\u00bbmiddle\u00a0\u00bb gap=\u00a0\u00bb30&Prime; css=\u00a0\u00bb.vc_custom_1743417787172{margin-top: 30px !important;}\u00a0\u00bb][vc_column_inner width=\u00a0\u00bb1\/2&Prime;][vc_single_image image=\u00a0\u00bb9655&Prime; css=\u00a0\u00bb.vc_custom_1740152294679{padding-top: 50px !important;}\u00a0\u00bb][\/vc_column_inner][vc_column_inner width=\u00a0\u00bb1\/2&Prime; css=\u00a0\u00bb.vc_custom_1740068511571{padding-top: 50px !important;}\u00a0\u00bb][ld_fancy_heading tag=\u00a0\u00bbh4&Prime; use_custom_fonts_title=\u00a0\u00bbtrue\u00a0\u00bb]<strong>Une interface intuitive et connect\u00e9e<\/strong>[\/ld_fancy_heading][vc_column_text]La <strong>Platinum Neo<\/strong> place l\u2019utilisateur et le patient au centre de l\u2019exp\u00e9rience :[\/vc_column_text][vc_column_text css=\u00a0\u00bb.vc_custom_1744638896072{padding-top: 25px !important;padding-right: 25px !important;padding-bottom: 25px !important;padding-left: 25px !important;}\u00a0\u00bb]\u2013 <strong>Interface personnalis\u00e9e et adaptative<\/strong> depuis l\u2019\u00e9cran tactile pr\u00e9sent dans la salle d\u2019examen.<\/p>\n<p>\u2013\u00a0<strong>Diff\u00e9rentes solutions pour la gestion des mouvements de la table<\/strong> sont disponibles en fonction des besoins des op\u00e9rateurs.<\/p>\n<p>\u2013\u00a0Un <strong>environnement apaisant<\/strong> est propos\u00e9 avec \u00e9clairage et musique d\u2019ambiance pour d\u00e9tendre l\u2019ensemble des personnes pr\u00e9sentes en salle d\u2019examen.[\/vc_column_text][\/vc_column_inner][\/vc_row_inner][\/ld_tab_section][\/ld_tabs][\/vc_column][\/vc_row][vc_row content_placement=\u00a0\u00bbmiddle\u00a0\u00bb disable_element=\u00a0\u00bbyes\u00a0\u00bb css=\u00a0\u00bb.vc_custom_1740151889756{padding-top: 40px !important;}\u00a0\u00bb responsive_css=\u00a0\u00bbpadding_bottom_medium:90px\u00a0\u00bb][vc_column][vc_video link=\u00a0\u00bbhttps:\/\/youtu.be\/UqykOgIjAGo\u00a0\u00bb][\/vc_column][\/vc_row][vc_row css=\u00a0\u00bb.vc_custom_1739894029060{padding-top: 90px !important;padding-bottom: 50px !important;background-color: #f4f4f4 !important;}\u00a0\u00bb responsive_css=\u00a0\u00bbborder_right_medium:200px\u00a0\u00bb][vc_column][vc_single_image image=\u00a0\u00bb9734&Prime; alignment=\u00a0\u00bbcenter\u00a0\u00bb css=\u00a0\u00bb.vc_custom_1741252335674{margin-bottom: 50px !important;}\u00a0\u00bb][\/vc_column][vc_column offset=\u00a0\u00bbvc_col-lg-6 vc_col-md-7&Prime; css=\u00a0\u00bb.vc_custom_1607931989373{margin-bottom: 35px !important;}\u00a0\u00bb][vc_single_image image=\u00a0\u00bb8234&Prime; css=\u00a0\u00bb.vc_custom_1740127279720{margin-bottom: 0px !important;}\u00a0\u00bb][\/vc_column][vc_column offset=\u00a0\u00bbvc_col-lg-offset-1 vc_col-md-5&Prime;][ld_fancy_heading tag=\u00a0\u00bbh4&Prime; use_custom_fonts_title=\u00a0\u00bbtrue\u00a0\u00bb fs=\u00a0\u00bbtext_small:18px\u00a0\u00bb lh=\u00a0\u00bbtext_small:30px\u00a0\u00bb color=\u00a0\u00bbrgb(51, 62, 72)\u00a0\u00bb]<strong>L\u2019I.A. embarqu\u00e9e r\u00e9volutionne le workflow R\/F<\/strong>[\/ld_fancy_heading][ld_button style=\u00a0\u00bbbtn-solid\u00a0\u00bb title=\u00a0\u00bbEn savoir plus\u00a0\u00bb shape=\u00a0\u00bbround\u00a0\u00bb link=\u00a0\u00bburl:https%3A%2F%2Fwww.dms-imaging.com%2Ffr%2Fproduits-solutions%2Fadam%2F|title:ADAM||\u00a0\u00bb][\/vc_column][\/vc_row][vc_row css=\u00a0\u00bb.vc_custom_1740152168196{padding-bottom: 50px !important;background-color: #f4f4f4 !important;}\u00a0\u00bb responsive_css=\u00a0\u00bbborder_right_medium:200px\u00a0\u00bb][vc_column][vc_video link=\u00a0\u00bbhttps:\/\/youtu.be\/gw1l2BeNeOc?si=jGTmH_DR8PZKkSIb\u00a0\u00bb][\/vc_column][vc_column][ld_spacer height=\u00a0\u00bb100px\u00a0\u00bb][\/vc_column][\/vc_row][vc_row][vc_column css=\u00a0\u00bb.vc_custom_1740132553044{margin-top: 100px !important;}\u00a0\u00bb][ld_fancy_heading tag=\u00a0\u00bbh3&Prime; margin=\u00a0\u00bbbottom_all:50px|bottom_large:50px|bottom_medium:50px|bottom_small:50px\u00a0\u00bb]<strong>Parole d&rsquo;expert<\/strong>[\/ld_fancy_heading][\/vc_column][\/vc_row][vc_row][vc_column width=\u00a0\u00bb1\/2&Prime;][vc_video link=\u00a0\u00bbhttps:\/\/youtu.be\/R7xNFgjSoWM\u00a0\u00bb][\/vc_column][vc_column width=\u00a0\u00bb1\/2&Prime; css=\u00a0\u00bb.vc_custom_1740143565386{padding: 30px !important;}\u00a0\u00bb][vc_column_text]<\/p>\n<blockquote><p><em>Cette solution embarque une v\u00e9ritable intelligence machine qui permet d&rsquo;optimiser toutes les phases de prise en charge du patient, quelque soit le type de patient.\u00a0<\/em><\/p><\/blockquote>\n<p>[\/vc_column_text][ld_spacer][vc_column_text]<\/p>\n<h6>Dr. Philippe DELORT<\/h6>\n<p>[\/vc_column_text][vc_column_text]<strong>Centre d&rsquo;imagerie TIM \/ Centre d&rsquo;imagerie de Frontignan<\/strong>[\/vc_column_text][\/vc_column][\/vc_row][vc_row][vc_column css=\u00a0\u00bb.vc_custom_1740060668944{margin-top: 100px !important;}\u00a0\u00bb][ld_fancy_heading tag=\u00a0\u00bbh3&Prime; margin=\u00a0\u00bbbottom_all:50px|bottom_large:50px|bottom_medium:50px|bottom_small:50px\u00a0\u00bb]<strong>Vous souhaitez en savoir plus ?<\/strong>[\/ld_fancy_heading][vc_column_text]Explorez la documentation commerciale de la Platinum Neo et visitez la page d\u00e9di\u00e9e \u00e0 la suite ADAM. Contactez nos experts pour discuter de vos besoins et b\u00e9n\u00e9ficier d\u2019un accompagnement personnalis\u00e9.[\/vc_column_text][ld_spacer][vc_row_inner gap=\u00a0\u00bb5&Prime;][vc_column_inner width=\u00a0\u00bb1\/4&Prime;][ld_button style=\u00a0\u00bbbtn-default\u00a0\u00bb title=\u00a0\u00bbT\u00e9l\u00e9charger la brochure\u00a0\u00bb shape=\u00a0\u00bbround\u00a0\u00bb i_type=\u00a0\u00bbfontawesome\u00a0\u00bb i_position=\u00a0\u00bbleft\u00a0\u00bb i_add_icon=\u00a0\u00bbtrue\u00a0\u00bb link=\u00a0\u00bburl:https%3A%2F%2Fwww.dms-imaging.com%2Fwp-content%2Fuploads%2F2025%2F04%2FBrochureF_TABLESTELECOMMANDEES_03.pdf|title:T%C3%A9l%C3%A9charger%20la%20brochure|target:%20_blank|\u00a0\u00bb i_icon_fontawesome=\u00a0\u00bbfas fa-arrow-circle-down\u00a0\u00bb][\/vc_column_inner][vc_column_inner width=\u00a0\u00bb1\/4&Prime;][ld_button style=\u00a0\u00bbbtn-default\u00a0\u00bb title=\u00a0\u00bbContactez nous\u00a0\u00bb shape=\u00a0\u00bbround\u00a0\u00bb i_type=\u00a0\u00bbfontawesome\u00a0\u00bb i_position=\u00a0\u00bbleft\u00a0\u00bb i_add_icon=\u00a0\u00bbtrue\u00a0\u00bb link=\u00a0\u00bburl:https%3A%2F%2Fwww.dms-imaging.com%2Ffr%2Fcontact%2F|title:Contact||\u00a0\u00bb i_icon_fontawesome=\u00a0\u00bbfas fa-envelope\u00a0\u00bb][\/vc_column_inner][vc_column_inner width=\u00a0\u00bb1\/4&Prime;][\/vc_column_inner][vc_column_inner width=\u00a0\u00bb1\/4&Prime;][\/vc_column_inner][\/vc_row_inner][\/vc_column][\/vc_row][vc_row][vc_column css=\u00a0\u00bb.vc_custom_1740060668944{margin-top: 100px !important;}\u00a0\u00bb][ld_fancy_heading tag=\u00a0\u00bbh3&Prime; margin=\u00a0\u00bbbottom_all:50px|bottom_large:50px|bottom_medium:50px\u00a0\u00bb]<strong>Explorez la gamme<\/strong>[\/ld_fancy_heading][ld_carousel_tab inactiv_opacity=\u00a0\u00bb1&Prime; wraparound=\u00a0\u00bbyes\u00a0\u00bb equalheightcells=\u00a0\u00bbyes\u00a0\u00bb middlealigncontent=\u00a0\u00bbyes\u00a0\u00bb][ld_carousel_section title=\u00a0\u00bbCarousel Item\u00a0\u00bb tab_id=\u00a0\u00bblqd-1740131294895-7d5d6fb4-5dd1&Prime;][vc_single_image image=\u00a0\u00bb9993&Prime; img_size=\u00a0\u00bbmedium\u00a0\u00bb alignment=\u00a0\u00bbcenter\u00a0\u00bb onclick=\u00a0\u00bbcustom_link\u00a0\u00bb enable_link=\u00a0\u00bbenable_image_link\u00a0\u00bb enable_opacity=\u00a0\u00bbyes\u00a0\u00bb opacity=\u00a0\u00bb0.75&Prime; link=\u00a0\u00bburl:https%3A%2F%2Fwww.dms-imaging.com%2Ffr%2Fproduits-solutions%2Fadam%2F|title:ADAM||\u00a0\u00bb][\/ld_carousel_section][ld_carousel_section title=\u00a0\u00bbCarousel Item\u00a0\u00bb tab_id=\u00a0\u00bblqd-1740131294958-de9dbac7-35f2&Prime;][vc_single_image image=\u00a0\u00bb10028&Prime; img_size=\u00a0\u00bbmedium\u00a0\u00bb alignment=\u00a0\u00bbcenter\u00a0\u00bb onclick=\u00a0\u00bbcustom_link\u00a0\u00bb enable_link=\u00a0\u00bbenable_image_link\u00a0\u00bb enable_opacity=\u00a0\u00bbyes\u00a0\u00bb opacity=\u00a0\u00bb0.75&Prime; link=\u00a0\u00bburl:https%3A%2F%2Fwww.dms-imaging.com%2Ffr%2Ftables-telecommandees%2Fplatinum-flex%2F|title:Platinum%20Flex||\u00a0\u00bb][\/ld_carousel_section][ld_carousel_section title=\u00a0\u00bbCarousel Item\u00a0\u00bb tab_id=\u00a0\u00bblqd-1740131295017-e39d9d43-12cc\u00a0\u00bb][vc_single_image image=\u00a0\u00bb9837&Prime; img_size=\u00a0\u00bbmedium\u00a0\u00bb alignment=\u00a0\u00bbcenter\u00a0\u00bb onclick=\u00a0\u00bbcustom_link\u00a0\u00bb enable_link=\u00a0\u00bbenable_image_link\u00a0\u00bb enable_opacity=\u00a0\u00bbyes\u00a0\u00bb opacity=\u00a0\u00bb0.75&Prime; link=\u00a0\u00bburl:https%3A%2F%2Fwww.dms-imaging.com%2Ffr%2Ftables-telecommandees%2Foptima%2F|title:Optima||\u00a0\u00bb][\/ld_carousel_section][\/ld_carousel_tab][\/vc_column][\/vc_row][vc_row css=\u00a0\u00bb.vc_custom_1748337864642{padding-top: 50px !important;padding-bottom: 50px !important;background-color: #f4f4f4 !important;}\u00a0\u00bb responsive_css=\u00a0\u00bbborder_right_medium:200px\u00a0\u00bb][vc_column][vc_column_text]Platinum dRF est un dispositif m\u00e9dical de classe IIb fabriqu\u00e9 par Apelem et porte le marquage CE. Il est certifi\u00e9 dans l&rsquo;Union europ\u00e9enne en vertu de la directive 93\/42\/CEE relative aux dispositifs m\u00e9dicaux par SGS CE1639, exclusivement pour l&rsquo;indication du radiodiagnostic. Les autres utilisations non m\u00e9dicales attribu\u00e9es \u00e0 ce dispositif ne sont pas couvertes par la certification CE, et l&rsquo;utilisateur doit savoir que les performances et\/ou la s\u00e9curit\u00e9 du produit n&rsquo;ont pas \u00e9t\u00e9 \u00e9valu\u00e9es par SGS \u00e0 ces fins. Lisez attentivement le mode d&#8217;emploi. Les photos ne sont pas contractuelles.[\/vc_column_text][\/vc_column][\/vc_row]<\/p>\n","protected":false},"excerpt":{"rendered":"<p>[vc_row content_placement=\u00a0\u00bbmiddle\u00a0\u00bb][vc_column width=\u00a0\u00bb1\/2&Prime;][vc_single_image image=\u00a0\u00bb9295&Prime;][\/vc_column][vc_column width=\u00a0\u00bb1\/2&Prime;][ld_fancy_heading tag=\u00a0\u00bbh6&Prime;]TABLES T\u00c9L\u00c9COMMAND\u00c9ES[\/ld_fancy_heading][ld_fancy_heading tag=\u00a0\u00bbh2&Prime; ca_init_scale_x=\u00a0\u00bb1&Prime; ca_init_scale_y=\u00a0\u00bb1&Prime; ca_init_opacity=\u00a0\u00bb1&Prime; ca_an_scale_x=\u00a0\u00bb1&Prime; ca_an_scale_y=\u00a0\u00bb1&Prime; ca_an_opacity=\u00a0\u00bb1&Prime; use_custom_fonts_title=\u00a0\u00bbtrue\u00a0\u00bb enable_split=\u00a0\u00bbtrue\u00a0\u00bb enable_fit=\u00a0\u00bbtrue\u00a0\u00bb margin=\u00a0\u00bbbottom_small:0.6em\u00a0\u00bb minfontsize=\u00a0\u00bb38&Prime; fs=\u00a0\u00bbtext_large:43px|text_small:38px\u00a0\u00bb]PLATINUM NEO[\/ld_fancy_heading][vc_column_text]Exigez l\u2019excellence d\u2019une table t\u00e9l\u00e9command\u00e9e de pointe avec une I.A. embarqu\u00e9e \u00e0 port\u00e9e de main[\/vc_column_text][ld_spacer][vc_column_text]D\u00e9couvrez la Platinum Neo, une table t\u00e9l\u00e9command\u00e9e haut de gamme qui associe polyvalence pour la r\u00e9alisation d\u2019examens statiques et dynamiques sur [&hellip;]<\/p>\n","protected":false},"author":3,"featured_media":0,"parent":6717,"menu_order":0,"comment_status":"closed","ping_status":"closed","template":"","meta":{"footnotes":""},"class_list":["post-10311","page","type-page","status-publish","hentry"],"yoast_head":"<!-- This site is optimized with the Yoast SEO plugin v26.8 - https:\/\/yoast.com\/product\/yoast-seo-wordpress\/ -->\n<title>Platinum Neo &#8212; DMS Imaging<\/title>\n<meta name=\"description\" content=\"Exigez l\u2019excellence d\u2019une table t\u00e9l\u00e9command\u00e9e de pointe avec une I.A. embarqu\u00e9e \u00e0 port\u00e9e de main\" \/>\n<meta name=\"robots\" content=\"index, follow, max-snippet:-1, max-image-preview:large, max-video-preview:-1\" \/>\n<link rel=\"canonical\" href=\"https:\/\/www.dms-imaging.com\/fr\/tables-telecommandees\/platinum-neo\/\" \/>\n<meta property=\"og:locale\" content=\"fr_FR\" \/>\n<meta property=\"og:type\" content=\"article\" \/>\n<meta property=\"og:title\" content=\"Platinum Neo &#8212; DMS Imaging\" \/>\n<meta property=\"og:description\" content=\"Exigez l\u2019excellence d\u2019une table t\u00e9l\u00e9command\u00e9e de pointe avec une I.A. embarqu\u00e9e \u00e0 port\u00e9e de main\" \/>\n<meta property=\"og:url\" content=\"https:\/\/www.dms-imaging.com\/fr\/tables-telecommandees\/platinum-neo\/\" \/>\n<meta property=\"og:site_name\" content=\"DMS Imaging\" \/>\n<meta property=\"article:modified_time\" content=\"2025-11-28T14:57:29+00:00\" \/>\n<meta name=\"twitter:card\" content=\"summary_large_image\" \/>\n<meta name=\"twitter:label1\" content=\"Dur\u00e9e de lecture estim\u00e9e\" \/>\n\t<meta name=\"twitter:data1\" content=\"6 minutes\" \/>\n<script type=\"application\/ld+json\" class=\"yoast-schema-graph\">{\"@context\":\"https:\/\/schema.org\",\"@graph\":[{\"@type\":\"WebPage\",\"@id\":\"https:\/\/www.dms-imaging.com\/fr\/tables-telecommandees\/platinum-neo\/\",\"url\":\"https:\/\/www.dms-imaging.com\/fr\/tables-telecommandees\/platinum-neo\/\",\"name\":\"Platinum Neo &#8212; DMS Imaging\",\"isPartOf\":{\"@id\":\"https:\/\/www.dms-imaging.com\/#website\"},\"datePublished\":\"2025-04-14T13:44:52+00:00\",\"dateModified\":\"2025-11-28T14:57:29+00:00\",\"description\":\"Exigez l\u2019excellence d\u2019une table t\u00e9l\u00e9command\u00e9e de pointe avec une I.A. embarqu\u00e9e \u00e0 port\u00e9e de main\",\"breadcrumb\":{\"@id\":\"https:\/\/www.dms-imaging.com\/fr\/tables-telecommandees\/platinum-neo\/#breadcrumb\"},\"inLanguage\":\"fr-FR\",\"potentialAction\":[{\"@type\":\"ReadAction\",\"target\":[\"https:\/\/www.dms-imaging.com\/fr\/tables-telecommandees\/platinum-neo\/\"]}]},{\"@type\":\"BreadcrumbList\",\"@id\":\"https:\/\/www.dms-imaging.com\/fr\/tables-telecommandees\/platinum-neo\/#breadcrumb\",\"itemListElement\":[{\"@type\":\"ListItem\",\"position\":1,\"name\":\"Home\",\"item\":\"https:\/\/www.dms-imaging.com\/fr\/\"},{\"@type\":\"ListItem\",\"position\":2,\"name\":\"Tables t\u00e9l\u00e9command\u00e9es\",\"item\":\"https:\/\/www.dms-imaging.com\/fr\/tables-telecommandees\/\"},{\"@type\":\"ListItem\",\"position\":3,\"name\":\"Platinum Neo\"}]},{\"@type\":\"WebSite\",\"@id\":\"https:\/\/www.dms-imaging.com\/#website\",\"url\":\"https:\/\/www.dms-imaging.com\/\",\"name\":\"DMS Imaging\",\"description\":\"DMS Imaging is focused on the development, design and manufacturing of medical imaging systems mainly for digital radiology and bone densitometry.\",\"publisher\":{\"@id\":\"https:\/\/www.dms-imaging.com\/#organization\"},\"potentialAction\":[{\"@type\":\"SearchAction\",\"target\":{\"@type\":\"EntryPoint\",\"urlTemplate\":\"https:\/\/www.dms-imaging.com\/?s={search_term_string}\"},\"query-input\":{\"@type\":\"PropertyValueSpecification\",\"valueRequired\":true,\"valueName\":\"search_term_string\"}}],\"inLanguage\":\"fr-FR\"},{\"@type\":\"Organization\",\"@id\":\"https:\/\/www.dms-imaging.com\/#organization\",\"name\":\"DMS Imaging\",\"url\":\"https:\/\/www.dms-imaging.com\/\",\"logo\":{\"@type\":\"ImageObject\",\"inLanguage\":\"fr-FR\",\"@id\":\"https:\/\/www.dms-imaging.com\/#\/schema\/logo\/image\/\",\"url\":\"https:\/\/dms-imaging.com\/wp-content\/uploads\/2023\/06\/imaging-blanc-MASK.png\",\"contentUrl\":\"https:\/\/dms-imaging.com\/wp-content\/uploads\/2023\/06\/imaging-blanc-MASK.png\",\"width\":2000,\"height\":578,\"caption\":\"DMS Imaging\"},\"image\":{\"@id\":\"https:\/\/www.dms-imaging.com\/#\/schema\/logo\/image\/\"},\"sameAs\":[\"https:\/\/www.linkedin.com\/company\/dmsimaging\/\"]}]}<\/script>\n<!-- \/ Yoast SEO plugin. -->","yoast_head_json":{"title":"Platinum Neo &#8212; DMS Imaging","description":"Exigez l\u2019excellence d\u2019une table t\u00e9l\u00e9command\u00e9e de pointe avec une I.A. embarqu\u00e9e \u00e0 port\u00e9e de main","robots":{"index":"index","follow":"follow","max-snippet":"max-snippet:-1","max-image-preview":"max-image-preview:large","max-video-preview":"max-video-preview:-1"},"canonical":"https:\/\/www.dms-imaging.com\/fr\/tables-telecommandees\/platinum-neo\/","og_locale":"fr_FR","og_type":"article","og_title":"Platinum Neo &#8212; DMS Imaging","og_description":"Exigez l\u2019excellence d\u2019une table t\u00e9l\u00e9command\u00e9e de pointe avec une I.A. embarqu\u00e9e \u00e0 port\u00e9e de main","og_url":"https:\/\/www.dms-imaging.com\/fr\/tables-telecommandees\/platinum-neo\/","og_site_name":"DMS Imaging","article_modified_time":"2025-11-28T14:57:29+00:00","twitter_card":"summary_large_image","twitter_misc":{"Dur\u00e9e de lecture estim\u00e9e":"6 minutes"},"schema":{"@context":"https:\/\/schema.org","@graph":[{"@type":"WebPage","@id":"https:\/\/www.dms-imaging.com\/fr\/tables-telecommandees\/platinum-neo\/","url":"https:\/\/www.dms-imaging.com\/fr\/tables-telecommandees\/platinum-neo\/","name":"Platinum Neo &#8212; DMS Imaging","isPartOf":{"@id":"https:\/\/www.dms-imaging.com\/#website"},"datePublished":"2025-04-14T13:44:52+00:00","dateModified":"2025-11-28T14:57:29+00:00","description":"Exigez l\u2019excellence d\u2019une table t\u00e9l\u00e9command\u00e9e de pointe avec une I.A. embarqu\u00e9e \u00e0 port\u00e9e de main","breadcrumb":{"@id":"https:\/\/www.dms-imaging.com\/fr\/tables-telecommandees\/platinum-neo\/#breadcrumb"},"inLanguage":"fr-FR","potentialAction":[{"@type":"ReadAction","target":["https:\/\/www.dms-imaging.com\/fr\/tables-telecommandees\/platinum-neo\/"]}]},{"@type":"BreadcrumbList","@id":"https:\/\/www.dms-imaging.com\/fr\/tables-telecommandees\/platinum-neo\/#breadcrumb","itemListElement":[{"@type":"ListItem","position":1,"name":"Home","item":"https:\/\/www.dms-imaging.com\/fr\/"},{"@type":"ListItem","position":2,"name":"Tables t\u00e9l\u00e9command\u00e9es","item":"https:\/\/www.dms-imaging.com\/fr\/tables-telecommandees\/"},{"@type":"ListItem","position":3,"name":"Platinum Neo"}]},{"@type":"WebSite","@id":"https:\/\/www.dms-imaging.com\/#website","url":"https:\/\/www.dms-imaging.com\/","name":"DMS Imaging","description":"DMS Imaging is focused on the development, design and manufacturing of medical imaging systems mainly for digital radiology and bone densitometry.","publisher":{"@id":"https:\/\/www.dms-imaging.com\/#organization"},"potentialAction":[{"@type":"SearchAction","target":{"@type":"EntryPoint","urlTemplate":"https:\/\/www.dms-imaging.com\/?s={search_term_string}"},"query-input":{"@type":"PropertyValueSpecification","valueRequired":true,"valueName":"search_term_string"}}],"inLanguage":"fr-FR"},{"@type":"Organization","@id":"https:\/\/www.dms-imaging.com\/#organization","name":"DMS Imaging","url":"https:\/\/www.dms-imaging.com\/","logo":{"@type":"ImageObject","inLanguage":"fr-FR","@id":"https:\/\/www.dms-imaging.com\/#\/schema\/logo\/image\/","url":"https:\/\/dms-imaging.com\/wp-content\/uploads\/2023\/06\/imaging-blanc-MASK.png","contentUrl":"https:\/\/dms-imaging.com\/wp-content\/uploads\/2023\/06\/imaging-blanc-MASK.png","width":2000,"height":578,"caption":"DMS Imaging"},"image":{"@id":"https:\/\/www.dms-imaging.com\/#\/schema\/logo\/image\/"},"sameAs":["https:\/\/www.linkedin.com\/company\/dmsimaging\/"]}]}},"jetpack_sharing_enabled":true,"_links":{"self":[{"href":"https:\/\/www.dms-imaging.com\/fr\/wp-json\/wp\/v2\/pages\/10311","targetHints":{"allow":["GET"]}}],"collection":[{"href":"https:\/\/www.dms-imaging.com\/fr\/wp-json\/wp\/v2\/pages"}],"about":[{"href":"https:\/\/www.dms-imaging.com\/fr\/wp-json\/wp\/v2\/types\/page"}],"author":[{"embeddable":true,"href":"https:\/\/www.dms-imaging.com\/fr\/wp-json\/wp\/v2\/users\/3"}],"replies":[{"embeddable":true,"href":"https:\/\/www.dms-imaging.com\/fr\/wp-json\/wp\/v2\/comments?post=10311"}],"version-history":[{"count":9,"href":"https:\/\/www.dms-imaging.com\/fr\/wp-json\/wp\/v2\/pages\/10311\/revisions"}],"predecessor-version":[{"id":11419,"href":"https:\/\/www.dms-imaging.com\/fr\/wp-json\/wp\/v2\/pages\/10311\/revisions\/11419"}],"up":[{"embeddable":true,"href":"https:\/\/www.dms-imaging.com\/fr\/wp-json\/wp\/v2\/pages\/6717"}],"wp:attachment":[{"href":"https:\/\/www.dms-imaging.com\/fr\/wp-json\/wp\/v2\/media?parent=10311"}],"curies":[{"name":"wp","href":"https:\/\/api.w.org\/{rel}","templated":true}]}}