{"id":6294,"date":"2023-06-02T12:40:35","date_gmt":"2023-06-02T10:40:35","guid":{"rendered":"http:\/\/dms-imaging.com\/?page_id=6294"},"modified":"2026-02-26T14:46:35","modified_gmt":"2026-02-26T13:46:35","slug":"dms-group-publie-son-index-egapro","status":"publish","type":"page","link":"https:\/\/www.dms-imaging.com\/fr\/dms-group-publie-son-index-egapro\/","title":{"rendered":"DMS GROUP PUBLIE SON INDEX EGAPRO : 93\/100"},"content":{"rendered":"<p>[vc_row css=\u00a0\u00bb.vc_custom_1680684244372{padding-top: 140px !important;padding-bottom: 85px !important;background-color: #004db6 !important;}\u00a0\u00bb][vc_column enable_content_animation=\u00a0\u00bbyes\u00a0\u00bb ca_init_scale_x=\u00a0\u00bb1&Prime; ca_init_scale_y=\u00a0\u00bb1.1&Prime; ca_init_opacity=\u00a0\u00bb0&Prime; ca_an_scale_x=\u00a0\u00bb1&Prime; ca_an_scale_y=\u00a0\u00bb1&Prime; ca_an_opacity=\u00a0\u00bb1&Prime; ca_init_scale_z=\u00a0\u00bb1&Prime; ca_an_scale_z=\u00a0\u00bb1&Prime; offset=\u00a0\u00bbvc_col-md-8&Prime; responsive_css=\u00a0\u00bbpadding_right_large:7%25&Prime; ca_duration=\u00a0\u00bb1800&Prime; ca_delay=\u00a0\u00bb180&Prime; ca_init_translate_y=\u00a0\u00bb32&Prime;][ld_fancy_heading tag=\u00a0\u00bbh2&Prime; margin=\u00a0\u00bbbottom_small:0.3em\u00a0\u00bb color=\u00a0\u00bbrgb(255, 255, 255)\u00a0\u00bb]DMS GROUP PUBLIE SON INDEX EGAPRO : 93\/100[\/ld_fancy_heading][\/vc_column][\/vc_row][vc_row][vc_column][ld_spacer height=\u00a0\u00bb60px\u00a0\u00bb][\/vc_column][\/vc_row][vc_row][vc_column][vc_column_text]Malgr\u00e9 un cadre r\u00e9glementaire renforc\u00e9 depuis plusieurs ann\u00e9es, les in\u00e9galit\u00e9s professionnelles entre les femmes et les hommes demeurent une r\u00e9alit\u00e9 dans de nombreux secteurs d\u2019activit\u00e9.<\/p>\n<p>En France, les \u00e9carts de r\u00e9mun\u00e9ration persistent encore \u00e0 poste et comp\u00e9tences \u00e9quivalents, illustrant la n\u00e9cessit\u00e9 de maintenir une vigilance constante et des actions concr\u00e8tes.<\/p>\n<p>Si les \u00e9carts de r\u00e9mun\u00e9rations sont encore significatifs \u00e0 profils et postes \u00e9quivalents, cette affirmation est d\u2018autant plus marqu\u00e9e dans des branches plus r\u00e9cemment investies par les femmes, comme l\u2019industrie ou la m\u00e9tallurgie.<\/p>\n<p>Dans ce contexte, DMS Imaging a proc\u00e9d\u00e9 au calcul de son Index EgaPro au titre de l\u2019ann\u00e9e 2026 (donn\u00e9es 2025) et obtient <strong>un score global de 93\/100<\/strong>, traduisant un engagement concret et durable en faveur de l\u2019\u00e9galit\u00e9 professionnelle.<\/p>\n<p>Au titre des indicateurs calcul\u00e9s :<\/p>\n<p><b><strong>\u2013<\/strong> <\/b><strong>L\u2019indicateur relatif \u00e0 l\u2019\u00e9cart de r\u00e9mun\u00e9ration entre les femmes et les hommes<\/strong> ressort \u00e0 6,8 %, permettant l\u2019obtention de 33 points sur 40. Ce r\u00e9sultat t\u00e9moigne d\u2019une situation ma\u00eetris\u00e9e, tout en confirmant la n\u00e9cessit\u00e9 de poursuivre les actions engag\u00e9es afin de r\u00e9duire encore les \u00e9carts r\u00e9siduels.<\/p>\n<p><b><strong>\u2013<\/strong> <\/b><strong>L\u2019indicateur relatif aux \u00e9carts d\u2019augmentations individuelles<\/strong> affiche un \u00e9cart de 3,9 points, et permet \u00e0 l\u2019entreprise d\u2019obtenir la totalit\u00e9 des 35 points. Ce r\u00e9sultat refl\u00e8te une politique d\u2019augmentation attentive \u00e0 l\u2019\u00e9quilibre et \u00e0 l\u2019\u00e9quit\u00e9 des parcours professionnels.<\/p>\n<p><b><strong>\u2013<\/strong> <\/b>L\u2019indicateur concernant <strong>le pourcentage de salari\u00e9es augment\u00e9es au retour de cong\u00e9 maternit\u00e9<\/strong> atteint 100 %, soit 15 points sur 15. Ce score maximal confirme l\u2019engagement du groupe \u00e0 garantir la continuit\u00e9 des trajectoires professionnelles et \u00e0 pr\u00e9venir toute p\u00e9nalisation li\u00e9e \u00e0 la maternit\u00e9.<\/p>\n<p><b><strong>\u2013<\/strong> <\/b>Enfin, l\u2019indicateur relatif \u00e0 <strong>la repr\u00e9sentation du sexe sous-repr\u00e9sent\u00e9 parmi les 10 plus hautes r\u00e9mun\u00e9rations<\/strong> permet l\u2019obtention de 10 points sur 10, avec 4 personnes du sexe sous-repr\u00e9sent\u00e9 concern\u00e9es. Ce r\u00e9sultat souligne une dynamique positive en mati\u00e8re d\u2019acc\u00e8s aux postes \u00e0 plus forte responsabilit\u00e9 et de reconnaissance des talents.<\/p>\n<p>Dans un secteur industriel historiquement marqu\u00e9 par une repr\u00e9sentation encore in\u00e9gale des femmes, DMS Imaging d\u00e9montre, par ces r\u00e9sultats, que performance \u00e9conomique et engagement soci\u00e9tal vont de pair.<\/p>\n<p>Fid\u00e8le \u00e0 ses valeurs, le groupe poursuit ses actions en faveur de l\u2019\u00e9galit\u00e9 professionnelle, convaincu que la diversit\u00e9 et l\u2019\u00e9quit\u00e9 constituent des leviers essentiels de performance, d\u2019innovation et d\u2019attractivit\u00e9.<\/p>\n<p>Nathalie Caire Richard<br \/>\nDRH du Groupe DMS[\/vc_column_text][\/vc_column][\/vc_row][vc_row][vc_column][ld_spacer][\/vc_column][\/vc_row]<\/p>\n","protected":false},"excerpt":{"rendered":"<p>[vc_row css=\u00a0\u00bb.vc_custom_1680684244372{padding-top: 140px !important;padding-bottom: 85px !important;background-color: #004db6 !important;}\u00a0\u00bb][vc_column enable_content_animation=\u00a0\u00bbyes\u00a0\u00bb ca_init_scale_x=\u00a0\u00bb1&Prime; ca_init_scale_y=\u00a0\u00bb1.1&Prime; ca_init_opacity=\u00a0\u00bb0&Prime; ca_an_scale_x=\u00a0\u00bb1&Prime; ca_an_scale_y=\u00a0\u00bb1&Prime; ca_an_opacity=\u00a0\u00bb1&Prime; ca_init_scale_z=\u00a0\u00bb1&Prime; ca_an_scale_z=\u00a0\u00bb1&Prime; offset=\u00a0\u00bbvc_col-md-8&Prime; responsive_css=\u00a0\u00bbpadding_right_large:7%25&Prime; ca_duration=\u00a0\u00bb1800&Prime; ca_delay=\u00a0\u00bb180&Prime; ca_init_translate_y=\u00a0\u00bb32&Prime;][ld_fancy_heading tag=\u00a0\u00bbh2&Prime; margin=\u00a0\u00bbbottom_small:0.3em\u00a0\u00bb color=\u00a0\u00bbrgb(255, 255, 255)\u00a0\u00bb]DMS GROUP PUBLIE SON INDEX EGAPRO : 93\/100[\/ld_fancy_heading][\/vc_column][\/vc_row][vc_row][vc_column][ld_spacer height=\u00a0\u00bb60px\u00a0\u00bb][\/vc_column][\/vc_row][vc_row][vc_column][vc_column_text]Malgr\u00e9 un cadre r\u00e9glementaire renforc\u00e9 depuis plusieurs ann\u00e9es, les in\u00e9galit\u00e9s professionnelles entre les femmes et les hommes demeurent une r\u00e9alit\u00e9 dans [&hellip;]<\/p>\n","protected":false},"author":1,"featured_media":0,"parent":0,"menu_order":0,"comment_status":"closed","ping_status":"closed","template":"","meta":{"footnotes":""},"class_list":["post-6294","page","type-page","status-publish","hentry"],"yoast_head":"<!-- This site is optimized with the Yoast SEO plugin v26.8 - https:\/\/yoast.com\/product\/yoast-seo-wordpress\/ -->\n<title>DMS GROUP PUBLIE SON INDEX EGAPRO : 93\/100 &#8212; DMS Imaging<\/title>\n<meta name=\"robots\" content=\"index, follow, max-snippet:-1, max-image-preview:large, max-video-preview:-1\" \/>\n<link rel=\"canonical\" href=\"https:\/\/www.dms-imaging.com\/fr\/dms-group-publie-son-index-egapro\/\" \/>\n<meta property=\"og:locale\" content=\"fr_FR\" \/>\n<meta property=\"og:type\" content=\"article\" \/>\n<meta property=\"og:title\" content=\"DMS GROUP PUBLIE SON INDEX EGAPRO : 93\/100 &#8212; DMS Imaging\" \/>\n<meta property=\"og:description\" content=\"[vc_row css=\u00a0\u00bb.vc_custom_1680684244372{padding-top: 140px !important;padding-bottom: 85px !important;background-color: #004db6 !important;}\u00a0\u00bb][vc_column enable_content_animation=\u00a0\u00bbyes\u00a0\u00bb ca_init_scale_x=\u00a0\u00bb1&Prime; ca_init_scale_y=\u00a0\u00bb1.1&Prime; ca_init_opacity=\u00a0\u00bb0&Prime; ca_an_scale_x=\u00a0\u00bb1&Prime; ca_an_scale_y=\u00a0\u00bb1&Prime; ca_an_opacity=\u00a0\u00bb1&Prime; ca_init_scale_z=\u00a0\u00bb1&Prime; ca_an_scale_z=\u00a0\u00bb1&Prime; offset=\u00a0\u00bbvc_col-md-8&Prime; responsive_css=\u00a0\u00bbpadding_right_large:7%25&Prime; ca_duration=\u00a0\u00bb1800&Prime; ca_delay=\u00a0\u00bb180&Prime; ca_init_translate_y=\u00a0\u00bb32&Prime;][ld_fancy_heading tag=\u00a0\u00bbh2&Prime; margin=\u00a0\u00bbbottom_small:0.3em\u00a0\u00bb color=\u00a0\u00bbrgb(255, 255, 255)\u00a0\u00bb]DMS GROUP PUBLIE SON INDEX EGAPRO : 93\/100[\/ld_fancy_heading][\/vc_column][\/vc_row][vc_row][vc_column][ld_spacer height=\u00a0\u00bb60px\u00a0\u00bb][\/vc_column][\/vc_row][vc_row][vc_column][vc_column_text]Malgr\u00e9 un cadre r\u00e9glementaire renforc\u00e9 depuis plusieurs ann\u00e9es, les in\u00e9galit\u00e9s professionnelles entre les femmes et les hommes demeurent une r\u00e9alit\u00e9 dans [&hellip;]\" \/>\n<meta property=\"og:url\" content=\"https:\/\/www.dms-imaging.com\/fr\/dms-group-publie-son-index-egapro\/\" \/>\n<meta property=\"og:site_name\" content=\"DMS Imaging\" \/>\n<meta property=\"article:modified_time\" content=\"2026-02-26T13:46:35+00:00\" \/>\n<meta name=\"twitter:card\" content=\"summary_large_image\" \/>\n<meta name=\"twitter:label1\" content=\"Dur\u00e9e de lecture estim\u00e9e\" \/>\n\t<meta name=\"twitter:data1\" content=\"2 minutes\" \/>\n<script type=\"application\/ld+json\" class=\"yoast-schema-graph\">{\"@context\":\"https:\/\/schema.org\",\"@graph\":[{\"@type\":\"WebPage\",\"@id\":\"https:\/\/www.dms-imaging.com\/fr\/dms-group-publie-son-index-egapro\/\",\"url\":\"https:\/\/www.dms-imaging.com\/fr\/dms-group-publie-son-index-egapro\/\",\"name\":\"DMS GROUP PUBLIE SON INDEX EGAPRO : 93\/100 &#8212; DMS Imaging\",\"isPartOf\":{\"@id\":\"https:\/\/www.dms-imaging.com\/#website\"},\"datePublished\":\"2023-06-02T10:40:35+00:00\",\"dateModified\":\"2026-02-26T13:46:35+00:00\",\"breadcrumb\":{\"@id\":\"https:\/\/www.dms-imaging.com\/fr\/dms-group-publie-son-index-egapro\/#breadcrumb\"},\"inLanguage\":\"fr-FR\",\"potentialAction\":[{\"@type\":\"ReadAction\",\"target\":[\"https:\/\/www.dms-imaging.com\/fr\/dms-group-publie-son-index-egapro\/\"]}]},{\"@type\":\"BreadcrumbList\",\"@id\":\"https:\/\/www.dms-imaging.com\/fr\/dms-group-publie-son-index-egapro\/#breadcrumb\",\"itemListElement\":[{\"@type\":\"ListItem\",\"position\":1,\"name\":\"Home\",\"item\":\"https:\/\/www.dms-imaging.com\/fr\/\"},{\"@type\":\"ListItem\",\"position\":2,\"name\":\"DMS GROUP PUBLIE SON INDEX EGAPRO : 93\/100\"}]},{\"@type\":\"WebSite\",\"@id\":\"https:\/\/www.dms-imaging.com\/#website\",\"url\":\"https:\/\/www.dms-imaging.com\/\",\"name\":\"DMS Imaging\",\"description\":\"DMS Imaging is focused on the development, design and manufacturing of medical imaging systems mainly for digital radiology and bone densitometry.\",\"publisher\":{\"@id\":\"https:\/\/www.dms-imaging.com\/#organization\"},\"potentialAction\":[{\"@type\":\"SearchAction\",\"target\":{\"@type\":\"EntryPoint\",\"urlTemplate\":\"https:\/\/www.dms-imaging.com\/?s={search_term_string}\"},\"query-input\":{\"@type\":\"PropertyValueSpecification\",\"valueRequired\":true,\"valueName\":\"search_term_string\"}}],\"inLanguage\":\"fr-FR\"},{\"@type\":\"Organization\",\"@id\":\"https:\/\/www.dms-imaging.com\/#organization\",\"name\":\"DMS Imaging\",\"url\":\"https:\/\/www.dms-imaging.com\/\",\"logo\":{\"@type\":\"ImageObject\",\"inLanguage\":\"fr-FR\",\"@id\":\"https:\/\/www.dms-imaging.com\/#\/schema\/logo\/image\/\",\"url\":\"https:\/\/dms-imaging.com\/wp-content\/uploads\/2023\/06\/imaging-blanc-MASK.png\",\"contentUrl\":\"https:\/\/dms-imaging.com\/wp-content\/uploads\/2023\/06\/imaging-blanc-MASK.png\",\"width\":2000,\"height\":578,\"caption\":\"DMS Imaging\"},\"image\":{\"@id\":\"https:\/\/www.dms-imaging.com\/#\/schema\/logo\/image\/\"},\"sameAs\":[\"https:\/\/www.linkedin.com\/company\/dmsimaging\/\"]}]}<\/script>\n<!-- \/ Yoast SEO plugin. -->","yoast_head_json":{"title":"DMS GROUP PUBLIE SON INDEX EGAPRO : 93\/100 &#8212; DMS Imaging","robots":{"index":"index","follow":"follow","max-snippet":"max-snippet:-1","max-image-preview":"max-image-preview:large","max-video-preview":"max-video-preview:-1"},"canonical":"https:\/\/www.dms-imaging.com\/fr\/dms-group-publie-son-index-egapro\/","og_locale":"fr_FR","og_type":"article","og_title":"DMS GROUP PUBLIE SON INDEX EGAPRO : 93\/100 &#8212; DMS Imaging","og_description":"[vc_row css=\u00a0\u00bb.vc_custom_1680684244372{padding-top: 140px !important;padding-bottom: 85px !important;background-color: #004db6 !important;}\u00a0\u00bb][vc_column enable_content_animation=\u00a0\u00bbyes\u00a0\u00bb ca_init_scale_x=\u00a0\u00bb1&Prime; ca_init_scale_y=\u00a0\u00bb1.1&Prime; ca_init_opacity=\u00a0\u00bb0&Prime; ca_an_scale_x=\u00a0\u00bb1&Prime; ca_an_scale_y=\u00a0\u00bb1&Prime; ca_an_opacity=\u00a0\u00bb1&Prime; ca_init_scale_z=\u00a0\u00bb1&Prime; ca_an_scale_z=\u00a0\u00bb1&Prime; offset=\u00a0\u00bbvc_col-md-8&Prime; responsive_css=\u00a0\u00bbpadding_right_large:7%25&Prime; ca_duration=\u00a0\u00bb1800&Prime; ca_delay=\u00a0\u00bb180&Prime; ca_init_translate_y=\u00a0\u00bb32&Prime;][ld_fancy_heading tag=\u00a0\u00bbh2&Prime; margin=\u00a0\u00bbbottom_small:0.3em\u00a0\u00bb color=\u00a0\u00bbrgb(255, 255, 255)\u00a0\u00bb]DMS GROUP PUBLIE SON INDEX EGAPRO : 93\/100[\/ld_fancy_heading][\/vc_column][\/vc_row][vc_row][vc_column][ld_spacer height=\u00a0\u00bb60px\u00a0\u00bb][\/vc_column][\/vc_row][vc_row][vc_column][vc_column_text]Malgr\u00e9 un cadre r\u00e9glementaire renforc\u00e9 depuis plusieurs ann\u00e9es, les in\u00e9galit\u00e9s professionnelles entre les femmes et les hommes demeurent une r\u00e9alit\u00e9 dans [&hellip;]","og_url":"https:\/\/www.dms-imaging.com\/fr\/dms-group-publie-son-index-egapro\/","og_site_name":"DMS Imaging","article_modified_time":"2026-02-26T13:46:35+00:00","twitter_card":"summary_large_image","twitter_misc":{"Dur\u00e9e de lecture estim\u00e9e":"2 minutes"},"schema":{"@context":"https:\/\/schema.org","@graph":[{"@type":"WebPage","@id":"https:\/\/www.dms-imaging.com\/fr\/dms-group-publie-son-index-egapro\/","url":"https:\/\/www.dms-imaging.com\/fr\/dms-group-publie-son-index-egapro\/","name":"DMS GROUP PUBLIE SON INDEX EGAPRO : 93\/100 &#8212; DMS Imaging","isPartOf":{"@id":"https:\/\/www.dms-imaging.com\/#website"},"datePublished":"2023-06-02T10:40:35+00:00","dateModified":"2026-02-26T13:46:35+00:00","breadcrumb":{"@id":"https:\/\/www.dms-imaging.com\/fr\/dms-group-publie-son-index-egapro\/#breadcrumb"},"inLanguage":"fr-FR","potentialAction":[{"@type":"ReadAction","target":["https:\/\/www.dms-imaging.com\/fr\/dms-group-publie-son-index-egapro\/"]}]},{"@type":"BreadcrumbList","@id":"https:\/\/www.dms-imaging.com\/fr\/dms-group-publie-son-index-egapro\/#breadcrumb","itemListElement":[{"@type":"ListItem","position":1,"name":"Home","item":"https:\/\/www.dms-imaging.com\/fr\/"},{"@type":"ListItem","position":2,"name":"DMS GROUP PUBLIE SON INDEX EGAPRO : 93\/100"}]},{"@type":"WebSite","@id":"https:\/\/www.dms-imaging.com\/#website","url":"https:\/\/www.dms-imaging.com\/","name":"DMS Imaging","description":"DMS Imaging is focused on the development, design and manufacturing of medical imaging systems mainly for digital radiology and bone densitometry.","publisher":{"@id":"https:\/\/www.dms-imaging.com\/#organization"},"potentialAction":[{"@type":"SearchAction","target":{"@type":"EntryPoint","urlTemplate":"https:\/\/www.dms-imaging.com\/?s={search_term_string}"},"query-input":{"@type":"PropertyValueSpecification","valueRequired":true,"valueName":"search_term_string"}}],"inLanguage":"fr-FR"},{"@type":"Organization","@id":"https:\/\/www.dms-imaging.com\/#organization","name":"DMS Imaging","url":"https:\/\/www.dms-imaging.com\/","logo":{"@type":"ImageObject","inLanguage":"fr-FR","@id":"https:\/\/www.dms-imaging.com\/#\/schema\/logo\/image\/","url":"https:\/\/dms-imaging.com\/wp-content\/uploads\/2023\/06\/imaging-blanc-MASK.png","contentUrl":"https:\/\/dms-imaging.com\/wp-content\/uploads\/2023\/06\/imaging-blanc-MASK.png","width":2000,"height":578,"caption":"DMS Imaging"},"image":{"@id":"https:\/\/www.dms-imaging.com\/#\/schema\/logo\/image\/"},"sameAs":["https:\/\/www.linkedin.com\/company\/dmsimaging\/"]}]}},"jetpack_sharing_enabled":true,"_links":{"self":[{"href":"https:\/\/www.dms-imaging.com\/fr\/wp-json\/wp\/v2\/pages\/6294","targetHints":{"allow":["GET"]}}],"collection":[{"href":"https:\/\/www.dms-imaging.com\/fr\/wp-json\/wp\/v2\/pages"}],"about":[{"href":"https:\/\/www.dms-imaging.com\/fr\/wp-json\/wp\/v2\/types\/page"}],"author":[{"embeddable":true,"href":"https:\/\/www.dms-imaging.com\/fr\/wp-json\/wp\/v2\/users\/1"}],"replies":[{"embeddable":true,"href":"https:\/\/www.dms-imaging.com\/fr\/wp-json\/wp\/v2\/comments?post=6294"}],"version-history":[{"count":12,"href":"https:\/\/www.dms-imaging.com\/fr\/wp-json\/wp\/v2\/pages\/6294\/revisions"}],"predecessor-version":[{"id":11701,"href":"https:\/\/www.dms-imaging.com\/fr\/wp-json\/wp\/v2\/pages\/6294\/revisions\/11701"}],"wp:attachment":[{"href":"https:\/\/www.dms-imaging.com\/fr\/wp-json\/wp\/v2\/media?parent=6294"}],"curies":[{"name":"wp","href":"https:\/\/api.w.org\/{rel}","templated":true}]}}