{"id":6698,"date":"2023-04-05T16:08:47","date_gmt":"2023-04-05T14:08:47","guid":{"rendered":"http:\/\/dms-imaging.com\/career\/"},"modified":"2026-02-26T14:57:29","modified_gmt":"2026-02-26T13:57:29","slug":"carriere","status":"publish","type":"page","link":"https:\/\/www.dms-imaging.com\/fr\/carriere\/","title":{"rendered":"Carri\u00e8re"},"content":{"rendered":"<p>[vc_row css=\u00a0\u00bb.vc_custom_1605860062467{padding-top: 130px !important;padding-bottom: 55px !important;}\u00a0\u00bb][vc_column width=\u00a0\u00bb2\/3&Prime; enable_content_animation=\u00a0\u00bbyes\u00a0\u00bb ca_init_scale_x=\u00a0\u00bb1&Prime; ca_init_scale_y=\u00a0\u00bb1&Prime; ca_init_origin_x=\u00a0\u00bb0%\u00a0\u00bb ca_init_opacity=\u00a0\u00bb0&Prime; ca_an_scale_x=\u00a0\u00bb1&Prime; ca_an_scale_y=\u00a0\u00bb1&Prime; ca_an_opacity=\u00a0\u00bb1&Prime; ca_init_scale_z=\u00a0\u00bb1&Prime; ca_an_scale_z=\u00a0\u00bb1&Prime; offset=\u00a0\u00bbvc_col-md-8&Prime; ca_duration=\u00a0\u00bb1800&Prime; ca_delay=\u00a0\u00bb180&Prime; ca_init_translate_y=\u00a0\u00bb35&Prime; ca_init_rotate_y=\u00a0\u00bb20&Prime;][ld_fancy_heading margin=\u00a0\u00bbbottom_small:0.25em\u00a0\u00bb]Travailler<br \/>\nchez DMS imaging[\/ld_fancy_heading][ld_fancy_heading tag=\u00a0\u00bbp\u00a0\u00bb padding=\u00a0\u00bbright_all:15%25&Prime;]DMS Imaging, c\u2019est une \u00e9quipe d\u2019une centaine de personnes sp\u00e9cialis\u00e9es dans la haute technologique au service de l\u2019imagerie m\u00e9dicale.<\/p>\n<p>Depuis 40 ans, nous offrons des solutions innovantes en radiologie et ost\u00e9odensitom\u00e9trie.[\/ld_fancy_heading][\/vc_column][vc_column width=\u00a0\u00bb1\/3&Prime;][\/vc_column][\/vc_row][vc_row gap=\u00a0\u00bb0&Prime; content_placement=\u00a0\u00bbmiddle\u00a0\u00bb enable_content_animation=\u00a0\u00bbyes\u00a0\u00bb ca_init_scale_x=\u00a0\u00bb0.95&Prime; ca_init_scale_y=\u00a0\u00bb0.95&Prime; ca_init_opacity=\u00a0\u00bb0&Prime; ca_an_scale_x=\u00a0\u00bb1&Prime; ca_an_scale_y=\u00a0\u00bb1&Prime; ca_an_opacity=\u00a0\u00bb1&Prime; ca_init_scale_z=\u00a0\u00bb1&Prime; ca_an_scale_z=\u00a0\u00bb1&Prime; ca_duration=\u00a0\u00bb1800&Prime; ca_delay=\u00a0\u00bb180&Prime;][vc_column bg_position=\u00a0\u00bbcenter center\u00a0\u00bb css=\u00a0\u00bb.vc_custom_1688627018246{padding-top: 45vh !important;background-image: url(https:\/\/www.dms-imaging.com\/wp-content\/uploads\/2023\/07\/DMS-Factory-Research-Development.jpg?id=7486) !important;background-position: center !important;background-repeat: no-repeat !important;background-size: cover !important;}\u00a0\u00bb responsive_align=\u00a0\u00bbtext-right\u00a0\u00bb][ld_button style=\u00a0\u00bbbtn-solid\u00a0\u00bb title=\u00a0\u00bbEspace Carri\u00e8re\u00a0\u00bb border=\u00a0\u00bbborder-none\u00a0\u00bb i_type=\u00a0\u00bblinea\u00a0\u00bb i_add_icon=\u00a0\u00bbtrue\u00a0\u00bb i_icon_linea=\u00a0\u00bblqd-icn-ess icon-ion-ios-arrow-forward\u00a0\u00bb i_margin_left=\u00a0\u00bb10vw\u00a0\u00bb color=\u00a0\u00bbrgb(0, 77, 182)\u00a0\u00bb text_color=\u00a0\u00bbrgb(255, 255, 255)\u00a0\u00bb hover_color=\u00a0\u00bbrgb(0, 0, 0)\u00a0\u00bb htext_color=\u00a0\u00bbrgb(255, 255, 255)\u00a0\u00bb link=\u00a0\u00bburl:https%3A%2F%2Fwww.welcometothejungle.com%2Fen%2Fcompanies%2Fapelem||target:%20_blank|\u00a0\u00bb][\/vc_column][\/vc_row][vc_row gap=\u00a0\u00bb0&Prime; enable_content_animation=\u00a0\u00bbyes\u00a0\u00bb ca_init_scale_x=\u00a0\u00bb1&Prime; ca_init_scale_y=\u00a0\u00bb1&Prime; ca_init_opacity=\u00a0\u00bb0&Prime; ca_an_scale_x=\u00a0\u00bb1&Prime; ca_an_scale_y=\u00a0\u00bb1&Prime; ca_an_opacity=\u00a0\u00bb1&Prime; ca_init_scale_z=\u00a0\u00bb1&Prime; ca_an_scale_z=\u00a0\u00bb1&Prime; css=\u00a0\u00bb.vc_custom_1611647846323{padding-top: 60px !important;padding-right: 15px !important;padding-bottom: 60px !important;padding-left: 15px !important;}\u00a0\u00bb ca_duration=\u00a0\u00bb1800&Prime; ca_delay=\u00a0\u00bb180&Prime; ca_init_translate_y=\u00a0\u00bb45&Prime; responsive_css=\u00a0\u00bbpadding_right_medium:0px|padding_left_medium:0px\u00a0\u00bb][vc_column width=\u00a0\u00bb5\/12&Prime; offset=\u00a0\u00bbvc_col-md-4&Prime; responsive_css=\u00a0\u00bbborder_right_medium:1px|padding_right_medium:12%25&Prime; css=\u00a0\u00bb.vc_custom_1605863469633{border-right-width: 0px !important;border-right-color: #dbdbdb !important;border-right-style: solid !important;}\u00a0\u00bb][ld_fancy_heading tag=\u00a0\u00bbh4&Prime;]REJOIGNEZ NOS \u00c9QUIPES SUR NOTRE NOUVEAU SITE DANS LE SUD DE LA FRANCE[\/ld_fancy_heading][\/vc_column][vc_column width=\u00a0\u00bb1\/2&Prime; offset=\u00a0\u00bbvc_col-md-7 vc_col-sm-offset-1&Prime;][ld_fancy_heading tag=\u00a0\u00bbp\u00a0\u00bb]DMS Imaging recrute des profils vari\u00e9s en R&amp;D, industrialisation ou syst\u00e8me qualit\u00e9.<\/p>\n<p>Nous sommes \u00e0 la recherche de collaborateurs qui seront fiers de contribuer au d\u00e9veloppement technologique et humain de l\u2019imagerie m\u00e9dicale Made In France ![\/ld_fancy_heading][ld_fancy_heading tag=\u00a0\u00bbp\u00a0\u00bb]Vous recherchez une \u00e9quipe dynamique avec de forte valeurs interculturelles et soci\u00e9tales ? Une entreprise innovante qui d\u00e9veloppe des technologies de pointe au service de l\u2019humain ? Alors, rejoignez nos \u00e9quipes sur notre nouveau site dans le sud de la France ![\/ld_fancy_heading][ld_spacer][vc_row_inner][vc_column_inner width=\u00a0\u00bb1\/2&Prime;][ld_header_button ib_style=\u00a0\u00bbbtn-solid\u00a0\u00bb ib_title=\u00a0\u00bbConsulter notre Index EgaPro\u00a0\u00bb ib_shape=\u00a0\u00bbround\u00a0\u00bb ib_border=\u00a0\u00bbborder-none\u00a0\u00bb ib_hover_txt_effect=\u00a0\u00bbbtn-hover-txt-liquid-x-alt\u00a0\u00bb ib_i_type=\u00a0\u00bblinea\u00a0\u00bb ib_i_hover_reveal=\u00a0\u00bbbtn-hover-reveal\u00a0\u00bb ib_enable_row_shadowbox=\u00a0\u00bbyes\u00a0\u00bb ib_i_add_icon=\u00a0\u00bbtrue\u00a0\u00bb ib_fs=\u00a0\u00bbtext_small:15px\u00a0\u00bb ib_lh=\u00a0\u00bbtext_small:1.1em\u00a0\u00bb ib_button_box_shadow=\u00a0\u00bb%5B%7B%22x_offset%22%3A%220%22%2C%22y_offset%22%3A%228px%22%2C%22blur_radius%22%3A%2250px%22%2C%22shadow_color%22%3A%22rgba(132%2C92%2C255%2C0.21)%22%7D%5D\u00a0\u00bb ib_hover_button_box_shadow=\u00a0\u00bb%5B%7B%7D%5D\u00a0\u00bb ib_css=\u00a0\u00bb.vc_custom_1772114245336{margin-left: 15px !important;}\u00a0\u00bb ib_fw=\u00a0\u00bbtext_small:600&Prime; ib_i_icon_linea=\u00a0\u00bblqd-icn-ess icon-md-arrow-forward\u00a0\u00bb sticky_htext_color=\u00a0\u00bbrgb(255, 255, 255)\u00a0\u00bb sticky_text_color=\u00a0\u00bbrgb(255, 255, 255)\u00a0\u00bb ib_link=\u00a0\u00bburl:https%3A%2F%2Fwww.dms-imaging.com%2Ffr%2Fdms-group-publie-son-index-egapro%2F|title:DMS%20GROUP%20PUBLIE%20SON%20INDEX%20EGAPRO%20%3A%2093%2F100||\u00a0\u00bb][\/vc_column_inner][vc_column_inner width=\u00a0\u00bb1\/2&Prime;][ld_header_button ib_style=\u00a0\u00bbbtn-solid\u00a0\u00bb ib_title=\u00a0\u00bbAller \u00e0 l&rsquo;espace Carri\u00e8re\u00a0\u00bb ib_shape=\u00a0\u00bbround\u00a0\u00bb ib_border=\u00a0\u00bbborder-none\u00a0\u00bb ib_hover_txt_effect=\u00a0\u00bbbtn-hover-txt-liquid-x-alt\u00a0\u00bb ib_i_type=\u00a0\u00bblinea\u00a0\u00bb ib_i_hover_reveal=\u00a0\u00bbbtn-hover-reveal\u00a0\u00bb ib_enable_row_shadowbox=\u00a0\u00bbyes\u00a0\u00bb ib_i_add_icon=\u00a0\u00bbtrue\u00a0\u00bb ib_fs=\u00a0\u00bbtext_small:15px\u00a0\u00bb ib_lh=\u00a0\u00bbtext_small:1.1em\u00a0\u00bb ib_button_box_shadow=\u00a0\u00bb%5B%7B%22x_offset%22%3A%220%22%2C%22y_offset%22%3A%228px%22%2C%22blur_radius%22%3A%2250px%22%2C%22shadow_color%22%3A%22rgba(132%2C92%2C255%2C0.21)%22%7D%5D\u00a0\u00bb ib_hover_button_box_shadow=\u00a0\u00bb%5B%7B%7D%5D\u00a0\u00bb ib_css=\u00a0\u00bb.vc_custom_1686750216149{margin-left: 15px !important;}\u00a0\u00bb ib_fw=\u00a0\u00bbtext_small:600&Prime; ib_i_icon_linea=\u00a0\u00bblqd-icn-ess icon-md-arrow-forward\u00a0\u00bb sticky_htext_color=\u00a0\u00bbrgb(255, 255, 255)\u00a0\u00bb sticky_text_color=\u00a0\u00bbrgb(255, 255, 255)\u00a0\u00bb ib_link=\u00a0\u00bburl:https%3A%2F%2Fwww.welcometothejungle.com%2Fen%2Fcompanies%2Fapelem||target:%20_blank|\u00a0\u00bb][\/vc_column_inner][\/vc_row_inner][\/vc_column][\/vc_row]<\/p>\n","protected":false},"excerpt":{"rendered":"<p>[vc_row css=\u00a0\u00bb.vc_custom_1605860062467{padding-top: 130px !important;padding-bottom: 55px !important;}\u00a0\u00bb][vc_column width=\u00a0\u00bb2\/3&Prime; enable_content_animation=\u00a0\u00bbyes\u00a0\u00bb ca_init_scale_x=\u00a0\u00bb1&Prime; ca_init_scale_y=\u00a0\u00bb1&Prime; ca_init_origin_x=\u00a0\u00bb0%\u00a0\u00bb ca_init_opacity=\u00a0\u00bb0&Prime; ca_an_scale_x=\u00a0\u00bb1&Prime; ca_an_scale_y=\u00a0\u00bb1&Prime; ca_an_opacity=\u00a0\u00bb1&Prime; ca_init_scale_z=\u00a0\u00bb1&Prime; ca_an_scale_z=\u00a0\u00bb1&Prime; offset=\u00a0\u00bbvc_col-md-8&Prime; ca_duration=\u00a0\u00bb1800&Prime; ca_delay=\u00a0\u00bb180&Prime; ca_init_translate_y=\u00a0\u00bb35&Prime; ca_init_rotate_y=\u00a0\u00bb20&Prime;][ld_fancy_heading margin=\u00a0\u00bbbottom_small:0.25em\u00a0\u00bb]Travailler chez DMS imaging[\/ld_fancy_heading][ld_fancy_heading tag=\u00a0\u00bbp\u00a0\u00bb padding=\u00a0\u00bbright_all:15%25&Prime;]DMS Imaging, c\u2019est une \u00e9quipe d\u2019une centaine de personnes sp\u00e9cialis\u00e9es dans la haute technologique au service de l\u2019imagerie m\u00e9dicale. Depuis 40 ans, nous offrons des solutions innovantes en [&hellip;]<\/p>\n","protected":false},"author":1,"featured_media":0,"parent":0,"menu_order":0,"comment_status":"closed","ping_status":"closed","template":"","meta":{"footnotes":""},"class_list":["post-6698","page","type-page","status-publish","hentry"],"yoast_head":"<!-- This site is optimized with the Yoast SEO plugin v26.8 - https:\/\/yoast.com\/product\/yoast-seo-wordpress\/ -->\n<title>Carri\u00e8re &#8212; DMS Imaging<\/title>\n<meta name=\"description\" content=\"DMS Imaging, c\u2019est une \u00e9quipe d\u2019une centaine de personnes sp\u00e9cialis\u00e9es dans la haute technologique au service de l\u2019imagerie m\u00e9dicale.\" \/>\n<meta name=\"robots\" content=\"index, follow, max-snippet:-1, max-image-preview:large, max-video-preview:-1\" \/>\n<link rel=\"canonical\" href=\"https:\/\/www.dms-imaging.com\/fr\/carriere\/\" \/>\n<meta property=\"og:locale\" content=\"fr_FR\" \/>\n<meta property=\"og:type\" content=\"article\" \/>\n<meta property=\"og:title\" content=\"Carri\u00e8re &#8212; DMS Imaging\" \/>\n<meta property=\"og:description\" content=\"DMS Imaging, c\u2019est une \u00e9quipe d\u2019une centaine de personnes sp\u00e9cialis\u00e9es dans la haute technologique au service de l\u2019imagerie m\u00e9dicale.\" \/>\n<meta property=\"og:url\" content=\"https:\/\/www.dms-imaging.com\/fr\/carriere\/\" \/>\n<meta property=\"og:site_name\" content=\"DMS Imaging\" \/>\n<meta property=\"article:modified_time\" content=\"2026-02-26T13:57:29+00:00\" \/>\n<meta name=\"twitter:card\" content=\"summary_large_image\" \/>\n<meta name=\"twitter:label1\" content=\"Dur\u00e9e de lecture estim\u00e9e\" \/>\n\t<meta name=\"twitter:data1\" content=\"2 minutes\" \/>\n<script type=\"application\/ld+json\" class=\"yoast-schema-graph\">{\"@context\":\"https:\/\/schema.org\",\"@graph\":[{\"@type\":\"WebPage\",\"@id\":\"https:\/\/www.dms-imaging.com\/fr\/carriere\/\",\"url\":\"https:\/\/www.dms-imaging.com\/fr\/carriere\/\",\"name\":\"Carri\u00e8re &#8212; DMS Imaging\",\"isPartOf\":{\"@id\":\"https:\/\/www.dms-imaging.com\/#website\"},\"datePublished\":\"2023-04-05T14:08:47+00:00\",\"dateModified\":\"2026-02-26T13:57:29+00:00\",\"description\":\"DMS Imaging, c\u2019est une \u00e9quipe d\u2019une centaine de personnes sp\u00e9cialis\u00e9es dans la haute technologique au service de l\u2019imagerie m\u00e9dicale.\",\"breadcrumb\":{\"@id\":\"https:\/\/www.dms-imaging.com\/fr\/carriere\/#breadcrumb\"},\"inLanguage\":\"fr-FR\",\"potentialAction\":[{\"@type\":\"ReadAction\",\"target\":[\"https:\/\/www.dms-imaging.com\/fr\/carriere\/\"]}]},{\"@type\":\"BreadcrumbList\",\"@id\":\"https:\/\/www.dms-imaging.com\/fr\/carriere\/#breadcrumb\",\"itemListElement\":[{\"@type\":\"ListItem\",\"position\":1,\"name\":\"Home\",\"item\":\"https:\/\/www.dms-imaging.com\/fr\/\"},{\"@type\":\"ListItem\",\"position\":2,\"name\":\"Carri\u00e8re\"}]},{\"@type\":\"WebSite\",\"@id\":\"https:\/\/www.dms-imaging.com\/#website\",\"url\":\"https:\/\/www.dms-imaging.com\/\",\"name\":\"DMS Imaging\",\"description\":\"DMS Imaging is focused on the development, design and manufacturing of medical imaging systems mainly for digital radiology and bone densitometry.\",\"publisher\":{\"@id\":\"https:\/\/www.dms-imaging.com\/#organization\"},\"potentialAction\":[{\"@type\":\"SearchAction\",\"target\":{\"@type\":\"EntryPoint\",\"urlTemplate\":\"https:\/\/www.dms-imaging.com\/?s={search_term_string}\"},\"query-input\":{\"@type\":\"PropertyValueSpecification\",\"valueRequired\":true,\"valueName\":\"search_term_string\"}}],\"inLanguage\":\"fr-FR\"},{\"@type\":\"Organization\",\"@id\":\"https:\/\/www.dms-imaging.com\/#organization\",\"name\":\"DMS Imaging\",\"url\":\"https:\/\/www.dms-imaging.com\/\",\"logo\":{\"@type\":\"ImageObject\",\"inLanguage\":\"fr-FR\",\"@id\":\"https:\/\/www.dms-imaging.com\/#\/schema\/logo\/image\/\",\"url\":\"https:\/\/dms-imaging.com\/wp-content\/uploads\/2023\/06\/imaging-blanc-MASK.png\",\"contentUrl\":\"https:\/\/dms-imaging.com\/wp-content\/uploads\/2023\/06\/imaging-blanc-MASK.png\",\"width\":2000,\"height\":578,\"caption\":\"DMS Imaging\"},\"image\":{\"@id\":\"https:\/\/www.dms-imaging.com\/#\/schema\/logo\/image\/\"},\"sameAs\":[\"https:\/\/www.linkedin.com\/company\/dmsimaging\/\"]}]}<\/script>\n<!-- \/ Yoast SEO plugin. -->","yoast_head_json":{"title":"Carri\u00e8re &#8212; DMS Imaging","description":"DMS Imaging, c\u2019est une \u00e9quipe d\u2019une centaine de personnes sp\u00e9cialis\u00e9es dans la haute technologique au service de l\u2019imagerie m\u00e9dicale.","robots":{"index":"index","follow":"follow","max-snippet":"max-snippet:-1","max-image-preview":"max-image-preview:large","max-video-preview":"max-video-preview:-1"},"canonical":"https:\/\/www.dms-imaging.com\/fr\/carriere\/","og_locale":"fr_FR","og_type":"article","og_title":"Carri\u00e8re &#8212; DMS Imaging","og_description":"DMS Imaging, c\u2019est une \u00e9quipe d\u2019une centaine de personnes sp\u00e9cialis\u00e9es dans la haute technologique au service de l\u2019imagerie m\u00e9dicale.","og_url":"https:\/\/www.dms-imaging.com\/fr\/carriere\/","og_site_name":"DMS Imaging","article_modified_time":"2026-02-26T13:57:29+00:00","twitter_card":"summary_large_image","twitter_misc":{"Dur\u00e9e de lecture estim\u00e9e":"2 minutes"},"schema":{"@context":"https:\/\/schema.org","@graph":[{"@type":"WebPage","@id":"https:\/\/www.dms-imaging.com\/fr\/carriere\/","url":"https:\/\/www.dms-imaging.com\/fr\/carriere\/","name":"Carri\u00e8re &#8212; DMS Imaging","isPartOf":{"@id":"https:\/\/www.dms-imaging.com\/#website"},"datePublished":"2023-04-05T14:08:47+00:00","dateModified":"2026-02-26T13:57:29+00:00","description":"DMS Imaging, c\u2019est une \u00e9quipe d\u2019une centaine de personnes sp\u00e9cialis\u00e9es dans la haute technologique au service de l\u2019imagerie m\u00e9dicale.","breadcrumb":{"@id":"https:\/\/www.dms-imaging.com\/fr\/carriere\/#breadcrumb"},"inLanguage":"fr-FR","potentialAction":[{"@type":"ReadAction","target":["https:\/\/www.dms-imaging.com\/fr\/carriere\/"]}]},{"@type":"BreadcrumbList","@id":"https:\/\/www.dms-imaging.com\/fr\/carriere\/#breadcrumb","itemListElement":[{"@type":"ListItem","position":1,"name":"Home","item":"https:\/\/www.dms-imaging.com\/fr\/"},{"@type":"ListItem","position":2,"name":"Carri\u00e8re"}]},{"@type":"WebSite","@id":"https:\/\/www.dms-imaging.com\/#website","url":"https:\/\/www.dms-imaging.com\/","name":"DMS Imaging","description":"DMS Imaging is focused on the development, design and manufacturing of medical imaging systems mainly for digital radiology and bone densitometry.","publisher":{"@id":"https:\/\/www.dms-imaging.com\/#organization"},"potentialAction":[{"@type":"SearchAction","target":{"@type":"EntryPoint","urlTemplate":"https:\/\/www.dms-imaging.com\/?s={search_term_string}"},"query-input":{"@type":"PropertyValueSpecification","valueRequired":true,"valueName":"search_term_string"}}],"inLanguage":"fr-FR"},{"@type":"Organization","@id":"https:\/\/www.dms-imaging.com\/#organization","name":"DMS Imaging","url":"https:\/\/www.dms-imaging.com\/","logo":{"@type":"ImageObject","inLanguage":"fr-FR","@id":"https:\/\/www.dms-imaging.com\/#\/schema\/logo\/image\/","url":"https:\/\/dms-imaging.com\/wp-content\/uploads\/2023\/06\/imaging-blanc-MASK.png","contentUrl":"https:\/\/dms-imaging.com\/wp-content\/uploads\/2023\/06\/imaging-blanc-MASK.png","width":2000,"height":578,"caption":"DMS Imaging"},"image":{"@id":"https:\/\/www.dms-imaging.com\/#\/schema\/logo\/image\/"},"sameAs":["https:\/\/www.linkedin.com\/company\/dmsimaging\/"]}]}},"jetpack_sharing_enabled":true,"_links":{"self":[{"href":"https:\/\/www.dms-imaging.com\/fr\/wp-json\/wp\/v2\/pages\/6698","targetHints":{"allow":["GET"]}}],"collection":[{"href":"https:\/\/www.dms-imaging.com\/fr\/wp-json\/wp\/v2\/pages"}],"about":[{"href":"https:\/\/www.dms-imaging.com\/fr\/wp-json\/wp\/v2\/types\/page"}],"author":[{"embeddable":true,"href":"https:\/\/www.dms-imaging.com\/fr\/wp-json\/wp\/v2\/users\/1"}],"replies":[{"embeddable":true,"href":"https:\/\/www.dms-imaging.com\/fr\/wp-json\/wp\/v2\/comments?post=6698"}],"version-history":[{"count":12,"href":"https:\/\/www.dms-imaging.com\/fr\/wp-json\/wp\/v2\/pages\/6698\/revisions"}],"predecessor-version":[{"id":11705,"href":"https:\/\/www.dms-imaging.com\/fr\/wp-json\/wp\/v2\/pages\/6698\/revisions\/11705"}],"wp:attachment":[{"href":"https:\/\/www.dms-imaging.com\/fr\/wp-json\/wp\/v2\/media?parent=6698"}],"curies":[{"name":"wp","href":"https:\/\/api.w.org\/{rel}","templated":true}]}}