{"id":6700,"date":"2023-05-31T10:39:05","date_gmt":"2023-05-31T08:39:05","guid":{"rendered":"http:\/\/dms-imaging.com\/chest-bone-rooms\/"},"modified":"2026-03-17T12:34:43","modified_gmt":"2026-03-17T11:34:43","slug":"salle-os-poumon","status":"publish","type":"page","link":"https:\/\/www.dms-imaging.com\/fr\/salle-os-poumon\/","title":{"rendered":"Salle Os &#038; Poumon"},"content":{"rendered":"<p>[vc_row css=\u00a0\u00bb.vc_custom_1680684244372{padding-top: 140px !important;padding-bottom: 85px !important;background-color: #004db6 !important;}\u00a0\u00bb][vc_column enable_content_animation=\u00a0\u00bbyes\u00a0\u00bb ca_init_scale_x=\u00a0\u00bb1&Prime; ca_init_scale_y=\u00a0\u00bb1.1&Prime; ca_init_opacity=\u00a0\u00bb0&Prime; ca_an_scale_x=\u00a0\u00bb1&Prime; ca_an_scale_y=\u00a0\u00bb1&Prime; ca_an_opacity=\u00a0\u00bb1&Prime; ca_init_scale_z=\u00a0\u00bb1&Prime; ca_an_scale_z=\u00a0\u00bb1&Prime; offset=\u00a0\u00bbvc_col-md-8&Prime; responsive_css=\u00a0\u00bbpadding_right_large:7%25&Prime; ca_duration=\u00a0\u00bb1800&Prime; ca_delay=\u00a0\u00bb180&Prime; ca_init_translate_y=\u00a0\u00bb32&Prime;][ld_fancy_heading tag=\u00a0\u00bbh2&Prime; margin=\u00a0\u00bbbottom_small:0.3em\u00a0\u00bb color=\u00a0\u00bbrgb(255, 255, 255)\u00a0\u00bb]Salle Os &amp; Poumon[\/ld_fancy_heading][ld_fancy_heading tag=\u00a0\u00bbp\u00a0\u00bb color=\u00a0\u00bbrgb(255, 255, 255)\u00a0\u00bb]Mistral[\/ld_fancy_heading][ld_fancy_heading tag=\u00a0\u00bbp\u00a0\u00bb color=\u00a0\u00bbrgb(255, 255, 255)\u00a0\u00bb]Camargue Series[\/ld_fancy_heading][ld_spacer][\/vc_column][\/vc_row][vc_row][vc_column][ld_spacer][\/vc_column][\/vc_row][vc_row equal_height=\u00a0\u00bbyes\u00a0\u00bb content_placement=\u00a0\u00bbmiddle\u00a0\u00bb][vc_column column_content_align=\u00a0\u00bbjustify-content-center\u00a0\u00bb width=\u00a0\u00bb1\/2&Prime;][ld_fancy_heading tag=\u00a0\u00bbh4&Prime; margin=\u00a0\u00bbbottom_small:0.5em\u00a0\u00bb]Mistral[\/ld_fancy_heading][ld_fancy_heading tag=\u00a0\u00bbp\u00a0\u00bb margin=\u00a0\u00bbbottom_small:0.35em\u00a0\u00bb padding=\u00a0\u00bbright_all:25%25|bottom_all:0.5em|right_large:15%25|bottom_large:0.5em\u00a0\u00bb]Con\u00e7ue pour les environnements exigeants, la salle os-poumons MISTRAL est un syst\u00e8me manuel, fiable et \u00e9conomique. Elle associe simplicit\u00e9, robustesse etperformance dans un format accessible, aussi bien pour les environnements cliniques num\u00e9riques qu\u2019analogiques.[\/ld_fancy_heading][ld_spacer][ld_button style=\u00a0\u00bbbtn-solid\u00a0\u00bb title=\u00a0\u00bbT\u00e9l\u00e9charger la brochure\u00a0\u00bb shape=\u00a0\u00bbround\u00a0\u00bb size=\u00a0\u00bbbtn-sm\u00a0\u00bb border=\u00a0\u00bbborder-none\u00a0\u00bb hover_txt_effect=\u00a0\u00bbbtn-hover-txt-liquid-y\u00a0\u00bb i_type=\u00a0\u00bblinea\u00a0\u00bb i_hover_reveal=\u00a0\u00bbbtn-hover-swp\u00a0\u00bb i_add_icon=\u00a0\u00bbtrue\u00a0\u00bb color=\u00a0\u00bbrgb(0, 77, 182)\u00a0\u00bb text_color=\u00a0\u00bbrgb(255, 255, 255)\u00a0\u00bb css=\u00a0\u00bb.vc_custom_1773747280296{padding-top: 0.5em !important;padding-right: 0.5em !important;padding-left: 0.5em !important;}\u00a0\u00bb i_icon_linea=\u00a0\u00bblqd-icn-ess icon-md-arrow-forward\u00a0\u00bb hover_color=\u00a0\u00bbrgb(255, 255, 255)\u00a0\u00bb htext_color=\u00a0\u00bbrgb(0, 77, 182)\u00a0\u00bb link=\u00a0\u00bburl:https%3A%2F%2Fwww.dms-imaging.com%2Fwp-content%2Fuploads%2F2026%2F03%2FMISTRAL-Presentation-FR-03.26.pdf||target:%20_blank|\u00a0\u00bb][\/vc_column][vc_column width=\u00a0\u00bb1\/2&Prime;][ld_images_group_container][ld_images_group_element enable_effects=\u00a0\u00bbyes\u00a0\u00bb enable_hover3d=\u00a0\u00bbyes\u00a0\u00bb enable_reveal=\u00a0\u00bbyes\u00a0\u00bb image=\u00a0\u00bb11725&Prime;][\/ld_images_group_element][\/ld_images_group_container][\/vc_column][\/vc_row][vc_row][vc_column][ld_spacer height=\u00a0\u00bb80px\u00a0\u00bb][\/vc_column][\/vc_row][vc_row equal_height=\u00a0\u00bbyes\u00a0\u00bb content_placement=\u00a0\u00bbmiddle\u00a0\u00bb][vc_column column_content_align=\u00a0\u00bbjustify-content-center\u00a0\u00bb width=\u00a0\u00bb1\/2&Prime;][ld_fancy_heading tag=\u00a0\u00bbh4&Prime; margin=\u00a0\u00bbbottom_small:0.5em\u00a0\u00bb]Camargue Series[\/ld_fancy_heading][ld_fancy_heading tag=\u00a0\u00bbp\u00a0\u00bb margin=\u00a0\u00bbbottom_small:0.35em\u00a0\u00bb padding=\u00a0\u00bbright_all:25%25|bottom_all:0.5em|right_large:15%25|bottom_large:0.5em\u00a0\u00bb]Camargue Series propose des syst\u00e8mes radiographiques motoris\u00e9s de haute performance pour r\u00e9aliser tous les types d\u2019examens osseux et thoraciques, y compris les examens du rachis entier et des membres inf\u00e9rieurs. Disponible en versions au sol ou au plafond, elle offre un confort et un flux de travail optimaux gr\u00e2ce aux fonctions d\u2019auto-tracking et d\u2019auto-stitching, garantissant les meilleurs r\u00e9sultats au quotidien.[\/ld_fancy_heading][ld_spacer][ld_button style=\u00a0\u00bbbtn-solid\u00a0\u00bb title=\u00a0\u00bbT\u00e9l\u00e9charger la brochure\u00a0\u00bb shape=\u00a0\u00bbround\u00a0\u00bb size=\u00a0\u00bbbtn-sm\u00a0\u00bb border=\u00a0\u00bbborder-none\u00a0\u00bb hover_txt_effect=\u00a0\u00bbbtn-hover-txt-liquid-y\u00a0\u00bb i_type=\u00a0\u00bblinea\u00a0\u00bb i_hover_reveal=\u00a0\u00bbbtn-hover-swp\u00a0\u00bb i_add_icon=\u00a0\u00bbtrue\u00a0\u00bb color=\u00a0\u00bbrgb(0, 77, 182)\u00a0\u00bb text_color=\u00a0\u00bbrgb(255, 255, 255)\u00a0\u00bb css=\u00a0\u00bb.vc_custom_1767881811100{padding-top: 0.5em !important;padding-right: 0.5em !important;padding-left: 0.5em !important;}\u00a0\u00bb i_icon_linea=\u00a0\u00bblqd-icn-ess icon-md-arrow-forward\u00a0\u00bb hover_color=\u00a0\u00bbrgb(255, 255, 255)\u00a0\u00bb htext_color=\u00a0\u00bbrgb(0, 77, 182)\u00a0\u00bb link=\u00a0\u00bburl:https%3A%2F%2Fwww.dms-imaging.com%2Fwp-content%2Fuploads%2F2026%2F01%2FCAMARGUE-SERIES-Short-Presentation-FR-04.25.pdf||target:%20_blank|\u00a0\u00bb][\/vc_column][vc_column width=\u00a0\u00bb1\/2&Prime;][ld_images_group_container][ld_images_group_element enable_effects=\u00a0\u00bbyes\u00a0\u00bb enable_hover3d=\u00a0\u00bbyes\u00a0\u00bb enable_reveal=\u00a0\u00bbyes\u00a0\u00bb image=\u00a0\u00bb10220&Prime;][\/ld_images_group_element][\/ld_images_group_container][\/vc_column][\/vc_row][vc_row][vc_column][ld_spacer height=\u00a0\u00bb100px\u00a0\u00bb][\/vc_column][\/vc_row][vc_row][vc_column width=\u00a0\u00bb1\/6&Prime;][ld_fancy_heading tag=\u00a0\u00bbp\u00a0\u00bb use_custom_fonts_title=\u00a0\u00bbtrue\u00a0\u00bb margin=\u00a0\u00bbbottom_small:0.35em\u00a0\u00bb color=\u00a0\u00bbrgb(161, 161, 161)\u00a0\u00bb padding=\u00a0\u00bbright_all:25%25|bottom_all:0.5em|right_large:15%25|bottom_large:0.5em\u00a0\u00bb fs=\u00a0\u00bbtext_all:10px\u00a0\u00bb]MISTRAL[\/ld_fancy_heading][\/vc_column][vc_column width=\u00a0\u00bb5\/6&Prime;][ld_fancy_heading tag=\u00a0\u00bbp\u00a0\u00bb use_custom_fonts_title=\u00a0\u00bbtrue\u00a0\u00bb margin=\u00a0\u00bbbottom_small:0.35em\u00a0\u00bb color=\u00a0\u00bbrgb(161, 161, 161)\u00a0\u00bb padding=\u00a0\u00bbright_all:25%25|bottom_all:0.5em|right_large:15%25|bottom_large:0.5em\u00a0\u00bb fs=\u00a0\u00bbtext_all:10px\u00a0\u00bb]Ce produit, XVISION-525 (nom commercial : MISTRAL), est un \u00e9quipement \u00e0 rayons-X pour le diagnostic, fabriqu\u00e9 par GEMSS Healthcare Co. LTD. Il est certifi\u00e9 en tant dispositif m\u00e9dical de classe IIb dans l\u2019Union Europ\u00e9enne selon la Directive 93\/42\/CEE relative aux dispositifs m\u00e9dicaux par l\u2019organisme T\u00dcV S\u00dcD Product Service GmbH (0123), exclusivement pour l\u2019indication de radiodiagnostic. Lire attentivement les instructions d\u2019utilisation. Les photos sont non-contractuelles.[\/ld_fancy_heading][\/vc_column][\/vc_row][vc_row][vc_column][ld_spacer height=\u00a0\u00bb30px\u00a0\u00bb][\/vc_column][\/vc_row][vc_row][vc_column width=\u00a0\u00bb1\/6&Prime;][ld_fancy_heading tag=\u00a0\u00bbp\u00a0\u00bb use_custom_fonts_title=\u00a0\u00bbtrue\u00a0\u00bb margin=\u00a0\u00bbbottom_small:0.35em\u00a0\u00bb color=\u00a0\u00bbrgb(161, 161, 161)\u00a0\u00bb padding=\u00a0\u00bbright_all:25%25|bottom_all:0.5em|right_large:15%25|bottom_large:0.5em\u00a0\u00bb fs=\u00a0\u00bbtext_all:10px\u00a0\u00bb]CAMARGUE SERIES[\/ld_fancy_heading][\/vc_column][vc_column width=\u00a0\u00bb5\/6&Prime;][ld_fancy_heading tag=\u00a0\u00bbp\u00a0\u00bb use_custom_fonts_title=\u00a0\u00bbtrue\u00a0\u00bb margin=\u00a0\u00bbbottom_small:0.35em\u00a0\u00bb color=\u00a0\u00bbrgb(161, 161, 161)\u00a0\u00bb padding=\u00a0\u00bbright_all:25%25|bottom_all:0.5em|right_large:15%25|bottom_large:0.5em\u00a0\u00bb fs=\u00a0\u00bbtext_all:10px\u00a0\u00bb]Ces produits sont des syst\u00e8mes de radiographies fabriqu\u00e9s par CONTROL-X Medical, qui sont certifi\u00e9s en tant que dispositifs m\u00e9dicaux de classe IIb dans l\u2019Union Europ\u00e9enne selon la Directive 93\/42\/CEE relative aux dispositifs m\u00e9dicaux par NEOEMKI CE1011, exclusivement pour l\u2019indication de radiodiagnostic. Lire attentivement les instructions d\u2019utilisation. Photos non-contractuelles.[\/ld_fancy_heading][\/vc_column][\/vc_row]<\/p>\n","protected":false},"excerpt":{"rendered":"<p>[vc_row css=\u00a0\u00bb.vc_custom_1680684244372{padding-top: 140px !important;padding-bottom: 85px !important;background-color: #004db6 !important;}\u00a0\u00bb][vc_column enable_content_animation=\u00a0\u00bbyes\u00a0\u00bb ca_init_scale_x=\u00a0\u00bb1&Prime; ca_init_scale_y=\u00a0\u00bb1.1&Prime; ca_init_opacity=\u00a0\u00bb0&Prime; ca_an_scale_x=\u00a0\u00bb1&Prime; ca_an_scale_y=\u00a0\u00bb1&Prime; ca_an_opacity=\u00a0\u00bb1&Prime; ca_init_scale_z=\u00a0\u00bb1&Prime; ca_an_scale_z=\u00a0\u00bb1&Prime; offset=\u00a0\u00bbvc_col-md-8&Prime; responsive_css=\u00a0\u00bbpadding_right_large:7%25&Prime; ca_duration=\u00a0\u00bb1800&Prime; ca_delay=\u00a0\u00bb180&Prime; ca_init_translate_y=\u00a0\u00bb32&Prime;][ld_fancy_heading tag=\u00a0\u00bbh2&Prime; margin=\u00a0\u00bbbottom_small:0.3em\u00a0\u00bb color=\u00a0\u00bbrgb(255, 255, 255)\u00a0\u00bb]Salle Os &amp; Poumon[\/ld_fancy_heading][ld_fancy_heading tag=\u00a0\u00bbp\u00a0\u00bb color=\u00a0\u00bbrgb(255, 255, 255)\u00a0\u00bb]Mistral[\/ld_fancy_heading][ld_fancy_heading tag=\u00a0\u00bbp\u00a0\u00bb color=\u00a0\u00bbrgb(255, 255, 255)\u00a0\u00bb]Camargue Series[\/ld_fancy_heading][ld_spacer][\/vc_column][\/vc_row][vc_row][vc_column][ld_spacer][\/vc_column][\/vc_row][vc_row equal_height=\u00a0\u00bbyes\u00a0\u00bb content_placement=\u00a0\u00bbmiddle\u00a0\u00bb][vc_column column_content_align=\u00a0\u00bbjustify-content-center\u00a0\u00bb width=\u00a0\u00bb1\/2&Prime;][ld_fancy_heading tag=\u00a0\u00bbh4&Prime; margin=\u00a0\u00bbbottom_small:0.5em\u00a0\u00bb]Mistral[\/ld_fancy_heading][ld_fancy_heading tag=\u00a0\u00bbp\u00a0\u00bb margin=\u00a0\u00bbbottom_small:0.35em\u00a0\u00bb padding=\u00a0\u00bbright_all:25%25|bottom_all:0.5em|right_large:15%25|bottom_large:0.5em\u00a0\u00bb]Con\u00e7ue pour les environnements exigeants, la salle os-poumons [&hellip;]<\/p>\n","protected":false},"author":1,"featured_media":0,"parent":0,"menu_order":0,"comment_status":"closed","ping_status":"closed","template":"","meta":{"footnotes":""},"class_list":["post-6700","page","type-page","status-publish","hentry"],"yoast_head":"<!-- This site is optimized with the Yoast SEO plugin v26.8 - https:\/\/yoast.com\/product\/yoast-seo-wordpress\/ -->\n<title>Salle Os &amp; Poumon &#8212; DMS Imaging<\/title>\n<meta name=\"description\" content=\"Gamme compl\u00e8te de syst\u00e8mes radiographiqueshautes performances pour tous les types d&#039;examens osseux et thoraciques\" \/>\n<meta name=\"robots\" content=\"index, follow, max-snippet:-1, max-image-preview:large, max-video-preview:-1\" \/>\n<link rel=\"canonical\" href=\"https:\/\/www.dms-imaging.com\/fr\/salle-os-poumon\/\" \/>\n<meta property=\"og:locale\" content=\"fr_FR\" \/>\n<meta property=\"og:type\" content=\"article\" \/>\n<meta property=\"og:title\" content=\"Salle Os &amp; Poumon &#8212; DMS Imaging\" \/>\n<meta property=\"og:description\" content=\"Gamme compl\u00e8te de syst\u00e8mes radiographiqueshautes performances pour tous les types d&#039;examens osseux et thoraciques\" \/>\n<meta property=\"og:url\" content=\"https:\/\/www.dms-imaging.com\/fr\/salle-os-poumon\/\" \/>\n<meta property=\"og:site_name\" content=\"DMS Imaging\" \/>\n<meta property=\"article:modified_time\" content=\"2026-03-17T11:34:43+00:00\" \/>\n<meta name=\"twitter:card\" content=\"summary_large_image\" \/>\n<meta name=\"twitter:label1\" content=\"Dur\u00e9e de lecture estim\u00e9e\" \/>\n\t<meta name=\"twitter:data1\" content=\"2 minutes\" \/>\n<script type=\"application\/ld+json\" class=\"yoast-schema-graph\">{\"@context\":\"https:\/\/schema.org\",\"@graph\":[{\"@type\":\"WebPage\",\"@id\":\"https:\/\/www.dms-imaging.com\/fr\/salle-os-poumon\/\",\"url\":\"https:\/\/www.dms-imaging.com\/fr\/salle-os-poumon\/\",\"name\":\"Salle Os & Poumon &#8212; DMS Imaging\",\"isPartOf\":{\"@id\":\"https:\/\/www.dms-imaging.com\/#website\"},\"datePublished\":\"2023-05-31T08:39:05+00:00\",\"dateModified\":\"2026-03-17T11:34:43+00:00\",\"description\":\"Gamme compl\u00e8te de syst\u00e8mes radiographiqueshautes performances pour tous les types d'examens osseux et thoraciques\",\"breadcrumb\":{\"@id\":\"https:\/\/www.dms-imaging.com\/fr\/salle-os-poumon\/#breadcrumb\"},\"inLanguage\":\"fr-FR\",\"potentialAction\":[{\"@type\":\"ReadAction\",\"target\":[\"https:\/\/www.dms-imaging.com\/fr\/salle-os-poumon\/\"]}]},{\"@type\":\"BreadcrumbList\",\"@id\":\"https:\/\/www.dms-imaging.com\/fr\/salle-os-poumon\/#breadcrumb\",\"itemListElement\":[{\"@type\":\"ListItem\",\"position\":1,\"name\":\"Home\",\"item\":\"https:\/\/www.dms-imaging.com\/fr\/\"},{\"@type\":\"ListItem\",\"position\":2,\"name\":\"Salle Os &#038; Poumon\"}]},{\"@type\":\"WebSite\",\"@id\":\"https:\/\/www.dms-imaging.com\/#website\",\"url\":\"https:\/\/www.dms-imaging.com\/\",\"name\":\"DMS Imaging\",\"description\":\"DMS Imaging is focused on the development, design and manufacturing of medical imaging systems mainly for digital radiology and bone densitometry.\",\"publisher\":{\"@id\":\"https:\/\/www.dms-imaging.com\/#organization\"},\"potentialAction\":[{\"@type\":\"SearchAction\",\"target\":{\"@type\":\"EntryPoint\",\"urlTemplate\":\"https:\/\/www.dms-imaging.com\/?s={search_term_string}\"},\"query-input\":{\"@type\":\"PropertyValueSpecification\",\"valueRequired\":true,\"valueName\":\"search_term_string\"}}],\"inLanguage\":\"fr-FR\"},{\"@type\":\"Organization\",\"@id\":\"https:\/\/www.dms-imaging.com\/#organization\",\"name\":\"DMS Imaging\",\"url\":\"https:\/\/www.dms-imaging.com\/\",\"logo\":{\"@type\":\"ImageObject\",\"inLanguage\":\"fr-FR\",\"@id\":\"https:\/\/www.dms-imaging.com\/#\/schema\/logo\/image\/\",\"url\":\"https:\/\/dms-imaging.com\/wp-content\/uploads\/2023\/06\/imaging-blanc-MASK.png\",\"contentUrl\":\"https:\/\/dms-imaging.com\/wp-content\/uploads\/2023\/06\/imaging-blanc-MASK.png\",\"width\":2000,\"height\":578,\"caption\":\"DMS Imaging\"},\"image\":{\"@id\":\"https:\/\/www.dms-imaging.com\/#\/schema\/logo\/image\/\"},\"sameAs\":[\"https:\/\/www.linkedin.com\/company\/dmsimaging\/\"]}]}<\/script>\n<!-- \/ Yoast SEO plugin. -->","yoast_head_json":{"title":"Salle Os & Poumon &#8212; DMS Imaging","description":"Gamme compl\u00e8te de syst\u00e8mes radiographiqueshautes performances pour tous les types d'examens osseux et thoraciques","robots":{"index":"index","follow":"follow","max-snippet":"max-snippet:-1","max-image-preview":"max-image-preview:large","max-video-preview":"max-video-preview:-1"},"canonical":"https:\/\/www.dms-imaging.com\/fr\/salle-os-poumon\/","og_locale":"fr_FR","og_type":"article","og_title":"Salle Os & Poumon &#8212; DMS Imaging","og_description":"Gamme compl\u00e8te de syst\u00e8mes radiographiqueshautes performances pour tous les types d'examens osseux et thoraciques","og_url":"https:\/\/www.dms-imaging.com\/fr\/salle-os-poumon\/","og_site_name":"DMS Imaging","article_modified_time":"2026-03-17T11:34:43+00:00","twitter_card":"summary_large_image","twitter_misc":{"Dur\u00e9e de lecture estim\u00e9e":"2 minutes"},"schema":{"@context":"https:\/\/schema.org","@graph":[{"@type":"WebPage","@id":"https:\/\/www.dms-imaging.com\/fr\/salle-os-poumon\/","url":"https:\/\/www.dms-imaging.com\/fr\/salle-os-poumon\/","name":"Salle Os & Poumon &#8212; DMS Imaging","isPartOf":{"@id":"https:\/\/www.dms-imaging.com\/#website"},"datePublished":"2023-05-31T08:39:05+00:00","dateModified":"2026-03-17T11:34:43+00:00","description":"Gamme compl\u00e8te de syst\u00e8mes radiographiqueshautes performances pour tous les types d'examens osseux et thoraciques","breadcrumb":{"@id":"https:\/\/www.dms-imaging.com\/fr\/salle-os-poumon\/#breadcrumb"},"inLanguage":"fr-FR","potentialAction":[{"@type":"ReadAction","target":["https:\/\/www.dms-imaging.com\/fr\/salle-os-poumon\/"]}]},{"@type":"BreadcrumbList","@id":"https:\/\/www.dms-imaging.com\/fr\/salle-os-poumon\/#breadcrumb","itemListElement":[{"@type":"ListItem","position":1,"name":"Home","item":"https:\/\/www.dms-imaging.com\/fr\/"},{"@type":"ListItem","position":2,"name":"Salle Os &#038; Poumon"}]},{"@type":"WebSite","@id":"https:\/\/www.dms-imaging.com\/#website","url":"https:\/\/www.dms-imaging.com\/","name":"DMS Imaging","description":"DMS Imaging is focused on the development, design and manufacturing of medical imaging systems mainly for digital radiology and bone densitometry.","publisher":{"@id":"https:\/\/www.dms-imaging.com\/#organization"},"potentialAction":[{"@type":"SearchAction","target":{"@type":"EntryPoint","urlTemplate":"https:\/\/www.dms-imaging.com\/?s={search_term_string}"},"query-input":{"@type":"PropertyValueSpecification","valueRequired":true,"valueName":"search_term_string"}}],"inLanguage":"fr-FR"},{"@type":"Organization","@id":"https:\/\/www.dms-imaging.com\/#organization","name":"DMS Imaging","url":"https:\/\/www.dms-imaging.com\/","logo":{"@type":"ImageObject","inLanguage":"fr-FR","@id":"https:\/\/www.dms-imaging.com\/#\/schema\/logo\/image\/","url":"https:\/\/dms-imaging.com\/wp-content\/uploads\/2023\/06\/imaging-blanc-MASK.png","contentUrl":"https:\/\/dms-imaging.com\/wp-content\/uploads\/2023\/06\/imaging-blanc-MASK.png","width":2000,"height":578,"caption":"DMS Imaging"},"image":{"@id":"https:\/\/www.dms-imaging.com\/#\/schema\/logo\/image\/"},"sameAs":["https:\/\/www.linkedin.com\/company\/dmsimaging\/"]}]}},"jetpack_sharing_enabled":true,"_links":{"self":[{"href":"https:\/\/www.dms-imaging.com\/fr\/wp-json\/wp\/v2\/pages\/6700","targetHints":{"allow":["GET"]}}],"collection":[{"href":"https:\/\/www.dms-imaging.com\/fr\/wp-json\/wp\/v2\/pages"}],"about":[{"href":"https:\/\/www.dms-imaging.com\/fr\/wp-json\/wp\/v2\/types\/page"}],"author":[{"embeddable":true,"href":"https:\/\/www.dms-imaging.com\/fr\/wp-json\/wp\/v2\/users\/1"}],"replies":[{"embeddable":true,"href":"https:\/\/www.dms-imaging.com\/fr\/wp-json\/wp\/v2\/comments?post=6700"}],"version-history":[{"count":24,"href":"https:\/\/www.dms-imaging.com\/fr\/wp-json\/wp\/v2\/pages\/6700\/revisions"}],"predecessor-version":[{"id":11753,"href":"https:\/\/www.dms-imaging.com\/fr\/wp-json\/wp\/v2\/pages\/6700\/revisions\/11753"}],"wp:attachment":[{"href":"https:\/\/www.dms-imaging.com\/fr\/wp-json\/wp\/v2\/media?parent=6700"}],"curies":[{"name":"wp","href":"https:\/\/api.w.org\/{rel}","templated":true}]}}