{"id":6703,"date":"2023-05-03T13:49:44","date_gmt":"2023-05-03T11:49:44","guid":{"rendered":"http:\/\/dms-imaging.com\/distributors\/"},"modified":"2023-07-06T09:02:22","modified_gmt":"2023-07-06T07:02:22","slug":"distributeurs","status":"publish","type":"page","link":"https:\/\/www.dms-imaging.com\/fr\/distributeurs\/","title":{"rendered":"Distributeurs"},"content":{"rendered":"<p>[vc_row css=\u00a0\u00bb.vc_custom_1605860062467{padding-top: 130px !important;padding-bottom: 55px !important;}\u00a0\u00bb][vc_column enable_content_animation=\u00a0\u00bbyes\u00a0\u00bb ca_init_scale_x=\u00a0\u00bb1&Prime; ca_init_scale_y=\u00a0\u00bb1&Prime; ca_init_origin_x=\u00a0\u00bb0%\u00a0\u00bb ca_init_opacity=\u00a0\u00bb0&Prime; ca_an_scale_x=\u00a0\u00bb1&Prime; ca_an_scale_y=\u00a0\u00bb1&Prime; ca_an_opacity=\u00a0\u00bb1&Prime; ca_init_scale_z=\u00a0\u00bb1&Prime; ca_an_scale_z=\u00a0\u00bb1&Prime; offset=\u00a0\u00bbvc_col-md-8&Prime; ca_duration=\u00a0\u00bb1800&Prime; ca_delay=\u00a0\u00bb180&Prime; ca_init_translate_y=\u00a0\u00bb35&Prime; ca_init_rotate_y=\u00a0\u00bb20&Prime;][ld_fancy_heading margin=\u00a0\u00bbbottom_small:0.25em\u00a0\u00bb]Bienvenue<br \/>\n\u00e0 DMS Imaging[\/ld_fancy_heading][ld_fancy_heading tag=\u00a0\u00bbp\u00a0\u00bb padding=\u00a0\u00bbright_all:15%25&Prime;]Merci \u00e0 nos 140 distributeurs de tous continents qui nous font confiance.[\/ld_fancy_heading][\/vc_column][\/vc_row][vc_row gap=\u00a0\u00bb0&Prime; content_placement=\u00a0\u00bbmiddle\u00a0\u00bb enable_content_animation=\u00a0\u00bbyes\u00a0\u00bb ca_init_scale_x=\u00a0\u00bb0.95&Prime; ca_init_scale_y=\u00a0\u00bb0.95&Prime; ca_init_opacity=\u00a0\u00bb0&Prime; ca_an_scale_x=\u00a0\u00bb1&Prime; ca_an_scale_y=\u00a0\u00bb1&Prime; ca_an_opacity=\u00a0\u00bb1&Prime; ca_init_scale_z=\u00a0\u00bb1&Prime; ca_an_scale_z=\u00a0\u00bb1&Prime; ca_duration=\u00a0\u00bb1800&Prime; ca_delay=\u00a0\u00bb180&Prime;][vc_column bg_position=\u00a0\u00bbcenter center\u00a0\u00bb css=\u00a0\u00bb.vc_custom_1688626896574{padding-top: 45vh !important;background-image: url(https:\/\/www.dms-imaging.com\/wp-content\/uploads\/2023\/07\/DMS-Imaging-french-leader.jpg?id=7511) !important;background-position: center !important;background-repeat: no-repeat !important;background-size: cover !important;}\u00a0\u00bb responsive_align=\u00a0\u00bbtext-right\u00a0\u00bb][ld_button style=\u00a0\u00bbbtn-solid\u00a0\u00bb title=\u00a0\u00bbAcc\u00e8s Cloud Distributeurs\u00a0\u00bb border=\u00a0\u00bbborder-none\u00a0\u00bb i_type=\u00a0\u00bblinea\u00a0\u00bb i_add_icon=\u00a0\u00bbtrue\u00a0\u00bb i_icon_linea=\u00a0\u00bblqd-icn-ess icon-ion-ios-arrow-forward\u00a0\u00bb i_margin_left=\u00a0\u00bb10vw\u00a0\u00bb color=\u00a0\u00bbrgb(0, 77, 182)\u00a0\u00bb text_color=\u00a0\u00bbrgb(255, 255, 255)\u00a0\u00bb hover_color=\u00a0\u00bbrgb(0, 0, 0)\u00a0\u00bb htext_color=\u00a0\u00bbrgb(255, 255, 255)\u00a0\u00bb link=\u00a0\u00bburl:https%3A%2F%2Fcloud.dms-imaging.com%2Findex.php%2F||target:%20_blank|\u00a0\u00bb][\/vc_column][\/vc_row][vc_row gap=\u00a0\u00bb0&Prime; enable_content_animation=\u00a0\u00bbyes\u00a0\u00bb ca_init_scale_x=\u00a0\u00bb1&Prime; ca_init_scale_y=\u00a0\u00bb1&Prime; ca_init_opacity=\u00a0\u00bb0&Prime; ca_an_scale_x=\u00a0\u00bb1&Prime; ca_an_scale_y=\u00a0\u00bb1&Prime; ca_an_opacity=\u00a0\u00bb1&Prime; ca_init_scale_z=\u00a0\u00bb1&Prime; ca_an_scale_z=\u00a0\u00bb1&Prime; css=\u00a0\u00bb.vc_custom_1611647846323{padding-top: 60px !important;padding-right: 15px !important;padding-bottom: 60px !important;padding-left: 15px !important;}\u00a0\u00bb ca_duration=\u00a0\u00bb1800&Prime; ca_delay=\u00a0\u00bb180&Prime; ca_init_translate_y=\u00a0\u00bb45&Prime; responsive_css=\u00a0\u00bbpadding_right_medium:0px|padding_left_medium:0px\u00a0\u00bb][vc_column width=\u00a0\u00bb5\/12&Prime; offset=\u00a0\u00bbvc_col-md-4&Prime; responsive_css=\u00a0\u00bbborder_right_medium:1px|padding_right_medium:12%25&Prime; css=\u00a0\u00bb.vc_custom_1605863469633{border-right-width: 0px !important;border-right-color: #dbdbdb !important;border-right-style: solid !important;}\u00a0\u00bb][ld_fancy_heading tag=\u00a0\u00bbh2&Prime; use_custom_fonts_title=\u00a0\u00bbtrue\u00a0\u00bb fs=\u00a0\u00bbtext_small:32px\u00a0\u00bb lh=\u00a0\u00bbtext_small:1.05em\u00a0\u00bb]Bringing Intelligence to Imaging[\/ld_fancy_heading][\/vc_column][vc_column width=\u00a0\u00bb1\/2&Prime; offset=\u00a0\u00bbvc_col-md-7 vc_col-sm-offset-1&Prime;][ld_fancy_heading tag=\u00a0\u00bbp\u00a0\u00bb use_custom_fonts_title=\u00a0\u00bbtrue\u00a0\u00bb fs=\u00a0\u00bbtext_small:16px\u00a0\u00bb lh=\u00a0\u00bbtext_small:1.5em\u00a0\u00bb]Nous sommes des optimistes qui aimons travailler ensemble. Notre mission est de produire un travail de la plus haute qualit\u00e9 pour chaque client, sur chaque projet. Collaborons et cr\u00e9ons un impact gr\u00e2ce \u00e0 notre approche pluridisciplinaire de la conception et du d\u00e9veloppement.[\/ld_fancy_heading][\/vc_column][\/vc_row][vc_row gap=\u00a0\u00bb0&Prime; equal_height=\u00a0\u00bbyes\u00a0\u00bb content_placement=\u00a0\u00bbmiddle\u00a0\u00bb enable_content_animation=\u00a0\u00bbyes\u00a0\u00bb ca_init_scale_x=\u00a0\u00bb1&Prime; ca_init_scale_y=\u00a0\u00bb1&Prime; ca_init_origin_z=\u00a0\u00bb\u00a0\u00bb ca_init_opacity=\u00a0\u00bb0&Prime; ca_an_scale_x=\u00a0\u00bb1&Prime; ca_an_scale_y=\u00a0\u00bb1&Prime; ca_an_opacity=\u00a0\u00bb1&Prime; ca_init_scale_z=\u00a0\u00bb1&Prime; ca_an_scale_z=\u00a0\u00bb1&Prime; ca_duration=\u00a0\u00bb1800&Prime; ca_delay=\u00a0\u00bb180&Prime; ca_init_translate_z=\u00a0\u00bb0&Prime; ca_init_rotate_x=\u00a0\u00bb0&Prime; ca_init_translate_y=\u00a0\u00bb0&Prime; ca_start_delay=\u00a0\u00bb650&Prime;][vc_column width=\u00a0\u00bb7\/12&Prime; bg_position=\u00a0\u00bbcenter center\u00a0\u00bb css=\u00a0\u00bb.vc_custom_1688626919890{background-image: url(https:\/\/www.dms-imaging.com\/wp-content\/uploads\/2023\/07\/DMS-After-sales-department.jpg?id=7484) !important;background-position: center !important;background-repeat: no-repeat !important;background-size: cover !important;}\u00a0\u00bb][\/vc_column][vc_column width=\u00a0\u00bb5\/12&Prime; enable_content_animation=\u00a0\u00bbyes\u00a0\u00bb ca_init_scale_x=\u00a0\u00bb1&Prime; ca_init_scale_y=\u00a0\u00bb1&Prime; ca_init_opacity=\u00a0\u00bb0&Prime; ca_an_scale_x=\u00a0\u00bb1&Prime; ca_an_scale_y=\u00a0\u00bb1&Prime; ca_an_opacity=\u00a0\u00bb1&Prime; ca_init_scale_z=\u00a0\u00bb1&Prime; ca_an_scale_z=\u00a0\u00bb1&Prime; css=\u00a0\u00bb.vc_custom_1605866388558{padding-top: 55px !important;padding-right: 20px !important;padding-bottom: 55px !important;padding-left: 20px !important;background-color: #f8f8f8 !important;}\u00a0\u00bb responsive_css=\u00a0\u00bbpadding_right_medium:60px|padding_left_medium:60px|padding_right_small:35px|padding_left_small:35px\u00a0\u00bb ca_duration=\u00a0\u00bb1800&Prime; ca_start_delay=\u00a0\u00bb1200&Prime; ca_delay=\u00a0\u00bb180&Prime; ca_init_translate_y=\u00a0\u00bb30&Prime;][ld_fancy_heading tag=\u00a0\u00bbh2&Prime; use_custom_fonts_title=\u00a0\u00bbtrue\u00a0\u00bb fs=\u00a0\u00bbtext_small:32px\u00a0\u00bb lh=\u00a0\u00bbtext_small:1.06em\u00a0\u00bb margin=\u00a0\u00bbbottom_small:0.35em\u00a0\u00bb]Un service apr\u00e8s-vente d\u00e9di\u00e9[\/ld_fancy_heading][ld_fancy_heading tag=\u00a0\u00bbp\u00a0\u00bb use_custom_fonts_title=\u00a0\u00bbtrue\u00a0\u00bb fs=\u00a0\u00bbtext_small:16px\u00a0\u00bb lh=\u00a0\u00bbtext_small:1.5em\u00a0\u00bb][\/ld_fancy_heading][\/vc_column][\/vc_row][vc_row gap=\u00a0\u00bb0&Prime; equal_height=\u00a0\u00bbyes\u00a0\u00bb enable_content_animation=\u00a0\u00bbyes\u00a0\u00bb ca_init_scale_x=\u00a0\u00bb1&Prime; ca_init_scale_y=\u00a0\u00bb1&Prime; ca_init_opacity=\u00a0\u00bb0&Prime; ca_an_scale_x=\u00a0\u00bb1&Prime; ca_an_scale_y=\u00a0\u00bb1&Prime; ca_an_opacity=\u00a0\u00bb1&Prime; ca_init_scale_z=\u00a0\u00bb1&Prime; ca_an_scale_z=\u00a0\u00bb1&Prime; ca_duration=\u00a0\u00bb1800&Prime; ca_start_delay=\u00a0\u00bb1600&Prime; ca_delay=\u00a0\u00bb180&Prime; ca_init_translate_y=\u00a0\u00bb45&Prime;][vc_column width=\u00a0\u00bb7\/12&Prime; css=\u00a0\u00bb.vc_custom_1605862055966{border-left-width: 1px !important;border-left-color: #d6d6d6 !important;border-left-style: solid !important;}\u00a0\u00bb][vc_row_inner responsive_css=\u00a0\u00bbpadding_right_large:160px|padding_right_medium:60px|padding_left_medium:60px|padding_right_small:35px|padding_left_small:35px\u00a0\u00bb css=\u00a0\u00bb.vc_custom_1605861706719{padding-top: 45px !important;padding-right: 20px !important;padding-bottom: 45px !important;padding-left: 20px !important;}\u00a0\u00bb][vc_column_inner][ld_fancy_heading tag=\u00a0\u00bbh2&Prime; use_custom_fonts_title=\u00a0\u00bbtrue\u00a0\u00bb fs=\u00a0\u00bbtext_small:32px\u00a0\u00bb lh=\u00a0\u00bbtext_small:1em\u00a0\u00bb]Outils en ligne &amp; documentation commerciale[\/ld_fancy_heading][ld_fancy_heading tag=\u00a0\u00bbp\u00a0\u00bb use_custom_fonts_title=\u00a0\u00bbtrue\u00a0\u00bb fs=\u00a0\u00bbtext_small:16px\u00a0\u00bb lh=\u00a0\u00bbtext_small:1.5em\u00a0\u00bb][\/ld_fancy_heading][\/vc_column_inner][\/vc_row_inner][vc_row_inner equal_height=\u00a0\u00bbyes\u00a0\u00bb content_placement=\u00a0\u00bbmiddle\u00a0\u00bb gap=\u00a0\u00bb0&Prime; css=\u00a0\u00bb.vc_custom_1605862068479{border-top-width: 1px !important;border-top-color: #d6d6d6 !important;border-top-style: solid !important;}\u00a0\u00bb][vc_column_inner width=\u00a0\u00bb1\/2&Prime; bg_position=\u00a0\u00bbcenter center\u00a0\u00bb css=\u00a0\u00bb.vc_custom_1683115458874{padding-top: 80px !important;padding-bottom: 80px !important;background-image: url(http:\/\/dms-imaging.com\/wp-content\/uploads\/2023\/04\/imaging-color.png?id=5121) !important;background-position: center !important;background-repeat: no-repeat !important;background-size: contain !important;}\u00a0\u00bb][\/vc_column_inner][vc_column_inner width=\u00a0\u00bb1\/2&Prime; responsive_css=\u00a0\u00bbpadding_right_medium:40px|padding_left_medium:40px\u00a0\u00bb css=\u00a0\u00bb.vc_custom_1605861946359{padding-top: 50px !important;padding-right: 20px !important;padding-bottom: 50px !important;padding-left: 20px !important;}\u00a0\u00bb][ld_fancy_heading tag=\u00a0\u00bbh2&Prime; use_custom_fonts_title=\u00a0\u00bbtrue\u00a0\u00bb fs=\u00a0\u00bbtext_small:32px\u00a0\u00bb lh=\u00a0\u00bbtext_small:1em\u00a0\u00bb]Dynamiser l&rsquo;industrie de l&rsquo;imagerie.[\/ld_fancy_heading][ld_fancy_heading tag=\u00a0\u00bbp\u00a0\u00bb use_custom_fonts_title=\u00a0\u00bbtrue\u00a0\u00bb fs=\u00a0\u00bbtext_small:14px\u00a0\u00bb lh=\u00a0\u00bbtext_small:1.35em\u00a0\u00bb][\/ld_fancy_heading][\/vc_column_inner][\/vc_row_inner][\/vc_column][vc_column width=\u00a0\u00bb5\/12&Prime; bg_position=\u00a0\u00bbcenter top\u00a0\u00bb css=\u00a0\u00bb.vc_custom_1688626934624{padding-top: 120px !important;padding-bottom: 120px !important;background-image: url(https:\/\/www.dms-imaging.com\/wp-content\/uploads\/2023\/07\/bone-densitometry-osteo.jpg?id=7513) !important;background-position: center !important;background-repeat: no-repeat !important;background-size: cover !important;}\u00a0\u00bb][\/vc_column][\/vc_row]<\/p>\n","protected":false},"excerpt":{"rendered":"<p>[vc_row css=\u00a0\u00bb.vc_custom_1605860062467{padding-top: 130px !important;padding-bottom: 55px !important;}\u00a0\u00bb][vc_column enable_content_animation=\u00a0\u00bbyes\u00a0\u00bb ca_init_scale_x=\u00a0\u00bb1&Prime; ca_init_scale_y=\u00a0\u00bb1&Prime; ca_init_origin_x=\u00a0\u00bb0%\u00a0\u00bb ca_init_opacity=\u00a0\u00bb0&Prime; ca_an_scale_x=\u00a0\u00bb1&Prime; ca_an_scale_y=\u00a0\u00bb1&Prime; ca_an_opacity=\u00a0\u00bb1&Prime; ca_init_scale_z=\u00a0\u00bb1&Prime; ca_an_scale_z=\u00a0\u00bb1&Prime; offset=\u00a0\u00bbvc_col-md-8&Prime; ca_duration=\u00a0\u00bb1800&Prime; ca_delay=\u00a0\u00bb180&Prime; ca_init_translate_y=\u00a0\u00bb35&Prime; ca_init_rotate_y=\u00a0\u00bb20&Prime;][ld_fancy_heading margin=\u00a0\u00bbbottom_small:0.25em\u00a0\u00bb]Bienvenue \u00e0 DMS Imaging[\/ld_fancy_heading][ld_fancy_heading tag=\u00a0\u00bbp\u00a0\u00bb padding=\u00a0\u00bbright_all:15%25&Prime;]Merci \u00e0 nos 140 distributeurs de tous continents qui nous font confiance.[\/ld_fancy_heading][\/vc_column][\/vc_row][vc_row gap=\u00a0\u00bb0&Prime; content_placement=\u00a0\u00bbmiddle\u00a0\u00bb enable_content_animation=\u00a0\u00bbyes\u00a0\u00bb ca_init_scale_x=\u00a0\u00bb0.95&Prime; ca_init_scale_y=\u00a0\u00bb0.95&Prime; ca_init_opacity=\u00a0\u00bb0&Prime; ca_an_scale_x=\u00a0\u00bb1&Prime; ca_an_scale_y=\u00a0\u00bb1&Prime; ca_an_opacity=\u00a0\u00bb1&Prime; ca_init_scale_z=\u00a0\u00bb1&Prime; ca_an_scale_z=\u00a0\u00bb1&Prime; ca_duration=\u00a0\u00bb1800&Prime; ca_delay=\u00a0\u00bb180&Prime;][vc_column bg_position=\u00a0\u00bbcenter center\u00a0\u00bb css=\u00a0\u00bb.vc_custom_1688626896574{padding-top: 45vh [&hellip;]<\/p>\n","protected":false},"author":1,"featured_media":0,"parent":0,"menu_order":0,"comment_status":"closed","ping_status":"closed","template":"","meta":{"footnotes":""},"class_list":["post-6703","page","type-page","status-publish","hentry"],"yoast_head":"<!-- This site is optimized with the Yoast SEO plugin v26.8 - https:\/\/yoast.com\/product\/yoast-seo-wordpress\/ -->\n<title>Distributeurs &#8212; DMS Imaging<\/title>\n<meta name=\"description\" content=\"Avec plus de 40 ans d&#039;exp\u00e9rience, DMS Imaging dispose d&#039;un r\u00e9seau \u00e9tabli de 140 distributeurs \u00e0 travers le monde et plusieurs partenariats OEM\" \/>\n<meta name=\"robots\" content=\"index, follow, max-snippet:-1, max-image-preview:large, max-video-preview:-1\" \/>\n<link rel=\"canonical\" href=\"https:\/\/www.dms-imaging.com\/fr\/distributeurs\/\" \/>\n<meta property=\"og:locale\" content=\"fr_FR\" \/>\n<meta property=\"og:type\" content=\"article\" \/>\n<meta property=\"og:title\" content=\"Distributeurs &#8212; DMS Imaging\" \/>\n<meta property=\"og:description\" content=\"Avec plus de 40 ans d&#039;exp\u00e9rience, DMS Imaging dispose d&#039;un r\u00e9seau \u00e9tabli de 140 distributeurs \u00e0 travers le monde et plusieurs partenariats OEM\" \/>\n<meta property=\"og:url\" content=\"https:\/\/www.dms-imaging.com\/fr\/distributeurs\/\" \/>\n<meta property=\"og:site_name\" content=\"DMS Imaging\" \/>\n<meta property=\"article:modified_time\" content=\"2023-07-06T07:02:22+00:00\" \/>\n<meta name=\"twitter:card\" content=\"summary_large_image\" \/>\n<meta name=\"twitter:label1\" content=\"Dur\u00e9e de lecture estim\u00e9e\" \/>\n\t<meta name=\"twitter:data1\" content=\"2 minutes\" \/>\n<script type=\"application\/ld+json\" class=\"yoast-schema-graph\">{\"@context\":\"https:\/\/schema.org\",\"@graph\":[{\"@type\":\"WebPage\",\"@id\":\"https:\/\/www.dms-imaging.com\/fr\/distributeurs\/\",\"url\":\"https:\/\/www.dms-imaging.com\/fr\/distributeurs\/\",\"name\":\"Distributeurs &#8212; DMS Imaging\",\"isPartOf\":{\"@id\":\"https:\/\/www.dms-imaging.com\/#website\"},\"datePublished\":\"2023-05-03T11:49:44+00:00\",\"dateModified\":\"2023-07-06T07:02:22+00:00\",\"description\":\"Avec plus de 40 ans d'exp\u00e9rience, DMS Imaging dispose d'un r\u00e9seau \u00e9tabli de 140 distributeurs \u00e0 travers le monde et plusieurs partenariats OEM\",\"breadcrumb\":{\"@id\":\"https:\/\/www.dms-imaging.com\/fr\/distributeurs\/#breadcrumb\"},\"inLanguage\":\"fr-FR\",\"potentialAction\":[{\"@type\":\"ReadAction\",\"target\":[\"https:\/\/www.dms-imaging.com\/fr\/distributeurs\/\"]}]},{\"@type\":\"BreadcrumbList\",\"@id\":\"https:\/\/www.dms-imaging.com\/fr\/distributeurs\/#breadcrumb\",\"itemListElement\":[{\"@type\":\"ListItem\",\"position\":1,\"name\":\"Home\",\"item\":\"https:\/\/www.dms-imaging.com\/fr\/\"},{\"@type\":\"ListItem\",\"position\":2,\"name\":\"Distributeurs\"}]},{\"@type\":\"WebSite\",\"@id\":\"https:\/\/www.dms-imaging.com\/#website\",\"url\":\"https:\/\/www.dms-imaging.com\/\",\"name\":\"DMS Imaging\",\"description\":\"DMS Imaging is focused on the development, design and manufacturing of medical imaging systems mainly for digital radiology and bone densitometry.\",\"publisher\":{\"@id\":\"https:\/\/www.dms-imaging.com\/#organization\"},\"potentialAction\":[{\"@type\":\"SearchAction\",\"target\":{\"@type\":\"EntryPoint\",\"urlTemplate\":\"https:\/\/www.dms-imaging.com\/?s={search_term_string}\"},\"query-input\":{\"@type\":\"PropertyValueSpecification\",\"valueRequired\":true,\"valueName\":\"search_term_string\"}}],\"inLanguage\":\"fr-FR\"},{\"@type\":\"Organization\",\"@id\":\"https:\/\/www.dms-imaging.com\/#organization\",\"name\":\"DMS Imaging\",\"url\":\"https:\/\/www.dms-imaging.com\/\",\"logo\":{\"@type\":\"ImageObject\",\"inLanguage\":\"fr-FR\",\"@id\":\"https:\/\/www.dms-imaging.com\/#\/schema\/logo\/image\/\",\"url\":\"https:\/\/dms-imaging.com\/wp-content\/uploads\/2023\/06\/imaging-blanc-MASK.png\",\"contentUrl\":\"https:\/\/dms-imaging.com\/wp-content\/uploads\/2023\/06\/imaging-blanc-MASK.png\",\"width\":2000,\"height\":578,\"caption\":\"DMS Imaging\"},\"image\":{\"@id\":\"https:\/\/www.dms-imaging.com\/#\/schema\/logo\/image\/\"},\"sameAs\":[\"https:\/\/www.linkedin.com\/company\/dmsimaging\/\"]}]}<\/script>\n<!-- \/ Yoast SEO plugin. -->","yoast_head_json":{"title":"Distributeurs &#8212; DMS Imaging","description":"Avec plus de 40 ans d'exp\u00e9rience, DMS Imaging dispose d'un r\u00e9seau \u00e9tabli de 140 distributeurs \u00e0 travers le monde et plusieurs partenariats OEM","robots":{"index":"index","follow":"follow","max-snippet":"max-snippet:-1","max-image-preview":"max-image-preview:large","max-video-preview":"max-video-preview:-1"},"canonical":"https:\/\/www.dms-imaging.com\/fr\/distributeurs\/","og_locale":"fr_FR","og_type":"article","og_title":"Distributeurs &#8212; DMS Imaging","og_description":"Avec plus de 40 ans d'exp\u00e9rience, DMS Imaging dispose d'un r\u00e9seau \u00e9tabli de 140 distributeurs \u00e0 travers le monde et plusieurs partenariats OEM","og_url":"https:\/\/www.dms-imaging.com\/fr\/distributeurs\/","og_site_name":"DMS Imaging","article_modified_time":"2023-07-06T07:02:22+00:00","twitter_card":"summary_large_image","twitter_misc":{"Dur\u00e9e de lecture estim\u00e9e":"2 minutes"},"schema":{"@context":"https:\/\/schema.org","@graph":[{"@type":"WebPage","@id":"https:\/\/www.dms-imaging.com\/fr\/distributeurs\/","url":"https:\/\/www.dms-imaging.com\/fr\/distributeurs\/","name":"Distributeurs &#8212; DMS Imaging","isPartOf":{"@id":"https:\/\/www.dms-imaging.com\/#website"},"datePublished":"2023-05-03T11:49:44+00:00","dateModified":"2023-07-06T07:02:22+00:00","description":"Avec plus de 40 ans d'exp\u00e9rience, DMS Imaging dispose d'un r\u00e9seau \u00e9tabli de 140 distributeurs \u00e0 travers le monde et plusieurs partenariats OEM","breadcrumb":{"@id":"https:\/\/www.dms-imaging.com\/fr\/distributeurs\/#breadcrumb"},"inLanguage":"fr-FR","potentialAction":[{"@type":"ReadAction","target":["https:\/\/www.dms-imaging.com\/fr\/distributeurs\/"]}]},{"@type":"BreadcrumbList","@id":"https:\/\/www.dms-imaging.com\/fr\/distributeurs\/#breadcrumb","itemListElement":[{"@type":"ListItem","position":1,"name":"Home","item":"https:\/\/www.dms-imaging.com\/fr\/"},{"@type":"ListItem","position":2,"name":"Distributeurs"}]},{"@type":"WebSite","@id":"https:\/\/www.dms-imaging.com\/#website","url":"https:\/\/www.dms-imaging.com\/","name":"DMS Imaging","description":"DMS Imaging is focused on the development, design and manufacturing of medical imaging systems mainly for digital radiology and bone densitometry.","publisher":{"@id":"https:\/\/www.dms-imaging.com\/#organization"},"potentialAction":[{"@type":"SearchAction","target":{"@type":"EntryPoint","urlTemplate":"https:\/\/www.dms-imaging.com\/?s={search_term_string}"},"query-input":{"@type":"PropertyValueSpecification","valueRequired":true,"valueName":"search_term_string"}}],"inLanguage":"fr-FR"},{"@type":"Organization","@id":"https:\/\/www.dms-imaging.com\/#organization","name":"DMS Imaging","url":"https:\/\/www.dms-imaging.com\/","logo":{"@type":"ImageObject","inLanguage":"fr-FR","@id":"https:\/\/www.dms-imaging.com\/#\/schema\/logo\/image\/","url":"https:\/\/dms-imaging.com\/wp-content\/uploads\/2023\/06\/imaging-blanc-MASK.png","contentUrl":"https:\/\/dms-imaging.com\/wp-content\/uploads\/2023\/06\/imaging-blanc-MASK.png","width":2000,"height":578,"caption":"DMS Imaging"},"image":{"@id":"https:\/\/www.dms-imaging.com\/#\/schema\/logo\/image\/"},"sameAs":["https:\/\/www.linkedin.com\/company\/dmsimaging\/"]}]}},"jetpack_sharing_enabled":true,"_links":{"self":[{"href":"https:\/\/www.dms-imaging.com\/fr\/wp-json\/wp\/v2\/pages\/6703","targetHints":{"allow":["GET"]}}],"collection":[{"href":"https:\/\/www.dms-imaging.com\/fr\/wp-json\/wp\/v2\/pages"}],"about":[{"href":"https:\/\/www.dms-imaging.com\/fr\/wp-json\/wp\/v2\/types\/page"}],"author":[{"embeddable":true,"href":"https:\/\/www.dms-imaging.com\/fr\/wp-json\/wp\/v2\/users\/1"}],"replies":[{"embeddable":true,"href":"https:\/\/www.dms-imaging.com\/fr\/wp-json\/wp\/v2\/comments?post=6703"}],"version-history":[{"count":6,"href":"https:\/\/www.dms-imaging.com\/fr\/wp-json\/wp\/v2\/pages\/6703\/revisions"}],"predecessor-version":[{"id":7515,"href":"https:\/\/www.dms-imaging.com\/fr\/wp-json\/wp\/v2\/pages\/6703\/revisions\/7515"}],"wp:attachment":[{"href":"https:\/\/www.dms-imaging.com\/fr\/wp-json\/wp\/v2\/media?parent=6703"}],"curies":[{"name":"wp","href":"https:\/\/api.w.org\/{rel}","templated":true}]}}