{"id":6710,"date":"2023-05-17T16:20:24","date_gmt":"2023-05-17T14:20:24","guid":{"rendered":"http:\/\/dms-imaging.com\/mobiles\/"},"modified":"2026-04-20T16:23:21","modified_gmt":"2026-04-20T14:23:21","slug":"mobiles","status":"publish","type":"page","link":"https:\/\/www.dms-imaging.com\/fr\/mobiles\/","title":{"rendered":"Mobiles"},"content":{"rendered":"<p>[vc_row css=\u00a0\u00bb.vc_custom_1680684244372{padding-top: 140px !important;padding-bottom: 85px !important;background-color: #004db6 !important;}\u00a0\u00bb][vc_column enable_content_animation=\u00a0\u00bbyes\u00a0\u00bb ca_init_scale_x=\u00a0\u00bb1&Prime; ca_init_scale_y=\u00a0\u00bb1.1&Prime; ca_init_opacity=\u00a0\u00bb0&Prime; ca_an_scale_x=\u00a0\u00bb1&Prime; ca_an_scale_y=\u00a0\u00bb1&Prime; ca_an_opacity=\u00a0\u00bb1&Prime; ca_init_scale_z=\u00a0\u00bb1&Prime; ca_an_scale_z=\u00a0\u00bb1&Prime; offset=\u00a0\u00bbvc_col-md-8&Prime; responsive_css=\u00a0\u00bbpadding_right_large:7%25&Prime; ca_duration=\u00a0\u00bb1800&Prime; ca_delay=\u00a0\u00bb180&Prime; ca_init_translate_y=\u00a0\u00bb32&Prime;][ld_fancy_heading tag=\u00a0\u00bbh2&Prime; margin=\u00a0\u00bbbottom_small:0.3em\u00a0\u00bb color=\u00a0\u00bbrgb(255, 255, 255)\u00a0\u00bb]Mobiles[\/ld_fancy_heading][ld_fancy_heading tag=\u00a0\u00bbp\u00a0\u00bb color=\u00a0\u00bbrgb(255, 255, 255)\u00a0\u00bb]!M1[\/ld_fancy_heading][ld_fancy_heading tag=\u00a0\u00bbp\u00a0\u00bb color=\u00a0\u00bbrgb(255, 255, 255)\u00a0\u00bb]ONYX[\/ld_fancy_heading][ld_fancy_heading tag=\u00a0\u00bbp\u00a0\u00bb color=\u00a0\u00bbrgb(255, 255, 255)\u00a0\u00bb]Rafale \/ Rafale DR[\/ld_fancy_heading][ld_fancy_heading tag=\u00a0\u00bbp\u00a0\u00bb color=\u00a0\u00bbrgb(255, 255, 255)\u00a0\u00bb]Support Mural !Mobile[\/ld_fancy_heading][\/vc_column][\/vc_row][vc_row][vc_column][ld_spacer][\/vc_column][\/vc_row][vc_row equal_height=\u00a0\u00bbyes\u00a0\u00bb content_placement=\u00a0\u00bbmiddle\u00a0\u00bb][vc_column column_content_align=\u00a0\u00bbjustify-content-center\u00a0\u00bb width=\u00a0\u00bb1\/2&Prime;][ld_fancy_heading tag=\u00a0\u00bbp\u00a0\u00bb transform=\u00a0\u00bbtext-uppercase\u00a0\u00bb highlight_type=\u00a0\u00bblqd-highlight-custom-underline\u00a0\u00bb margin=\u00a0\u00bbbottom_small:0.35em\u00a0\u00bb color=\u00a0\u00bbrgb(255, 87, 87)\u00a0\u00bb padding=\u00a0\u00bbright_all:25%25|bottom_all:0.5em|right_large:15%25|bottom_large:0.5em\u00a0\u00bb highlight_color_brush=\u00a0\u00bbrgb(255, 87, 87)\u00a0\u00bb][ld_highlight]NOUVEAU[\/ld_highlight][\/ld_fancy_heading][ld_fancy_heading tag=\u00a0\u00bbh4&Prime; margin=\u00a0\u00bbbottom_small:0.5em\u00a0\u00bb]!M1[\/ld_fancy_heading][ld_fancy_heading tag=\u00a0\u00bbp\u00a0\u00bb margin=\u00a0\u00bbbottom_small:0.35em\u00a0\u00bb padding=\u00a0\u00bbright_all:25%25|bottom_all:0.5em|right_large:15%25|bottom_large:0.5em\u00a0\u00bb]<span class=\"ui-provider ed bjk bjl bjm bjn bjo bjp bjq bjr bjs bjt bju bjv bjw bjx bjy bjz bka bkb bkc bkd bke bkf bkg bkh bki bkj bkk bkl bkm bkn bko bkp bkq bkr\" dir=\"ltr\">Flexible &amp; durable, une imagerie d&rsquo;excellence en toutes circonstances<\/span>[\/ld_fancy_heading][ld_spacer][ld_button style=\u00a0\u00bbbtn-solid\u00a0\u00bb title=\u00a0\u00bbEn savoir plus\u00a0\u00bb shape=\u00a0\u00bbround\u00a0\u00bb size=\u00a0\u00bbbtn-sm\u00a0\u00bb border=\u00a0\u00bbborder-none\u00a0\u00bb hover_txt_effect=\u00a0\u00bbbtn-hover-txt-liquid-y\u00a0\u00bb i_type=\u00a0\u00bblinea\u00a0\u00bb i_hover_reveal=\u00a0\u00bbbtn-hover-swp\u00a0\u00bb i_add_icon=\u00a0\u00bbtrue\u00a0\u00bb color=\u00a0\u00bbrgb(0, 77, 182)\u00a0\u00bb text_color=\u00a0\u00bbrgb(255, 255, 255)\u00a0\u00bb css=\u00a0\u00bb.vc_custom_1764340277732{padding-top: 0.5em !important;padding-right: 0.5em !important;padding-left: 0.5em !important;}\u00a0\u00bb i_icon_linea=\u00a0\u00bblqd-icn-ess icon-md-arrow-forward\u00a0\u00bb hover_color=\u00a0\u00bbrgb(255, 255, 255)\u00a0\u00bb htext_color=\u00a0\u00bbrgb(0, 77, 182)\u00a0\u00bb link=\u00a0\u00bburl:https%3A%2F%2Fwww.dms-imaging.com%2Ffr%2Fmobiles%2Fm1%2F|title:!M1||\u00a0\u00bb][ld_spacer][\/vc_column][vc_column width=\u00a0\u00bb1\/2&Prime;][ld_images_group_container][ld_images_group_element img_size=\u00a0\u00bb100%\u00a0\u00bb content_align=\u00a0\u00bblqd-imggrp-content-mid-left\u00a0\u00bb enable_effects=\u00a0\u00bbyes\u00a0\u00bb enable_hover3d=\u00a0\u00bbyes\u00a0\u00bb enable_reveal=\u00a0\u00bbyes\u00a0\u00bb image=\u00a0\u00bb9834&Prime;][\/ld_images_group_element][\/ld_images_group_container][\/vc_column][\/vc_row][vc_row equal_height=\u00a0\u00bbyes\u00a0\u00bb content_placement=\u00a0\u00bbmiddle\u00a0\u00bb][vc_column column_content_align=\u00a0\u00bbjustify-content-center\u00a0\u00bb width=\u00a0\u00bb1\/2&Prime;][ld_fancy_heading tag=\u00a0\u00bbp\u00a0\u00bb transform=\u00a0\u00bbtext-uppercase\u00a0\u00bb highlight_type=\u00a0\u00bblqd-highlight-custom-underline\u00a0\u00bb margin=\u00a0\u00bbbottom_small:0.35em\u00a0\u00bb color=\u00a0\u00bbrgb(255, 87, 87)\u00a0\u00bb padding=\u00a0\u00bbright_all:25%25|bottom_all:0.5em|right_large:15%25|bottom_large:0.5em\u00a0\u00bb highlight_color_brush=\u00a0\u00bbrgb(255, 87, 87)\u00a0\u00bb][ld_highlight]NOUVEAU[\/ld_highlight][\/ld_fancy_heading][ld_fancy_heading tag=\u00a0\u00bbh4&Prime; margin=\u00a0\u00bbbottom_small:0.5em\u00a0\u00bb]ONYX[\/ld_fancy_heading][ld_fancy_heading tag=\u00a0\u00bbp\u00a0\u00bb margin=\u00a0\u00bbbottom_small:0.35em\u00a0\u00bb padding=\u00a0\u00bbright_all:25%25|bottom_all:0.5em|right_large:15%25|bottom_large:0.5em\u00a0\u00bb]Ultra mobile &amp; intelligent, un diagnostic pr\u00e9cis \u00e0 port\u00e9e de main[\/ld_fancy_heading][ld_spacer][ld_button style=\u00a0\u00bbbtn-solid\u00a0\u00bb title=\u00a0\u00bbEn savoir plus\u00a0\u00bb shape=\u00a0\u00bbround\u00a0\u00bb size=\u00a0\u00bbbtn-sm\u00a0\u00bb border=\u00a0\u00bbborder-none\u00a0\u00bb hover_txt_effect=\u00a0\u00bbbtn-hover-txt-liquid-y\u00a0\u00bb i_type=\u00a0\u00bblinea\u00a0\u00bb i_hover_reveal=\u00a0\u00bbbtn-hover-swp\u00a0\u00bb i_add_icon=\u00a0\u00bbtrue\u00a0\u00bb color=\u00a0\u00bbrgb(0, 77, 182)\u00a0\u00bb text_color=\u00a0\u00bbrgb(255, 255, 255)\u00a0\u00bb css=\u00a0\u00bb.vc_custom_1761563259694{padding-top: 0.5em !important;padding-right: 0.5em !important;padding-left: 0.5em !important;}\u00a0\u00bb i_icon_linea=\u00a0\u00bblqd-icn-ess icon-md-arrow-forward\u00a0\u00bb hover_color=\u00a0\u00bbrgb(255, 255, 255)\u00a0\u00bb htext_color=\u00a0\u00bbrgb(0, 77, 182)\u00a0\u00bb link=\u00a0\u00bburl:https%3A%2F%2Fwww.dms-imaging.com%2Ffr%2Fmobiles%2Fonyx%2F|title:ONYX||\u00a0\u00bb][\/vc_column][vc_column width=\u00a0\u00bb1\/2&Prime;][ld_images_group_container][ld_images_group_element img_size=\u00a0\u00bb100%\u00a0\u00bb enable_effects=\u00a0\u00bbyes\u00a0\u00bb enable_hover3d=\u00a0\u00bbyes\u00a0\u00bb enable_reveal=\u00a0\u00bbyes\u00a0\u00bb image=\u00a0\u00bb9998&Prime;][\/ld_images_group_element][\/ld_images_group_container][\/vc_column][\/vc_row][vc_row][vc_column][ld_spacer][\/vc_column][\/vc_row][vc_row equal_height=\u00a0\u00bbyes\u00a0\u00bb content_placement=\u00a0\u00bbmiddle\u00a0\u00bb][vc_column column_content_align=\u00a0\u00bbjustify-content-center\u00a0\u00bb width=\u00a0\u00bb1\/2&Prime;][ld_fancy_heading tag=\u00a0\u00bbh4&Prime; margin=\u00a0\u00bbbottom_small:0.5em\u00a0\u00bb]Rafale \/ Rafale DR[\/ld_fancy_heading][ld_fancy_heading tag=\u00a0\u00bbp\u00a0\u00bb margin=\u00a0\u00bbbottom_small:0.35em\u00a0\u00bb padding=\u00a0\u00bbright_all:25%25|bottom_all:0.5em|right_large:15%25|bottom_large:0.5em\u00a0\u00bb]Solutions mobiles compactes, l\u00e9g\u00e8res et faciles \u00e0 utiliser[\/ld_fancy_heading][ld_spacer][ld_button style=\u00a0\u00bbbtn-solid\u00a0\u00bb title=\u00a0\u00bbT\u00e9l\u00e9charger la brochure\u00a0\u00bb shape=\u00a0\u00bbround\u00a0\u00bb size=\u00a0\u00bbbtn-sm\u00a0\u00bb border=\u00a0\u00bbborder-none\u00a0\u00bb hover_txt_effect=\u00a0\u00bbbtn-hover-txt-liquid-y\u00a0\u00bb i_type=\u00a0\u00bblinea\u00a0\u00bb i_hover_reveal=\u00a0\u00bbbtn-hover-swp\u00a0\u00bb i_add_icon=\u00a0\u00bbtrue\u00a0\u00bb color=\u00a0\u00bbrgb(0, 77, 182)\u00a0\u00bb text_color=\u00a0\u00bbrgb(255, 255, 255)\u00a0\u00bb css=\u00a0\u00bb.vc_custom_1745921384865{padding-top: 0.5em !important;padding-right: 0.5em !important;padding-left: 0.5em !important;}\u00a0\u00bb i_icon_linea=\u00a0\u00bblqd-icn-ess icon-md-arrow-forward\u00a0\u00bb hover_color=\u00a0\u00bbrgb(255, 255, 255)\u00a0\u00bb htext_color=\u00a0\u00bbrgb(0, 77, 182)\u00a0\u00bb link=\u00a0\u00bburl:https%3A%2F%2Fwww.dms-imaging.com%2Fwp-content%2Fuploads%2F2025%2F04%2F2025.04_DMS_Imaging_Mobile_RAFALE_Range_EN-1.pdf||target:%20_blank|\u00a0\u00bb][ld_spacer][ld_fancy_heading tag=\u00a0\u00bbp\u00a0\u00bb use_custom_fonts_title=\u00a0\u00bbtrue\u00a0\u00bb margin=\u00a0\u00bbbottom_small:0.35em\u00a0\u00bb color=\u00a0\u00bbrgb(161, 161, 161)\u00a0\u00bb padding=\u00a0\u00bbright_all:25%25|bottom_all:0.5em|right_large:15%25|bottom_large:0.5em\u00a0\u00bb fs=\u00a0\u00bbtext_all:10px\u00a0\u00bb]Ces produits sont certifi\u00e9s comme dispositifs m\u00e9dicaux de classe IIb dans l&rsquo;Union europ\u00e9enne en vertu de la directive 93\/42\/CEE sur les dispositifs m\u00e9dicaux par l&rsquo;IMQ, exclusivement pour l&rsquo;indication ou les indications du radiodiagnostic. Les photos ne sont pas contractuelles.[\/ld_fancy_heading][\/vc_column][vc_column width=\u00a0\u00bb1\/2&Prime;][ld_images_group_container][ld_images_group_element img_size=\u00a0\u00bb140%\u00a0\u00bb enable_effects=\u00a0\u00bbyes\u00a0\u00bb enable_hover3d=\u00a0\u00bbyes\u00a0\u00bb enable_reveal=\u00a0\u00bbyes\u00a0\u00bb image=\u00a0\u00bb6123&Prime;][\/ld_images_group_element][\/ld_images_group_container][\/vc_column][\/vc_row][vc_row equal_height=\u00a0\u00bbyes\u00a0\u00bb content_placement=\u00a0\u00bbmiddle\u00a0\u00bb css=\u00a0\u00bb.vc_custom_1764079095298{background-color: #f4f4f4 !important;}\u00a0\u00bb][vc_column column_content_align=\u00a0\u00bbjustify-content-center\u00a0\u00bb width=\u00a0\u00bb1\/2&Prime;][ld_fancy_heading tag=\u00a0\u00bbh4&Prime; margin=\u00a0\u00bbbottom_small:0.5em\u00a0\u00bb]!Mobile Wall Stand[\/ld_fancy_heading][ld_fancy_heading tag=\u00a0\u00bbp\u00a0\u00bb margin=\u00a0\u00bbbottom_small:0.35em\u00a0\u00bb padding=\u00a0\u00bbright_all:25%25|bottom_all:0.5em|right_large:15%25|bottom_large:0.5em\u00a0\u00bb]Mobile et polyvalent, une imagerie de pr\u00e9cision accessible partout[\/ld_fancy_heading][ld_spacer][ld_button style=\u00a0\u00bbbtn-solid\u00a0\u00bb title=\u00a0\u00bbEn savoir plus\u00a0\u00bb shape=\u00a0\u00bbround\u00a0\u00bb size=\u00a0\u00bbbtn-sm\u00a0\u00bb border=\u00a0\u00bbborder-none\u00a0\u00bb hover_txt_effect=\u00a0\u00bbbtn-hover-txt-liquid-y\u00a0\u00bb i_type=\u00a0\u00bblinea\u00a0\u00bb i_hover_reveal=\u00a0\u00bbbtn-hover-swp\u00a0\u00bb i_add_icon=\u00a0\u00bbtrue\u00a0\u00bb color=\u00a0\u00bbrgb(0, 77, 182)\u00a0\u00bb text_color=\u00a0\u00bbrgb(255, 255, 255)\u00a0\u00bb css=\u00a0\u00bb.vc_custom_1764686886898{padding-top: 0.5em !important;padding-right: 0.5em !important;padding-left: 0.5em !important;}\u00a0\u00bb i_icon_linea=\u00a0\u00bblqd-icn-ess icon-md-arrow-forward\u00a0\u00bb hover_color=\u00a0\u00bbrgb(255, 255, 255)\u00a0\u00bb htext_color=\u00a0\u00bbrgb(0, 77, 182)\u00a0\u00bb link=\u00a0\u00bburl:https%3A%2F%2Fwww.dms-imaging.com%2Ffr%2Fmobiles%2Fmobile-wall-stand%2F|title:!Mobile%20Wall%20Stand||\u00a0\u00bb][\/vc_column][vc_column width=\u00a0\u00bb1\/2&Prime;][ld_images_group_container][ld_images_group_element img_size=\u00a0\u00bb100%\u00a0\u00bb content_align=\u00a0\u00bblqd-imggrp-content-mid-left\u00a0\u00bb enable_effects=\u00a0\u00bbyes\u00a0\u00bb enable_hover3d=\u00a0\u00bbyes\u00a0\u00bb enable_reveal=\u00a0\u00bbyes\u00a0\u00bb image=\u00a0\u00bb11319&Prime;][\/ld_images_group_element][\/ld_images_group_container][\/vc_column][\/vc_row][vc_row][vc_column][ld_spacer][\/vc_column][\/vc_row][vc_row][vc_column width=\u00a0\u00bb1\/2&Prime;][ld_fancy_heading tag=\u00a0\u00bbp\u00a0\u00bb use_custom_fonts_title=\u00a0\u00bbtrue\u00a0\u00bb margin=\u00a0\u00bbbottom_small:0.35em\u00a0\u00bb color=\u00a0\u00bbrgb(161, 161, 161)\u00a0\u00bb padding=\u00a0\u00bbright_all:25%25|bottom_all:0.5em|right_large:15%25|bottom_large:0.5em\u00a0\u00bb fs=\u00a0\u00bbtext_all:10px\u00a0\u00bb]X-RAY MOBILE SYSTEM \u2014 !M1 \u2014 Class IIb \u2014 CE 1434[\/ld_fancy_heading][ld_fancy_heading tag=\u00a0\u00bbp\u00a0\u00bb use_custom_fonts_title=\u00a0\u00bbtrue\u00a0\u00bb margin=\u00a0\u00bbbottom_small:0.35em\u00a0\u00bb color=\u00a0\u00bbrgb(161, 161, 161)\u00a0\u00bb padding=\u00a0\u00bbright_all:25%25|bottom_all:0.5em|right_large:15%25|bottom_large:0.5em\u00a0\u00bb fs=\u00a0\u00bbtext_all:10px\u00a0\u00bb]X-RAY MOBILE SYSTEM \u2014 ONYX \u2014 Class IIb \u2014 Certification under process[\/ld_fancy_heading][ld_fancy_heading tag=\u00a0\u00bbp\u00a0\u00bb use_custom_fonts_title=\u00a0\u00bbtrue\u00a0\u00bb margin=\u00a0\u00bbbottom_small:0.35em\u00a0\u00bb color=\u00a0\u00bbrgb(161, 161, 161)\u00a0\u00bb padding=\u00a0\u00bbright_all:25%25|bottom_all:0.5em|right_large:15%25|bottom_large:0.5em\u00a0\u00bb fs=\u00a0\u00bbtext_all:10px\u00a0\u00bb]X-RAY MOBILE SYSTEM \u2014 RAFALE Range \u2014 Class IIb \u2014 CE 0051[\/ld_fancy_heading][ld_fancy_heading tag=\u00a0\u00bbp\u00a0\u00bb use_custom_fonts_title=\u00a0\u00bbtrue\u00a0\u00bb margin=\u00a0\u00bbbottom_small:0.35em\u00a0\u00bb color=\u00a0\u00bbrgb(161, 161, 161)\u00a0\u00bb padding=\u00a0\u00bbright_all:25%25|bottom_all:0.5em|right_large:15%25|bottom_large:0.5em\u00a0\u00bb fs=\u00a0\u00bbtext_all:10px\u00a0\u00bb]MOBILE WALL STAND \u2014 !MOBILE WALL STAND \u2014 Class I \u2014 EU MDR 2017\/745[\/ld_fancy_heading][\/vc_column][vc_column width=\u00a0\u00bb1\/2&Prime;][\/vc_column][\/vc_row]<\/p>\n","protected":false},"excerpt":{"rendered":"<p>[vc_row css=\u00a0\u00bb.vc_custom_1680684244372{padding-top: 140px !important;padding-bottom: 85px !important;background-color: #004db6 !important;}\u00a0\u00bb][vc_column enable_content_animation=\u00a0\u00bbyes\u00a0\u00bb ca_init_scale_x=\u00a0\u00bb1&Prime; ca_init_scale_y=\u00a0\u00bb1.1&Prime; ca_init_opacity=\u00a0\u00bb0&Prime; ca_an_scale_x=\u00a0\u00bb1&Prime; ca_an_scale_y=\u00a0\u00bb1&Prime; ca_an_opacity=\u00a0\u00bb1&Prime; ca_init_scale_z=\u00a0\u00bb1&Prime; ca_an_scale_z=\u00a0\u00bb1&Prime; offset=\u00a0\u00bbvc_col-md-8&Prime; responsive_css=\u00a0\u00bbpadding_right_large:7%25&Prime; ca_duration=\u00a0\u00bb1800&Prime; ca_delay=\u00a0\u00bb180&Prime; ca_init_translate_y=\u00a0\u00bb32&Prime;][ld_fancy_heading tag=\u00a0\u00bbh2&Prime; margin=\u00a0\u00bbbottom_small:0.3em\u00a0\u00bb color=\u00a0\u00bbrgb(255, 255, 255)\u00a0\u00bb]Mobiles[\/ld_fancy_heading][ld_fancy_heading tag=\u00a0\u00bbp\u00a0\u00bb color=\u00a0\u00bbrgb(255, 255, 255)\u00a0\u00bb]!M1[\/ld_fancy_heading][ld_fancy_heading tag=\u00a0\u00bbp\u00a0\u00bb color=\u00a0\u00bbrgb(255, 255, 255)\u00a0\u00bb]ONYX[\/ld_fancy_heading][ld_fancy_heading tag=\u00a0\u00bbp\u00a0\u00bb color=\u00a0\u00bbrgb(255, 255, 255)\u00a0\u00bb]Rafale \/ Rafale DR[\/ld_fancy_heading][ld_fancy_heading tag=\u00a0\u00bbp\u00a0\u00bb color=\u00a0\u00bbrgb(255, 255, 255)\u00a0\u00bb]Support Mural !Mobile[\/ld_fancy_heading][\/vc_column][\/vc_row][vc_row][vc_column][ld_spacer][\/vc_column][\/vc_row][vc_row equal_height=\u00a0\u00bbyes\u00a0\u00bb content_placement=\u00a0\u00bbmiddle\u00a0\u00bb][vc_column column_content_align=\u00a0\u00bbjustify-content-center\u00a0\u00bb width=\u00a0\u00bb1\/2&Prime;][ld_fancy_heading tag=\u00a0\u00bbp\u00a0\u00bb transform=\u00a0\u00bbtext-uppercase\u00a0\u00bb highlight_type=\u00a0\u00bblqd-highlight-custom-underline\u00a0\u00bb [&hellip;]<\/p>\n","protected":false},"author":1,"featured_media":0,"parent":0,"menu_order":0,"comment_status":"closed","ping_status":"closed","template":"","meta":{"footnotes":""},"class_list":["post-6710","page","type-page","status-publish","hentry"],"yoast_head":"<!-- This site is optimized with the Yoast SEO plugin v26.8 - https:\/\/yoast.com\/product\/yoast-seo-wordpress\/ -->\n<title>Mobiles &#8212; DMS Imaging<\/title>\n<meta name=\"description\" content=\"Radiographie mobile\" \/>\n<meta name=\"robots\" content=\"index, follow, max-snippet:-1, max-image-preview:large, max-video-preview:-1\" \/>\n<link rel=\"canonical\" href=\"https:\/\/www.dms-imaging.com\/fr\/mobiles\/\" \/>\n<meta property=\"og:locale\" content=\"fr_FR\" \/>\n<meta property=\"og:type\" content=\"article\" \/>\n<meta property=\"og:title\" content=\"Mobiles &#8212; DMS Imaging\" \/>\n<meta property=\"og:description\" content=\"Radiographie mobile\" \/>\n<meta property=\"og:url\" content=\"https:\/\/www.dms-imaging.com\/fr\/mobiles\/\" \/>\n<meta property=\"og:site_name\" content=\"DMS Imaging\" \/>\n<meta property=\"article:modified_time\" content=\"2026-04-20T14:23:21+00:00\" \/>\n<meta name=\"twitter:card\" content=\"summary_large_image\" \/>\n<meta name=\"twitter:label1\" content=\"Dur\u00e9e de lecture estim\u00e9e\" \/>\n\t<meta name=\"twitter:data1\" content=\"2 minutes\" \/>\n<script type=\"application\/ld+json\" class=\"yoast-schema-graph\">{\"@context\":\"https:\/\/schema.org\",\"@graph\":[{\"@type\":\"WebPage\",\"@id\":\"https:\/\/www.dms-imaging.com\/fr\/mobiles\/\",\"url\":\"https:\/\/www.dms-imaging.com\/fr\/mobiles\/\",\"name\":\"Mobiles &#8212; DMS Imaging\",\"isPartOf\":{\"@id\":\"https:\/\/www.dms-imaging.com\/#website\"},\"datePublished\":\"2023-05-17T14:20:24+00:00\",\"dateModified\":\"2026-04-20T14:23:21+00:00\",\"description\":\"Radiographie mobile\",\"breadcrumb\":{\"@id\":\"https:\/\/www.dms-imaging.com\/fr\/mobiles\/#breadcrumb\"},\"inLanguage\":\"fr-FR\",\"potentialAction\":[{\"@type\":\"ReadAction\",\"target\":[\"https:\/\/www.dms-imaging.com\/fr\/mobiles\/\"]}]},{\"@type\":\"BreadcrumbList\",\"@id\":\"https:\/\/www.dms-imaging.com\/fr\/mobiles\/#breadcrumb\",\"itemListElement\":[{\"@type\":\"ListItem\",\"position\":1,\"name\":\"Home\",\"item\":\"https:\/\/www.dms-imaging.com\/fr\/\"},{\"@type\":\"ListItem\",\"position\":2,\"name\":\"Mobiles\"}]},{\"@type\":\"WebSite\",\"@id\":\"https:\/\/www.dms-imaging.com\/#website\",\"url\":\"https:\/\/www.dms-imaging.com\/\",\"name\":\"DMS Imaging\",\"description\":\"DMS Imaging is focused on the development, design and manufacturing of medical imaging systems mainly for digital radiology and bone densitometry.\",\"publisher\":{\"@id\":\"https:\/\/www.dms-imaging.com\/#organization\"},\"potentialAction\":[{\"@type\":\"SearchAction\",\"target\":{\"@type\":\"EntryPoint\",\"urlTemplate\":\"https:\/\/www.dms-imaging.com\/?s={search_term_string}\"},\"query-input\":{\"@type\":\"PropertyValueSpecification\",\"valueRequired\":true,\"valueName\":\"search_term_string\"}}],\"inLanguage\":\"fr-FR\"},{\"@type\":\"Organization\",\"@id\":\"https:\/\/www.dms-imaging.com\/#organization\",\"name\":\"DMS Imaging\",\"url\":\"https:\/\/www.dms-imaging.com\/\",\"logo\":{\"@type\":\"ImageObject\",\"inLanguage\":\"fr-FR\",\"@id\":\"https:\/\/www.dms-imaging.com\/#\/schema\/logo\/image\/\",\"url\":\"https:\/\/dms-imaging.com\/wp-content\/uploads\/2023\/06\/imaging-blanc-MASK.png\",\"contentUrl\":\"https:\/\/dms-imaging.com\/wp-content\/uploads\/2023\/06\/imaging-blanc-MASK.png\",\"width\":2000,\"height\":578,\"caption\":\"DMS Imaging\"},\"image\":{\"@id\":\"https:\/\/www.dms-imaging.com\/#\/schema\/logo\/image\/\"},\"sameAs\":[\"https:\/\/www.linkedin.com\/company\/dmsimaging\/\"]}]}<\/script>\n<!-- \/ Yoast SEO plugin. -->","yoast_head_json":{"title":"Mobiles &#8212; DMS Imaging","description":"Radiographie mobile","robots":{"index":"index","follow":"follow","max-snippet":"max-snippet:-1","max-image-preview":"max-image-preview:large","max-video-preview":"max-video-preview:-1"},"canonical":"https:\/\/www.dms-imaging.com\/fr\/mobiles\/","og_locale":"fr_FR","og_type":"article","og_title":"Mobiles &#8212; DMS Imaging","og_description":"Radiographie mobile","og_url":"https:\/\/www.dms-imaging.com\/fr\/mobiles\/","og_site_name":"DMS Imaging","article_modified_time":"2026-04-20T14:23:21+00:00","twitter_card":"summary_large_image","twitter_misc":{"Dur\u00e9e de lecture estim\u00e9e":"2 minutes"},"schema":{"@context":"https:\/\/schema.org","@graph":[{"@type":"WebPage","@id":"https:\/\/www.dms-imaging.com\/fr\/mobiles\/","url":"https:\/\/www.dms-imaging.com\/fr\/mobiles\/","name":"Mobiles &#8212; DMS Imaging","isPartOf":{"@id":"https:\/\/www.dms-imaging.com\/#website"},"datePublished":"2023-05-17T14:20:24+00:00","dateModified":"2026-04-20T14:23:21+00:00","description":"Radiographie mobile","breadcrumb":{"@id":"https:\/\/www.dms-imaging.com\/fr\/mobiles\/#breadcrumb"},"inLanguage":"fr-FR","potentialAction":[{"@type":"ReadAction","target":["https:\/\/www.dms-imaging.com\/fr\/mobiles\/"]}]},{"@type":"BreadcrumbList","@id":"https:\/\/www.dms-imaging.com\/fr\/mobiles\/#breadcrumb","itemListElement":[{"@type":"ListItem","position":1,"name":"Home","item":"https:\/\/www.dms-imaging.com\/fr\/"},{"@type":"ListItem","position":2,"name":"Mobiles"}]},{"@type":"WebSite","@id":"https:\/\/www.dms-imaging.com\/#website","url":"https:\/\/www.dms-imaging.com\/","name":"DMS Imaging","description":"DMS Imaging is focused on the development, design and manufacturing of medical imaging systems mainly for digital radiology and bone densitometry.","publisher":{"@id":"https:\/\/www.dms-imaging.com\/#organization"},"potentialAction":[{"@type":"SearchAction","target":{"@type":"EntryPoint","urlTemplate":"https:\/\/www.dms-imaging.com\/?s={search_term_string}"},"query-input":{"@type":"PropertyValueSpecification","valueRequired":true,"valueName":"search_term_string"}}],"inLanguage":"fr-FR"},{"@type":"Organization","@id":"https:\/\/www.dms-imaging.com\/#organization","name":"DMS Imaging","url":"https:\/\/www.dms-imaging.com\/","logo":{"@type":"ImageObject","inLanguage":"fr-FR","@id":"https:\/\/www.dms-imaging.com\/#\/schema\/logo\/image\/","url":"https:\/\/dms-imaging.com\/wp-content\/uploads\/2023\/06\/imaging-blanc-MASK.png","contentUrl":"https:\/\/dms-imaging.com\/wp-content\/uploads\/2023\/06\/imaging-blanc-MASK.png","width":2000,"height":578,"caption":"DMS Imaging"},"image":{"@id":"https:\/\/www.dms-imaging.com\/#\/schema\/logo\/image\/"},"sameAs":["https:\/\/www.linkedin.com\/company\/dmsimaging\/"]}]}},"jetpack_sharing_enabled":true,"_links":{"self":[{"href":"https:\/\/www.dms-imaging.com\/fr\/wp-json\/wp\/v2\/pages\/6710","targetHints":{"allow":["GET"]}}],"collection":[{"href":"https:\/\/www.dms-imaging.com\/fr\/wp-json\/wp\/v2\/pages"}],"about":[{"href":"https:\/\/www.dms-imaging.com\/fr\/wp-json\/wp\/v2\/types\/page"}],"author":[{"embeddable":true,"href":"https:\/\/www.dms-imaging.com\/fr\/wp-json\/wp\/v2\/users\/1"}],"replies":[{"embeddable":true,"href":"https:\/\/www.dms-imaging.com\/fr\/wp-json\/wp\/v2\/comments?post=6710"}],"version-history":[{"count":39,"href":"https:\/\/www.dms-imaging.com\/fr\/wp-json\/wp\/v2\/pages\/6710\/revisions"}],"predecessor-version":[{"id":11820,"href":"https:\/\/www.dms-imaging.com\/fr\/wp-json\/wp\/v2\/pages\/6710\/revisions\/11820"}],"wp:attachment":[{"href":"https:\/\/www.dms-imaging.com\/fr\/wp-json\/wp\/v2\/media?parent=6710"}],"curies":[{"name":"wp","href":"https:\/\/api.w.org\/{rel}","templated":true}]}}