{"id":6713,"date":"2023-04-28T15:47:11","date_gmt":"2023-04-28T13:47:11","guid":{"rendered":"http:\/\/dms-imaging.com\/our-engagements\/"},"modified":"2024-10-29T16:33:09","modified_gmt":"2024-10-29T15:33:09","slug":"nos-engagements","status":"publish","type":"page","link":"https:\/\/www.dms-imaging.com\/fr\/nos-engagements\/","title":{"rendered":"Nos engagements"},"content":{"rendered":"<p>[vc_row css=\u00a0\u00bb.vc_custom_1680684244372{padding-top: 140px !important;padding-bottom: 85px !important;background-color: #004db6 !important;}\u00a0\u00bb][vc_column enable_content_animation=\u00a0\u00bbyes\u00a0\u00bb ca_init_scale_x=\u00a0\u00bb1&Prime; ca_init_scale_y=\u00a0\u00bb1.1&Prime; ca_init_opacity=\u00a0\u00bb0&Prime; ca_an_scale_x=\u00a0\u00bb1&Prime; ca_an_scale_y=\u00a0\u00bb1&Prime; ca_an_opacity=\u00a0\u00bb1&Prime; ca_init_scale_z=\u00a0\u00bb1&Prime; ca_an_scale_z=\u00a0\u00bb1&Prime; offset=\u00a0\u00bbvc_col-md-8&Prime; responsive_css=\u00a0\u00bbpadding_right_large:7%25&Prime; ca_duration=\u00a0\u00bb1800&Prime; ca_delay=\u00a0\u00bb180&Prime; ca_init_translate_y=\u00a0\u00bb32&Prime;][ld_fancy_heading tag=\u00a0\u00bbh2&Prime; margin=\u00a0\u00bbbottom_small:0.3em\u00a0\u00bb color=\u00a0\u00bbrgb(255, 255, 255)\u00a0\u00bb el_class=\u00a0\u00bbreduceonmobileh2&Prime;]NOS ENGAGEMENTS[\/ld_fancy_heading][\/vc_column][\/vc_row][vc_section bg_position=\u00a0\u00bbcustom\u00a0\u00bb css=\u00a0\u00bb.vc_custom_1680689056659{background-position: 0 0 !important;background-repeat: no-repeat !important;}\u00a0\u00bb bg_pos_h=\u00a0\u00bb80%\u00a0\u00bb bg_pos_v=\u00a0\u00bb50%\u00a0\u00bb][vc_row content_placement=\u00a0\u00bbmiddle\u00a0\u00bb css=\u00a0\u00bb.vc_custom_1622103205576{padding-top: 65px !important;padding-bottom: 45px !important;}\u00a0\u00bb el_id=\u00a0\u00bbabout\u00a0\u00bb][vc_column offset=\u00a0\u00bbvc_col-md-6&Prime;][vc_single_image image=\u00a0\u00bb5121&Prime;][\/vc_column][vc_column offset=\u00a0\u00bbvc_col-md-offset-1 vc_col-md-5&Prime;][ld_fancy_heading tag=\u00a0\u00bbp\u00a0\u00bb]Nous sommes certifi\u00e9s ISO9001:2016, ISO13485:2015, par un organisme notifi\u00e9, garant de la s\u00e9curit\u00e9 et de la qualit\u00e9 des produits\/services que nous commercialisons.[\/ld_fancy_heading][ld_spacer][ld_button style=\u00a0\u00bbbtn-solid\u00a0\u00bb title=\u00a0\u00bbPolitique QSE\u00a0\u00bb shape=\u00a0\u00bbround\u00a0\u00bb size=\u00a0\u00bbbtn-sm\u00a0\u00bb border=\u00a0\u00bbborder-none\u00a0\u00bb hover_txt_effect=\u00a0\u00bbbtn-hover-txt-liquid-y\u00a0\u00bb i_type=\u00a0\u00bblinea\u00a0\u00bb i_hover_reveal=\u00a0\u00bbbtn-hover-swp\u00a0\u00bb i_add_icon=\u00a0\u00bbtrue\u00a0\u00bb color=\u00a0\u00bbrgb(0, 77, 182)\u00a0\u00bb text_color=\u00a0\u00bbrgb(255, 255, 255)\u00a0\u00bb css=\u00a0\u00bb.vc_custom_1730215956070{padding-right: 0.5em !important;padding-left: 0.5em !important;}\u00a0\u00bb i_icon_linea=\u00a0\u00bblqd-icn-ess icon-md-arrow-forward\u00a0\u00bb hover_color=\u00a0\u00bbrgb(255, 255, 255)\u00a0\u00bb htext_color=\u00a0\u00bbrgb(0, 77, 182)\u00a0\u00bb link=\u00a0\u00bburl:https%3A%2F%2Fwww.dms-imaging.com%2Fwp-content%2Fuploads%2F2024%2F10%2FE_PM01-001_07-Politique-Qualite.pdf||target:%20_blank|\u00a0\u00bb][ld_spacer height=\u00a0\u00bb15px\u00a0\u00bb][ld_button style=\u00a0\u00bbbtn-solid\u00a0\u00bb title=\u00a0\u00bbCharte environnement\u00a0\u00bb shape=\u00a0\u00bbround\u00a0\u00bb size=\u00a0\u00bbbtn-sm\u00a0\u00bb border=\u00a0\u00bbborder-none\u00a0\u00bb hover_txt_effect=\u00a0\u00bbbtn-hover-txt-liquid-y\u00a0\u00bb i_type=\u00a0\u00bblinea\u00a0\u00bb i_hover_reveal=\u00a0\u00bbbtn-hover-swp\u00a0\u00bb i_add_icon=\u00a0\u00bbtrue\u00a0\u00bb color=\u00a0\u00bbrgb(0, 77, 182)\u00a0\u00bb text_color=\u00a0\u00bbrgb(255, 255, 255)\u00a0\u00bb css=\u00a0\u00bb.vc_custom_1730215987699{padding-right: 0.5em !important;padding-left: 0.5em !important;}\u00a0\u00bb i_icon_linea=\u00a0\u00bblqd-icn-ess icon-md-arrow-forward\u00a0\u00bb hover_color=\u00a0\u00bbrgb(255, 255, 255)\u00a0\u00bb htext_color=\u00a0\u00bbrgb(0, 77, 182)\u00a0\u00bb link=\u00a0\u00bburl:https%3A%2F%2Fwww.dms-imaging.com%2Fwp-content%2Fuploads%2F2024%2F10%2FE_PM01-003_01-Charte-environnementale.pdf||target:%20_blank|\u00a0\u00bb][ld_spacer height=\u00a0\u00bb15px\u00a0\u00bb][ld_button style=\u00a0\u00bbbtn-solid\u00a0\u00bb title=\u00a0\u00bbTermes &amp; Conditions du service clients distributeurs \u2013 Monde\u00a0\u00bb shape=\u00a0\u00bbround\u00a0\u00bb size=\u00a0\u00bbbtn-sm\u00a0\u00bb border=\u00a0\u00bbborder-none\u00a0\u00bb hover_txt_effect=\u00a0\u00bbbtn-hover-txt-liquid-y\u00a0\u00bb i_type=\u00a0\u00bblinea\u00a0\u00bb i_hover_reveal=\u00a0\u00bbbtn-hover-swp\u00a0\u00bb i_add_icon=\u00a0\u00bbtrue\u00a0\u00bb color=\u00a0\u00bbrgb(0, 77, 182)\u00a0\u00bb text_color=\u00a0\u00bbrgb(255, 255, 255)\u00a0\u00bb css=\u00a0\u00bb.vc_custom_1686749791914{padding-right: 0.5em !important;padding-left: 0.5em !important;}\u00a0\u00bb i_icon_linea=\u00a0\u00bblqd-icn-ess icon-md-arrow-forward\u00a0\u00bb hover_color=\u00a0\u00bbrgb(255, 255, 255)\u00a0\u00bb htext_color=\u00a0\u00bbrgb(0, 77, 182)\u00a0\u00bb link=\u00a0\u00bburl:https%3A%2F%2Fwww.dms-imaging.com%2Fwp-content%2Fuploads%2F2022%2F10%2FE_PS07-001_03-Termes-et-conditions-du-service-clients-distributeurs-monde.pdf||target:%20_blank|\u00a0\u00bb][ld_spacer height=\u00a0\u00bb15px\u00a0\u00bb][ld_button style=\u00a0\u00bbbtn-solid\u00a0\u00bb title=\u00a0\u00bbTermes &amp; Conditions du service clients distributeurs \u2013 France m\u00e9tropolitaine\u00a0\u00bb shape=\u00a0\u00bbround\u00a0\u00bb size=\u00a0\u00bbbtn-sm\u00a0\u00bb border=\u00a0\u00bbborder-none\u00a0\u00bb hover_txt_effect=\u00a0\u00bbbtn-hover-txt-liquid-y\u00a0\u00bb i_type=\u00a0\u00bblinea\u00a0\u00bb i_hover_reveal=\u00a0\u00bbbtn-hover-swp\u00a0\u00bb i_add_icon=\u00a0\u00bbtrue\u00a0\u00bb color=\u00a0\u00bbrgb(0, 77, 182)\u00a0\u00bb text_color=\u00a0\u00bbrgb(255, 255, 255)\u00a0\u00bb css=\u00a0\u00bb.vc_custom_1686749828583{padding-right: 0.5em !important;padding-left: 0.5em !important;}\u00a0\u00bb i_icon_linea=\u00a0\u00bblqd-icn-ess icon-md-arrow-forward\u00a0\u00bb hover_color=\u00a0\u00bbrgb(255, 255, 255)\u00a0\u00bb htext_color=\u00a0\u00bbrgb(0, 77, 182)\u00a0\u00bb link=\u00a0\u00bburl:https%3A%2F%2Fwww.dms-imaging.com%2Fwp-content%2Fuploads%2F2022%2F10%2FE_PS07-002_03-Termes-et-conditions-du-service-clients-distributeurs-France.pdf||target:%20_blank|\u00a0\u00bb][ld_spacer height=\u00a0\u00bb15px\u00a0\u00bb][ld_button style=\u00a0\u00bbbtn-solid\u00a0\u00bb title=\u00a0\u00bbTermes &amp; Conditions du service clients finaux \u2013 France m\u00e9tropolitaine\u00a0\u00bb shape=\u00a0\u00bbround\u00a0\u00bb size=\u00a0\u00bbbtn-sm\u00a0\u00bb border=\u00a0\u00bbborder-none\u00a0\u00bb hover_txt_effect=\u00a0\u00bbbtn-hover-txt-liquid-y\u00a0\u00bb i_type=\u00a0\u00bblinea\u00a0\u00bb i_hover_reveal=\u00a0\u00bbbtn-hover-swp\u00a0\u00bb i_add_icon=\u00a0\u00bbtrue\u00a0\u00bb color=\u00a0\u00bbrgb(0, 77, 182)\u00a0\u00bb text_color=\u00a0\u00bbrgb(255, 255, 255)\u00a0\u00bb css=\u00a0\u00bb.vc_custom_1686749872175{padding-right: 0.5em !important;padding-left: 0.5em !important;}\u00a0\u00bb i_icon_linea=\u00a0\u00bblqd-icn-ess icon-md-arrow-forward\u00a0\u00bb hover_color=\u00a0\u00bbrgb(255, 255, 255)\u00a0\u00bb htext_color=\u00a0\u00bbrgb(0, 77, 182)\u00a0\u00bb link=\u00a0\u00bburl:https%3A%2F%2Fwww.dms-imaging.com%2Fwp-content%2Fuploads%2F2022%2F10%2FE_PS07-004_04-Termes-et-conditions-du-service-clients-finaux-France.pdf||target:%20_blank|\u00a0\u00bb][\/vc_column][\/vc_row][vc_row css=\u00a0\u00bb.vc_custom_1622027003753{border-top-width: 1px !important;border-top-color: rgba(0,0,0,0.1) !important;border-top-style: solid !important;}\u00a0\u00bb][vc_column width=\u00a0\u00bb1\/3&Prime; responsive_css=\u00a0\u00bbpadding_right_large:20%25|padding_right_medium:10%25&Prime;][ld_icon_box i_type=\u00a0\u00bblinea\u00a0\u00bb heading_size=\u00a0\u00bblg\u00a0\u00bb alignment=\u00a0\u00bbtext-left\u00a0\u00bb i_icon_linea=\u00a0\u00bblqd-icn-ess icon-lqd-circle\u00a0\u00bb icon_size=\u00a0\u00bb18px\u00a0\u00bb css=\u00a0\u00bb.vc_custom_1686749622664{margin-top: -10px !important;}\u00a0\u00bb i_color=\u00a0\u00bbrgb(0, 77, 182)\u00a0\u00bb icon_mb=\u00a0\u00bb28&Prime;]Nos engagements ont pour principal objectif l\u2019\u00e9volution p\u00e9renne du Groupe DMS. Il importe en effet de satisfaire les actionnaires mais aussi de garantir aux salari\u00e9s, un \u00e9panouissement professionnel et des conditions de travails optimis\u00e9es.[\/ld_icon_box][\/vc_column][vc_column width=\u00a0\u00bb1\/3&Prime; responsive_css=\u00a0\u00bbpadding_right_large:20%25|padding_right_medium:10%25&Prime;][ld_icon_box i_type=\u00a0\u00bblinea\u00a0\u00bb heading_size=\u00a0\u00bblg\u00a0\u00bb alignment=\u00a0\u00bbtext-left\u00a0\u00bb i_icon_linea=\u00a0\u00bblqd-icn-ess icon-lqd-circle\u00a0\u00bb icon_size=\u00a0\u00bb18px\u00a0\u00bb css=\u00a0\u00bb.vc_custom_1686749635966{margin-top: -10px !important;}\u00a0\u00bb i_color=\u00a0\u00bbrgb(0, 77, 182)\u00a0\u00bb icon_mb=\u00a0\u00bb28&Prime;]Vis-\u00e0-vis du choix des fournisseurs, le groupe s\u2019engage \u00e0 respecter une charte \u00e9thique d\u2019achat. Le respect des droits de l\u2019homme et la loyaut\u00e9 des pratiques s\u2019inscrivent dans la d\u00e9marche de s\u00e9lection de nos partenaires.[\/ld_icon_box][\/vc_column][vc_column width=\u00a0\u00bb1\/3&Prime; responsive_css=\u00a0\u00bbpadding_right_large:20%25|padding_right_medium:10%25&Prime;][ld_icon_box i_type=\u00a0\u00bblinea\u00a0\u00bb heading_size=\u00a0\u00bblg\u00a0\u00bb alignment=\u00a0\u00bbtext-left\u00a0\u00bb i_icon_linea=\u00a0\u00bblqd-icn-ess icon-lqd-circle\u00a0\u00bb icon_size=\u00a0\u00bb18px\u00a0\u00bb css=\u00a0\u00bb.vc_custom_1686749667446{margin-top: -10px !important;}\u00a0\u00bb i_color=\u00a0\u00bbrgb(0, 77, 182)\u00a0\u00bb icon_mb=\u00a0\u00bb28&Prime;]Afin de minimiser son impact sur l\u2019environnement, le groupe DMS a \u00e9dit\u00e9 sa propre charte environnementale..[\/ld_icon_box][\/vc_column][\/vc_row][\/vc_section]<\/p>\n","protected":false},"excerpt":{"rendered":"<p>[vc_row css=\u00a0\u00bb.vc_custom_1680684244372{padding-top: 140px !important;padding-bottom: 85px !important;background-color: #004db6 !important;}\u00a0\u00bb][vc_column enable_content_animation=\u00a0\u00bbyes\u00a0\u00bb ca_init_scale_x=\u00a0\u00bb1&Prime; ca_init_scale_y=\u00a0\u00bb1.1&Prime; ca_init_opacity=\u00a0\u00bb0&Prime; ca_an_scale_x=\u00a0\u00bb1&Prime; ca_an_scale_y=\u00a0\u00bb1&Prime; ca_an_opacity=\u00a0\u00bb1&Prime; ca_init_scale_z=\u00a0\u00bb1&Prime; ca_an_scale_z=\u00a0\u00bb1&Prime; offset=\u00a0\u00bbvc_col-md-8&Prime; responsive_css=\u00a0\u00bbpadding_right_large:7%25&Prime; ca_duration=\u00a0\u00bb1800&Prime; ca_delay=\u00a0\u00bb180&Prime; ca_init_translate_y=\u00a0\u00bb32&Prime;][ld_fancy_heading tag=\u00a0\u00bbh2&Prime; margin=\u00a0\u00bbbottom_small:0.3em\u00a0\u00bb color=\u00a0\u00bbrgb(255, 255, 255)\u00a0\u00bb el_class=\u00a0\u00bbreduceonmobileh2&Prime;]NOS ENGAGEMENTS[\/ld_fancy_heading][\/vc_column][\/vc_row][vc_section bg_position=\u00a0\u00bbcustom\u00a0\u00bb css=\u00a0\u00bb.vc_custom_1680689056659{background-position: 0 0 !important;background-repeat: no-repeat !important;}\u00a0\u00bb bg_pos_h=\u00a0\u00bb80%\u00a0\u00bb bg_pos_v=\u00a0\u00bb50%\u00a0\u00bb][vc_row content_placement=\u00a0\u00bbmiddle\u00a0\u00bb css=\u00a0\u00bb.vc_custom_1622103205576{padding-top: 65px !important;padding-bottom: 45px !important;}\u00a0\u00bb el_id=\u00a0\u00bbabout\u00a0\u00bb][vc_column offset=\u00a0\u00bbvc_col-md-6&Prime;][vc_single_image image=\u00a0\u00bb5121&Prime;][\/vc_column][vc_column offset=\u00a0\u00bbvc_col-md-offset-1 vc_col-md-5&Prime;][ld_fancy_heading tag=\u00a0\u00bbp\u00a0\u00bb]Nous sommes certifi\u00e9s ISO9001:2016, ISO13485:2015, par [&hellip;]<\/p>\n","protected":false},"author":1,"featured_media":0,"parent":0,"menu_order":0,"comment_status":"closed","ping_status":"closed","template":"","meta":{"footnotes":""},"class_list":["post-6713","page","type-page","status-publish","hentry"],"yoast_head":"<!-- This site is optimized with the Yoast SEO plugin v26.8 - https:\/\/yoast.com\/product\/yoast-seo-wordpress\/ -->\n<title>Nos engagements &#8212; DMS Imaging<\/title>\n<meta name=\"description\" content=\"DMS Imaging est un industriel fran\u00e7ais de la radiologie digitale, tourn\u00e9 vers l\u2019international, reconnu comme un acteur cl\u00e9.\" \/>\n<meta name=\"robots\" content=\"index, follow, max-snippet:-1, max-image-preview:large, max-video-preview:-1\" \/>\n<link rel=\"canonical\" href=\"https:\/\/www.dms-imaging.com\/fr\/nos-engagements\/\" \/>\n<meta property=\"og:locale\" content=\"fr_FR\" \/>\n<meta property=\"og:type\" content=\"article\" \/>\n<meta property=\"og:title\" content=\"Nos engagements &#8212; DMS Imaging\" \/>\n<meta property=\"og:description\" content=\"DMS Imaging est un industriel fran\u00e7ais de la radiologie digitale, tourn\u00e9 vers l\u2019international, reconnu comme un acteur cl\u00e9.\" \/>\n<meta property=\"og:url\" content=\"https:\/\/www.dms-imaging.com\/fr\/nos-engagements\/\" \/>\n<meta property=\"og:site_name\" content=\"DMS Imaging\" \/>\n<meta property=\"article:modified_time\" content=\"2024-10-29T15:33:09+00:00\" \/>\n<meta name=\"twitter:card\" content=\"summary_large_image\" \/>\n<meta name=\"twitter:label1\" content=\"Dur\u00e9e de lecture estim\u00e9e\" \/>\n\t<meta name=\"twitter:data1\" content=\"2 minutes\" \/>\n<script type=\"application\/ld+json\" class=\"yoast-schema-graph\">{\"@context\":\"https:\/\/schema.org\",\"@graph\":[{\"@type\":\"WebPage\",\"@id\":\"https:\/\/www.dms-imaging.com\/fr\/nos-engagements\/\",\"url\":\"https:\/\/www.dms-imaging.com\/fr\/nos-engagements\/\",\"name\":\"Nos engagements &#8212; DMS Imaging\",\"isPartOf\":{\"@id\":\"https:\/\/www.dms-imaging.com\/#website\"},\"datePublished\":\"2023-04-28T13:47:11+00:00\",\"dateModified\":\"2024-10-29T15:33:09+00:00\",\"description\":\"DMS Imaging est un industriel fran\u00e7ais de la radiologie digitale, tourn\u00e9 vers l\u2019international, reconnu comme un acteur cl\u00e9.\",\"breadcrumb\":{\"@id\":\"https:\/\/www.dms-imaging.com\/fr\/nos-engagements\/#breadcrumb\"},\"inLanguage\":\"fr-FR\",\"potentialAction\":[{\"@type\":\"ReadAction\",\"target\":[\"https:\/\/www.dms-imaging.com\/fr\/nos-engagements\/\"]}]},{\"@type\":\"BreadcrumbList\",\"@id\":\"https:\/\/www.dms-imaging.com\/fr\/nos-engagements\/#breadcrumb\",\"itemListElement\":[{\"@type\":\"ListItem\",\"position\":1,\"name\":\"Home\",\"item\":\"https:\/\/www.dms-imaging.com\/fr\/\"},{\"@type\":\"ListItem\",\"position\":2,\"name\":\"Nos engagements\"}]},{\"@type\":\"WebSite\",\"@id\":\"https:\/\/www.dms-imaging.com\/#website\",\"url\":\"https:\/\/www.dms-imaging.com\/\",\"name\":\"DMS Imaging\",\"description\":\"DMS Imaging is focused on the development, design and manufacturing of medical imaging systems mainly for digital radiology and bone densitometry.\",\"publisher\":{\"@id\":\"https:\/\/www.dms-imaging.com\/#organization\"},\"potentialAction\":[{\"@type\":\"SearchAction\",\"target\":{\"@type\":\"EntryPoint\",\"urlTemplate\":\"https:\/\/www.dms-imaging.com\/?s={search_term_string}\"},\"query-input\":{\"@type\":\"PropertyValueSpecification\",\"valueRequired\":true,\"valueName\":\"search_term_string\"}}],\"inLanguage\":\"fr-FR\"},{\"@type\":\"Organization\",\"@id\":\"https:\/\/www.dms-imaging.com\/#organization\",\"name\":\"DMS Imaging\",\"url\":\"https:\/\/www.dms-imaging.com\/\",\"logo\":{\"@type\":\"ImageObject\",\"inLanguage\":\"fr-FR\",\"@id\":\"https:\/\/www.dms-imaging.com\/#\/schema\/logo\/image\/\",\"url\":\"https:\/\/dms-imaging.com\/wp-content\/uploads\/2023\/06\/imaging-blanc-MASK.png\",\"contentUrl\":\"https:\/\/dms-imaging.com\/wp-content\/uploads\/2023\/06\/imaging-blanc-MASK.png\",\"width\":2000,\"height\":578,\"caption\":\"DMS Imaging\"},\"image\":{\"@id\":\"https:\/\/www.dms-imaging.com\/#\/schema\/logo\/image\/\"},\"sameAs\":[\"https:\/\/www.linkedin.com\/company\/dmsimaging\/\"]}]}<\/script>\n<!-- \/ Yoast SEO plugin. -->","yoast_head_json":{"title":"Nos engagements &#8212; DMS Imaging","description":"DMS Imaging est un industriel fran\u00e7ais de la radiologie digitale, tourn\u00e9 vers l\u2019international, reconnu comme un acteur cl\u00e9.","robots":{"index":"index","follow":"follow","max-snippet":"max-snippet:-1","max-image-preview":"max-image-preview:large","max-video-preview":"max-video-preview:-1"},"canonical":"https:\/\/www.dms-imaging.com\/fr\/nos-engagements\/","og_locale":"fr_FR","og_type":"article","og_title":"Nos engagements &#8212; DMS Imaging","og_description":"DMS Imaging est un industriel fran\u00e7ais de la radiologie digitale, tourn\u00e9 vers l\u2019international, reconnu comme un acteur cl\u00e9.","og_url":"https:\/\/www.dms-imaging.com\/fr\/nos-engagements\/","og_site_name":"DMS Imaging","article_modified_time":"2024-10-29T15:33:09+00:00","twitter_card":"summary_large_image","twitter_misc":{"Dur\u00e9e de lecture estim\u00e9e":"2 minutes"},"schema":{"@context":"https:\/\/schema.org","@graph":[{"@type":"WebPage","@id":"https:\/\/www.dms-imaging.com\/fr\/nos-engagements\/","url":"https:\/\/www.dms-imaging.com\/fr\/nos-engagements\/","name":"Nos engagements &#8212; DMS Imaging","isPartOf":{"@id":"https:\/\/www.dms-imaging.com\/#website"},"datePublished":"2023-04-28T13:47:11+00:00","dateModified":"2024-10-29T15:33:09+00:00","description":"DMS Imaging est un industriel fran\u00e7ais de la radiologie digitale, tourn\u00e9 vers l\u2019international, reconnu comme un acteur cl\u00e9.","breadcrumb":{"@id":"https:\/\/www.dms-imaging.com\/fr\/nos-engagements\/#breadcrumb"},"inLanguage":"fr-FR","potentialAction":[{"@type":"ReadAction","target":["https:\/\/www.dms-imaging.com\/fr\/nos-engagements\/"]}]},{"@type":"BreadcrumbList","@id":"https:\/\/www.dms-imaging.com\/fr\/nos-engagements\/#breadcrumb","itemListElement":[{"@type":"ListItem","position":1,"name":"Home","item":"https:\/\/www.dms-imaging.com\/fr\/"},{"@type":"ListItem","position":2,"name":"Nos engagements"}]},{"@type":"WebSite","@id":"https:\/\/www.dms-imaging.com\/#website","url":"https:\/\/www.dms-imaging.com\/","name":"DMS Imaging","description":"DMS Imaging is focused on the development, design and manufacturing of medical imaging systems mainly for digital radiology and bone densitometry.","publisher":{"@id":"https:\/\/www.dms-imaging.com\/#organization"},"potentialAction":[{"@type":"SearchAction","target":{"@type":"EntryPoint","urlTemplate":"https:\/\/www.dms-imaging.com\/?s={search_term_string}"},"query-input":{"@type":"PropertyValueSpecification","valueRequired":true,"valueName":"search_term_string"}}],"inLanguage":"fr-FR"},{"@type":"Organization","@id":"https:\/\/www.dms-imaging.com\/#organization","name":"DMS Imaging","url":"https:\/\/www.dms-imaging.com\/","logo":{"@type":"ImageObject","inLanguage":"fr-FR","@id":"https:\/\/www.dms-imaging.com\/#\/schema\/logo\/image\/","url":"https:\/\/dms-imaging.com\/wp-content\/uploads\/2023\/06\/imaging-blanc-MASK.png","contentUrl":"https:\/\/dms-imaging.com\/wp-content\/uploads\/2023\/06\/imaging-blanc-MASK.png","width":2000,"height":578,"caption":"DMS Imaging"},"image":{"@id":"https:\/\/www.dms-imaging.com\/#\/schema\/logo\/image\/"},"sameAs":["https:\/\/www.linkedin.com\/company\/dmsimaging\/"]}]}},"jetpack_sharing_enabled":true,"_links":{"self":[{"href":"https:\/\/www.dms-imaging.com\/fr\/wp-json\/wp\/v2\/pages\/6713","targetHints":{"allow":["GET"]}}],"collection":[{"href":"https:\/\/www.dms-imaging.com\/fr\/wp-json\/wp\/v2\/pages"}],"about":[{"href":"https:\/\/www.dms-imaging.com\/fr\/wp-json\/wp\/v2\/types\/page"}],"author":[{"embeddable":true,"href":"https:\/\/www.dms-imaging.com\/fr\/wp-json\/wp\/v2\/users\/1"}],"replies":[{"embeddable":true,"href":"https:\/\/www.dms-imaging.com\/fr\/wp-json\/wp\/v2\/comments?post=6713"}],"version-history":[{"count":5,"href":"https:\/\/www.dms-imaging.com\/fr\/wp-json\/wp\/v2\/pages\/6713\/revisions"}],"predecessor-version":[{"id":9288,"href":"https:\/\/www.dms-imaging.com\/fr\/wp-json\/wp\/v2\/pages\/6713\/revisions\/9288"}],"wp:attachment":[{"href":"https:\/\/www.dms-imaging.com\/fr\/wp-json\/wp\/v2\/media?parent=6713"}],"curies":[{"name":"wp","href":"https:\/\/api.w.org\/{rel}","templated":true}]}}