{"id":6715,"date":"2023-04-05T13:38:42","date_gmt":"2023-04-05T11:38:42","guid":{"rendered":"http:\/\/dms-imaging.com\/produits-solution\/"},"modified":"2025-04-15T14:39:44","modified_gmt":"2025-04-15T12:39:44","slug":"produits-solutions","status":"publish","type":"page","link":"https:\/\/www.dms-imaging.com\/fr\/produits-solutions\/","title":{"rendered":"Produits &#038; Solutions"},"content":{"rendered":"<p>[vc_row content_placement=\u00a0\u00bbmiddle\u00a0\u00bb css=\u00a0\u00bb.vc_custom_1680694996290{padding-top: 100px !important;padding-bottom: 70px !important;background-color: #004db6 !important;}\u00a0\u00bb responsive_css=\u00a0\u00bbpadding_top_medium:150px\u00a0\u00bb][vc_column offset=\u00a0\u00bbvc_col-md-6&Prime;][ld_fancy_heading color=\u00a0\u00bbrgb(255, 255, 255)\u00a0\u00bb]Produits &amp; Solutions[\/ld_fancy_heading][\/vc_column][vc_column width=\u00a0\u00bb1\/2&Prime; offset=\u00a0\u00bbvc_col-lg-offset-2 vc_col-lg-4 vc_col-md-offset-1 vc_col-md-5&Prime;][\/vc_column][\/vc_row][vc_row css=\u00a0\u00bb.vc_custom_1608628242000{padding-top: 60px !important;padding-bottom: 60px !important;}\u00a0\u00bb][vc_column enable_pin=\u00a0\u00bbenable_pin\u00a0\u00bb width=\u00a0\u00bb1\/3&Prime; offset=\u00a0\u00bbvc_col-md-3&Prime; responsive_css=\u00a0\u00bbpadding_right_large:75px|padding_right_medium:45px|padding_right_small:30px\u00a0\u00bb][ld_fancy_heading tag=\u00a0\u00bbh6&Prime; transform=\u00a0\u00bbtext-uppercase\u00a0\u00bb use_custom_fonts_title=\u00a0\u00bbtrue\u00a0\u00bb fs=\u00a0\u00bbtext_small:12px\u00a0\u00bb fw=\u00a0\u00bbtext_small:700&Prime; ls=\u00a0\u00bbtext_small:0.08em\u00a0\u00bb margin=\u00a0\u00bbbottom_small:4em\u00a0\u00bb color=\u00a0\u00bbrgb(0, 0, 0)\u00a0\u00bb]Nos produits[\/ld_fancy_heading][ld_custom_menu source=\u00a0\u00bbcustom\u00a0\u00bb localscroll=\u00a0\u00bbyes\u00a0\u00bb use_custom_fonts_menu=\u00a0\u00bbtrue\u00a0\u00bb items=\u00a0\u00bb%5B%7B%22label%22%3A%22Tables%20t%C3%A9l%C3%A9command%C3%A9es%22%2C%22url%22%3A%22%23rfsolutions%22%2C%22icon_classname%22%3A%22lqd-icn-ess%20icon-ion-ios-arrow-down%22%2C%22icon_alignment%22%3A%22right-icon%22%2C%22target%22%3A%22_blank%22%7D%2C%7B%22label%22%3A%22Ost%C3%A9odensitom%C3%A9trie%22%2C%22url%22%3A%22%23bonedensitometry%22%2C%22icon_classname%22%3A%22lqd-icn-ess%20icon-ion-ios-arrow-down%22%2C%22icon_alignment%22%3A%22right-icon%22%2C%22target%22%3A%22_blank%22%7D%2C%7B%22label%22%3A%22Salle%20Os%20%26%20Poumon%22%2C%22url%22%3A%22%23chestandbonerooms%22%2C%22icon_classname%22%3A%22lqd-icn-ess%20icon-ion-ios-arrow-down%22%2C%22icon_alignment%22%3A%22right-icon%22%2C%22target%22%3A%22_blank%22%7D%2C%7B%22label%22%3A%22Mobiles%22%2C%22url%22%3A%22%23mobiles%22%2C%22icon_classname%22%3A%22lqd-icn-ess%20icon-ion-ios-arrow-down%22%2C%22icon_alignment%22%3A%22right-icon%22%2C%22target%22%3A%22_blank%22%7D%2C%7B%22label%22%3A%22Retrofit%20Kit%22%2C%22url%22%3A%22%23retrofitkit%22%2C%22icon_classname%22%3A%22lqd-icn-ess%20icon-ion-ios-arrow-down%22%2C%22icon_alignment%22%3A%22right-icon%22%2C%22target%22%3A%22_blank%22%7D%2C%7B%22label%22%3A%22C-Arm%22%2C%22url%22%3A%22%23c-arm%22%2C%22icon_classname%22%3A%22lqd-icn-ess%20icon-ion-ios-arrow-down%22%2C%22icon_alignment%22%3A%22right-icon%22%2C%22target%22%3A%22_blank%22%7D%2C%7B%22label%22%3A%22Mammographie%22%2C%22url%22%3A%22%23mammography%22%2C%22icon_classname%22%3A%22lqd-icn-ess%20icon-ion-ios-arrow-down%22%2C%22icon_alignment%22%3A%22right-icon%22%2C%22target%22%3A%22_blank%22%7D%5D\u00a0\u00bb fs=\u00a0\u00bb16px\u00a0\u00bb fw=\u00a0\u00bb500&Prime; color=\u00a0\u00bbrgb(150, 150, 150)\u00a0\u00bb hcolor=\u00a0\u00bbrgb(0, 77, 182)\u00a0\u00bb spacing=\u00a0\u00bb28&Prime;][\/vc_column][vc_column width=\u00a0\u00bb2\/3&Prime; offset=\u00a0\u00bbvc_col-md-9&Prime;][vc_row_inner css=\u00a0\u00bb.vc_custom_1680698811488{padding-top: 3.75em !important;}\u00a0\u00bb el_id=\u00a0\u00bbrfsolutions\u00a0\u00bb][vc_column_inner][vc_text_separator title=\u00a0\u00bbTables t\u00e9l\u00e9command\u00e9es\u00a0\u00bb title_align=\u00a0\u00bbseparator_align_left\u00a0\u00bb css=\u00a0\u00bb.vc_custom_1686750658376{margin-bottom: 3.5em !important;}\u00a0\u00bb][ld_content_box template=\u00a0\u00bbs01b\u00a0\u00bb box_height_b=\u00a0\u00bbh-pt-50&Prime; show_button=\u00a0\u00bbyes\u00a0\u00bb ib_style=\u00a0\u00bbbtn-underlined\u00a0\u00bb ib_title=\u00a0\u00bbEn savoir plus\u00a0\u00bb ib_i_type=\u00a0\u00bblinea\u00a0\u00bb ib_i_add_icon=\u00a0\u00bbtrue\u00a0\u00bb title=\u00a0\u00bbTables t\u00e9l\u00e9commmand\u00e9es\u00a0\u00bb ib_i_icon_linea=\u00a0\u00bblqd-icn-ess icon-ion-ios-arrow-forward\u00a0\u00bb ib_color=\u00a0\u00bbrgb(0, 77, 182)\u00a0\u00bb ib_fs=\u00a0\u00bbtext_small:13px\u00a0\u00bb ib_lh=\u00a0\u00bbtext_small:1em\u00a0\u00bb image=\u00a0\u00bb10373&Prime; ib_hover_color=\u00a0\u00bbrgba(0, 77, 182, 0.82)\u00a0\u00bb el_class=\u00a0\u00bbtitleetpbleu\u00a0\u00bb overlay_color=\u00a0\u00bblinear-gradient(180deg, rgba(255,255,255,0.2) 63.694267515923556%, rgb(255,255,255) 99.36305732484077%)\u00a0\u00bb overlay_hcolor=\u00a0\u00bblinear-gradient(180deg, rgba(255,255,255,0) 66.87898089171975%, rgba(255, 255, 255, 0.8) 100%)\u00a0\u00bb ib_link=\u00a0\u00bburl:www.dms-imaging.com%2Ffr%2Fr-f-solutions%2F|title:R%2FF%20Solutions||\u00a0\u00bb]Une flexibilit\u00e9 maximale pour un large \u00e9ventail d&rsquo;applications[\/ld_content_box][ld_spacer height=\u00a0\u00bb60px\u00a0\u00bb][\/vc_column_inner][\/vc_row_inner][vc_row_inner el_id=\u00a0\u00bbbonedensitometry\u00a0\u00bb][vc_column_inner][vc_text_separator title=\u00a0\u00bbOst\u00e9odensitom\u00e9trie\u00a0\u00bb title_align=\u00a0\u00bbseparator_align_left\u00a0\u00bb css=\u00a0\u00bb.vc_custom_1686750706577{margin-bottom: 3.5em !important;}\u00a0\u00bb][ld_content_box template=\u00a0\u00bbs01b\u00a0\u00bb box_height_b=\u00a0\u00bbh-pt-50&Prime; title=\u00a0\u00bbOst\u00e9o densitom\u00e9trie\u00a0\u00bb image=\u00a0\u00bb10376&Prime; el_class=\u00a0\u00bbtitleetpbleu\u00a0\u00bb overlay_color=\u00a0\u00bblinear-gradient(180deg, rgba(255,255,255,0.2) 63.694267515923556%, rgb(255,255,255) 99.36305732484077%)\u00a0\u00bb overlay_hcolor=\u00a0\u00bblinear-gradient(180deg, rgba(255,255,255,0) 66.87898089171975%, rgba(255, 255, 255, 0.8) 100%)\u00a0\u00bb]Une gamme compl\u00e8te de solutions pour l\u2019ost\u00e9odensitom\u00e9trie &amp; Analyse de la composition corporelle<\/p>\n<p><span class=\"btn-txt\" style=\"font-size: 13px;\" data-text=\"Learn more\"><a href=\"\/fr\/stratos-series\/\">Stratos Series<\/a><\/span><br \/>\n[ld_br]<br \/>\n<span class=\"btn-txt\" style=\"font-size: 13px;\" data-text=\"Learn more\"><a href=\"\/fr\/medix-series\/\">Medix Series<\/a><\/span>[\/ld_content_box][ld_spacer height=\u00a0\u00bb60px\u00a0\u00bb][\/vc_column_inner][\/vc_row_inner][vc_row_inner el_id=\u00a0\u00bbchestandbonerooms\u00a0\u00bb][vc_column_inner][vc_text_separator title=\u00a0\u00bbSalle Os &amp; Poumon\u00a0\u00bb title_align=\u00a0\u00bbseparator_align_left\u00a0\u00bb css=\u00a0\u00bb.vc_custom_1686829559246{margin-bottom: 3.5em !important;}\u00a0\u00bb][ld_content_box template=\u00a0\u00bbs01b\u00a0\u00bb box_height_b=\u00a0\u00bbh-pt-50&Prime; show_button=\u00a0\u00bbyes\u00a0\u00bb ib_style=\u00a0\u00bbbtn-underlined\u00a0\u00bb ib_title=\u00a0\u00bbEn savoir plus\u00a0\u00bb ib_i_type=\u00a0\u00bblinea\u00a0\u00bb ib_i_add_icon=\u00a0\u00bbtrue\u00a0\u00bb title=\u00a0\u00bbSalle Os &amp; Poumon\u00a0\u00bb ib_i_icon_linea=\u00a0\u00bblqd-icn-ess icon-ion-ios-arrow-forward\u00a0\u00bb ib_color=\u00a0\u00bbrgb(0, 77, 182)\u00a0\u00bb ib_fs=\u00a0\u00bbtext_small:13px\u00a0\u00bb ib_lh=\u00a0\u00bbtext_small:1em\u00a0\u00bb image=\u00a0\u00bb5385&Prime; ib_hover_color=\u00a0\u00bbrgba(0, 77, 182, 0.82)\u00a0\u00bb el_class=\u00a0\u00bbtitleetpbleu\u00a0\u00bb overlay_color=\u00a0\u00bblinear-gradient(180deg, rgba(255,255,255,0.2) 63.694267515923556%, rgb(255,255,255) 99.36305732484077%)\u00a0\u00bb overlay_hcolor=\u00a0\u00bblinear-gradient(180deg, rgba(255,255,255,0) 66.87898089171975%, rgba(255, 255, 255, 0.8) 100%)\u00a0\u00bb ib_link=\u00a0\u00bburl:www.dms-imaging.com%2Ffr%2Fchest-bone-rooms%2F|title:Chest%20%26%20Bone%20Rooms||\u00a0\u00bb]Syst\u00e8mes universels de radiologie[\/ld_content_box][ld_spacer height=\u00a0\u00bb60px\u00a0\u00bb][\/vc_column_inner][\/vc_row_inner][vc_row_inner el_id=\u00a0\u00bbmobiles\u00a0\u00bb][vc_column_inner][vc_text_separator title=\u00a0\u00bbMobiles\u00a0\u00bb title_align=\u00a0\u00bbseparator_align_left\u00a0\u00bb css=\u00a0\u00bb.vc_custom_1684241457238{margin-bottom: 3.5em !important;}\u00a0\u00bb][ld_content_box template=\u00a0\u00bbs01b\u00a0\u00bb box_height_b=\u00a0\u00bbh-pt-50&Prime; show_button=\u00a0\u00bbyes\u00a0\u00bb ib_style=\u00a0\u00bbbtn-underlined\u00a0\u00bb ib_title=\u00a0\u00bbEn savoir plus\u00a0\u00bb ib_i_type=\u00a0\u00bblinea\u00a0\u00bb ib_i_add_icon=\u00a0\u00bbtrue\u00a0\u00bb title=\u00a0\u00bbMobiles\u00a0\u00bb ib_i_icon_linea=\u00a0\u00bblqd-icn-ess icon-ion-ios-arrow-forward\u00a0\u00bb ib_color=\u00a0\u00bbrgb(0, 77, 182)\u00a0\u00bb ib_fs=\u00a0\u00bbtext_small:13px\u00a0\u00bb ib_lh=\u00a0\u00bbtext_small:1em\u00a0\u00bb image=\u00a0\u00bb10378&Prime; ib_hover_color=\u00a0\u00bbrgba(0, 77, 182, 0.82)\u00a0\u00bb el_class=\u00a0\u00bbtitleetpbleu\u00a0\u00bb overlay_color=\u00a0\u00bblinear-gradient(180deg, rgba(255,255,255,0.2) 63.694267515923556%, rgb(255,255,255) 99.36305732484077%)\u00a0\u00bb overlay_hcolor=\u00a0\u00bblinear-gradient(180deg, rgba(255,255,255,0) 66.87898089171975%, rgba(255, 255, 255, 0.8) 100%)\u00a0\u00bb ib_link=\u00a0\u00bburl:www.dms-imaging.com%2Ffr%2Fmobiles%2F|title:Mobiles||\u00a0\u00bb]\u00c9quipement de radiographie ambulatoire[\/ld_content_box][ld_spacer height=\u00a0\u00bb60px\u00a0\u00bb][\/vc_column_inner][\/vc_row_inner][vc_row_inner el_id=\u00a0\u00bbretrofitkit\u00a0\u00bb][vc_column_inner][vc_text_separator title=\u00a0\u00bbRetrofit Kit\u00a0\u00bb title_align=\u00a0\u00bbseparator_align_left\u00a0\u00bb css=\u00a0\u00bb.vc_custom_1684241469867{margin-bottom: 3.5em !important;}\u00a0\u00bb][ld_content_box template=\u00a0\u00bbs01b\u00a0\u00bb box_height_b=\u00a0\u00bbh-pt-50&Prime; show_button=\u00a0\u00bbyes\u00a0\u00bb ib_style=\u00a0\u00bbbtn-underlined\u00a0\u00bb ib_title=\u00a0\u00bbEn savoir plus\u00a0\u00bb ib_i_type=\u00a0\u00bblinea\u00a0\u00bb ib_i_add_icon=\u00a0\u00bbtrue\u00a0\u00bb title=\u00a0\u00bbRetrofit Kit\u00a0\u00bb ib_i_icon_linea=\u00a0\u00bblqd-icn-ess icon-ion-ios-arrow-forward\u00a0\u00bb ib_color=\u00a0\u00bbrgb(0, 77, 182)\u00a0\u00bb ib_fs=\u00a0\u00bbtext_small:13px\u00a0\u00bb ib_lh=\u00a0\u00bbtext_small:1em\u00a0\u00bb image=\u00a0\u00bb5988&Prime; ib_hover_color=\u00a0\u00bbrgba(0, 77, 182, 0.82)\u00a0\u00bb el_class=\u00a0\u00bbtitleetpbleu\u00a0\u00bb overlay_color=\u00a0\u00bblinear-gradient(180deg, rgba(255,255,255,0.2) 63.694267515923556%, rgb(255,255,255) 99.36305732484077%)\u00a0\u00bb overlay_hcolor=\u00a0\u00bblinear-gradient(180deg, rgba(255,255,255,0) 66.87898089171975%, rgba(255, 255, 255, 0.8) 100%)\u00a0\u00bb ib_link=\u00a0\u00bburl:www.dms-imaging.com%2Ffr%2Fretrofit-kit%2F|title:Retrofit%20Kit||\u00a0\u00bb]Solutions d&rsquo;upgrade DR[\/ld_content_box][ld_spacer height=\u00a0\u00bb60px\u00a0\u00bb][\/vc_column_inner][\/vc_row_inner][vc_row_inner el_id=\u00a0\u00bbc-arm\u00a0\u00bb][vc_column_inner][vc_text_separator title=\u00a0\u00bbC-Arm\u00a0\u00bb title_align=\u00a0\u00bbseparator_align_left\u00a0\u00bb css=\u00a0\u00bb.vc_custom_1684241487363{margin-bottom: 3.5em !important;}\u00a0\u00bb][ld_content_box template=\u00a0\u00bbs01b\u00a0\u00bb box_height_b=\u00a0\u00bbh-pt-50&Prime; show_button=\u00a0\u00bbyes\u00a0\u00bb ib_style=\u00a0\u00bbbtn-underlined\u00a0\u00bb ib_title=\u00a0\u00bbEn savoir plus\u00a0\u00bb ib_i_type=\u00a0\u00bblinea\u00a0\u00bb ib_i_add_icon=\u00a0\u00bbtrue\u00a0\u00bb title=\u00a0\u00bbC-Arm\u00a0\u00bb ib_i_icon_linea=\u00a0\u00bblqd-icn-ess icon-ion-ios-arrow-forward\u00a0\u00bb ib_color=\u00a0\u00bbrgb(0, 77, 182)\u00a0\u00bb ib_fs=\u00a0\u00bbtext_small:13px\u00a0\u00bb ib_lh=\u00a0\u00bbtext_small:1em\u00a0\u00bb ib_hover_color=\u00a0\u00bbrgba(0, 77, 182, 0.82)\u00a0\u00bb el_class=\u00a0\u00bbtitleetpbleu\u00a0\u00bb overlay_color=\u00a0\u00bblinear-gradient(180deg, rgba(255,255,255,0.2) 63.694267515923556%, rgb(255,255,255) 99.36305732484077%)\u00a0\u00bb overlay_hcolor=\u00a0\u00bblinear-gradient(180deg, rgba(255,255,255,0) 66.87898089171975%, rgba(255, 255, 255, 0.8) 100%)\u00a0\u00bb image=\u00a0\u00bb9775&Prime; ib_link=\u00a0\u00bburl:www.dms-imaging.com%2Ffr%2Fc-arm%2F|title:C-Arm||\u00a0\u00bb]Solutions mobiles de bloc op\u00e9ratoire[\/ld_content_box][ld_spacer height=\u00a0\u00bb60px\u00a0\u00bb][\/vc_column_inner][\/vc_row_inner][vc_row_inner el_id=\u00a0\u00bbmammography\u00a0\u00bb][vc_column_inner][vc_text_separator title=\u00a0\u00bbMammography\u00a0\u00bb title_align=\u00a0\u00bbseparator_align_left\u00a0\u00bb css=\u00a0\u00bb.vc_custom_1684241644417{margin-bottom: 3.5em !important;}\u00a0\u00bb][ld_content_box template=\u00a0\u00bbs01b\u00a0\u00bb box_height_b=\u00a0\u00bbh-pt-50&Prime; show_button=\u00a0\u00bbyes\u00a0\u00bb ib_style=\u00a0\u00bbbtn-underlined\u00a0\u00bb ib_title=\u00a0\u00bbEn savoir plus\u00a0\u00bb ib_i_type=\u00a0\u00bblinea\u00a0\u00bb ib_i_add_icon=\u00a0\u00bbtrue\u00a0\u00bb title=\u00a0\u00bbMammographie\u00a0\u00bb ib_i_icon_linea=\u00a0\u00bblqd-icn-ess icon-ion-ios-arrow-forward\u00a0\u00bb ib_color=\u00a0\u00bbrgb(0, 77, 182)\u00a0\u00bb ib_fs=\u00a0\u00bbtext_small:13px\u00a0\u00bb ib_lh=\u00a0\u00bbtext_small:1em\u00a0\u00bb ib_hover_color=\u00a0\u00bbrgba(0, 77, 182, 0.82)\u00a0\u00bb el_class=\u00a0\u00bbtitleetpbleu\u00a0\u00bb overlay_color=\u00a0\u00bblinear-gradient(180deg, rgba(255,255,255,0.2) 63.694267515923556%, rgb(255,255,255) 99.36305732484077%)\u00a0\u00bb overlay_hcolor=\u00a0\u00bblinear-gradient(180deg, rgba(255,255,255,0) 66.87898089171975%, rgba(255, 255, 255, 0.8) 100%)\u00a0\u00bb image=\u00a0\u00bb7553&Prime; ib_link=\u00a0\u00bburl:www.dms-imaging.com%2Ffr%2Fmammography%2F|title:C-Arm||\u00a0\u00bb]Une gamme compl\u00e8te de solutions de mammographie[\/ld_content_box][ld_spacer height=\u00a0\u00bb60px\u00a0\u00bb][\/vc_column_inner][\/vc_row_inner][\/vc_column][\/vc_row]<\/p>\n","protected":false},"excerpt":{"rendered":"<p>[vc_row content_placement=\u00a0\u00bbmiddle\u00a0\u00bb css=\u00a0\u00bb.vc_custom_1680694996290{padding-top: 100px !important;padding-bottom: 70px !important;background-color: #004db6 !important;}\u00a0\u00bb responsive_css=\u00a0\u00bbpadding_top_medium:150px\u00a0\u00bb][vc_column offset=\u00a0\u00bbvc_col-md-6&Prime;][ld_fancy_heading color=\u00a0\u00bbrgb(255, 255, 255)\u00a0\u00bb]Produits &amp; Solutions[\/ld_fancy_heading][\/vc_column][vc_column width=\u00a0\u00bb1\/2&Prime; offset=\u00a0\u00bbvc_col-lg-offset-2 vc_col-lg-4 vc_col-md-offset-1 vc_col-md-5&Prime;][\/vc_column][\/vc_row][vc_row css=\u00a0\u00bb.vc_custom_1608628242000{padding-top: 60px !important;padding-bottom: 60px !important;}\u00a0\u00bb][vc_column enable_pin=\u00a0\u00bbenable_pin\u00a0\u00bb width=\u00a0\u00bb1\/3&Prime; offset=\u00a0\u00bbvc_col-md-3&Prime; responsive_css=\u00a0\u00bbpadding_right_large:75px|padding_right_medium:45px|padding_right_small:30px\u00a0\u00bb][ld_fancy_heading tag=\u00a0\u00bbh6&Prime; transform=\u00a0\u00bbtext-uppercase\u00a0\u00bb use_custom_fonts_title=\u00a0\u00bbtrue\u00a0\u00bb fs=\u00a0\u00bbtext_small:12px\u00a0\u00bb fw=\u00a0\u00bbtext_small:700&Prime; ls=\u00a0\u00bbtext_small:0.08em\u00a0\u00bb margin=\u00a0\u00bbbottom_small:4em\u00a0\u00bb color=\u00a0\u00bbrgb(0, 0, 0)\u00a0\u00bb]Nos produits[\/ld_fancy_heading][ld_custom_menu source=\u00a0\u00bbcustom\u00a0\u00bb localscroll=\u00a0\u00bbyes\u00a0\u00bb use_custom_fonts_menu=\u00a0\u00bbtrue\u00a0\u00bb items=\u00a0\u00bb%5B%7B%22label%22%3A%22Tables%20t%C3%A9l%C3%A9command%C3%A9es%22%2C%22url%22%3A%22%23rfsolutions%22%2C%22icon_classname%22%3A%22lqd-icn-ess%20icon-ion-ios-arrow-down%22%2C%22icon_alignment%22%3A%22right-icon%22%2C%22target%22%3A%22_blank%22%7D%2C%7B%22label%22%3A%22Ost%C3%A9odensitom%C3%A9trie%22%2C%22url%22%3A%22%23bonedensitometry%22%2C%22icon_classname%22%3A%22lqd-icn-ess%20icon-ion-ios-arrow-down%22%2C%22icon_alignment%22%3A%22right-icon%22%2C%22target%22%3A%22_blank%22%7D%2C%7B%22label%22%3A%22Salle%20Os%20%26%20Poumon%22%2C%22url%22%3A%22%23chestandbonerooms%22%2C%22icon_classname%22%3A%22lqd-icn-ess%20icon-ion-ios-arrow-down%22%2C%22icon_alignment%22%3A%22right-icon%22%2C%22target%22%3A%22_blank%22%7D%2C%7B%22label%22%3A%22Mobiles%22%2C%22url%22%3A%22%23mobiles%22%2C%22icon_classname%22%3A%22lqd-icn-ess%20icon-ion-ios-arrow-down%22%2C%22icon_alignment%22%3A%22right-icon%22%2C%22target%22%3A%22_blank%22%7D%2C%7B%22label%22%3A%22Retrofit%20Kit%22%2C%22url%22%3A%22%23retrofitkit%22%2C%22icon_classname%22%3A%22lqd-icn-ess%20icon-ion-ios-arrow-down%22%2C%22icon_alignment%22%3A%22right-icon%22%2C%22target%22%3A%22_blank%22%7D%2C%7B%22label%22%3A%22C-Arm%22%2C%22url%22%3A%22%23c-arm%22%2C%22icon_classname%22%3A%22lqd-icn-ess%20icon-ion-ios-arrow-down%22%2C%22icon_alignment%22%3A%22right-icon%22%2C%22target%22%3A%22_blank%22%7D%2C%7B%22label%22%3A%22Mammographie%22%2C%22url%22%3A%22%23mammography%22%2C%22icon_classname%22%3A%22lqd-icn-ess%20icon-ion-ios-arrow-down%22%2C%22icon_alignment%22%3A%22right-icon%22%2C%22target%22%3A%22_blank%22%7D%5D\u00a0\u00bb fs=\u00a0\u00bb16px\u00a0\u00bb fw=\u00a0\u00bb500&Prime; color=\u00a0\u00bbrgb(150, 150, 150)\u00a0\u00bb hcolor=\u00a0\u00bbrgb(0, 77, 182)\u00a0\u00bb spacing=\u00a0\u00bb28&Prime;][\/vc_column][vc_column width=\u00a0\u00bb2\/3&Prime; [&hellip;]<\/p>\n","protected":false},"author":1,"featured_media":0,"parent":0,"menu_order":0,"comment_status":"closed","ping_status":"closed","template":"","meta":{"footnotes":""},"class_list":["post-6715","page","type-page","status-publish","hentry"],"yoast_head":"<!-- This site is optimized with the Yoast SEO plugin v26.8 - https:\/\/yoast.com\/product\/yoast-seo-wordpress\/ -->\n<title>Produits &amp; Solutions &#8212; DMS Imaging<\/title>\n<meta name=\"description\" content=\"DMS Imaging propose une gamme compl\u00e8te de syst\u00e8mes d&#039;imagerie sur le march\u00e9 international &amp; est un acteur incontournable en Radiologie &amp; Ost\u00e9o\" \/>\n<meta name=\"robots\" content=\"index, follow, max-snippet:-1, max-image-preview:large, max-video-preview:-1\" \/>\n<link rel=\"canonical\" href=\"https:\/\/www.dms-imaging.com\/fr\/produits-solutions\/\" \/>\n<meta property=\"og:locale\" content=\"fr_FR\" \/>\n<meta property=\"og:type\" content=\"article\" \/>\n<meta property=\"og:title\" content=\"Produits &amp; Solutions &#8212; DMS Imaging\" \/>\n<meta property=\"og:description\" content=\"DMS Imaging propose une gamme compl\u00e8te de syst\u00e8mes d&#039;imagerie sur le march\u00e9 international &amp; est un acteur incontournable en Radiologie &amp; Ost\u00e9o\" \/>\n<meta property=\"og:url\" content=\"https:\/\/www.dms-imaging.com\/fr\/produits-solutions\/\" \/>\n<meta property=\"og:site_name\" content=\"DMS Imaging\" \/>\n<meta property=\"article:modified_time\" content=\"2025-04-15T12:39:44+00:00\" \/>\n<meta name=\"twitter:card\" content=\"summary_large_image\" \/>\n<meta name=\"twitter:label1\" content=\"Dur\u00e9e de lecture estim\u00e9e\" \/>\n\t<meta name=\"twitter:data1\" content=\"2 minutes\" \/>\n<script type=\"application\/ld+json\" class=\"yoast-schema-graph\">{\"@context\":\"https:\/\/schema.org\",\"@graph\":[{\"@type\":\"WebPage\",\"@id\":\"https:\/\/www.dms-imaging.com\/fr\/produits-solutions\/\",\"url\":\"https:\/\/www.dms-imaging.com\/fr\/produits-solutions\/\",\"name\":\"Produits & Solutions &#8212; DMS Imaging\",\"isPartOf\":{\"@id\":\"https:\/\/www.dms-imaging.com\/#website\"},\"datePublished\":\"2023-04-05T11:38:42+00:00\",\"dateModified\":\"2025-04-15T12:39:44+00:00\",\"description\":\"DMS Imaging propose une gamme compl\u00e8te de syst\u00e8mes d'imagerie sur le march\u00e9 international & est un acteur incontournable en Radiologie & Ost\u00e9o\",\"breadcrumb\":{\"@id\":\"https:\/\/www.dms-imaging.com\/fr\/produits-solutions\/#breadcrumb\"},\"inLanguage\":\"fr-FR\",\"potentialAction\":[{\"@type\":\"ReadAction\",\"target\":[\"https:\/\/www.dms-imaging.com\/fr\/produits-solutions\/\"]}]},{\"@type\":\"BreadcrumbList\",\"@id\":\"https:\/\/www.dms-imaging.com\/fr\/produits-solutions\/#breadcrumb\",\"itemListElement\":[{\"@type\":\"ListItem\",\"position\":1,\"name\":\"Home\",\"item\":\"https:\/\/www.dms-imaging.com\/fr\/\"},{\"@type\":\"ListItem\",\"position\":2,\"name\":\"Produits &#038; Solutions\"}]},{\"@type\":\"WebSite\",\"@id\":\"https:\/\/www.dms-imaging.com\/#website\",\"url\":\"https:\/\/www.dms-imaging.com\/\",\"name\":\"DMS Imaging\",\"description\":\"DMS Imaging is focused on the development, design and manufacturing of medical imaging systems mainly for digital radiology and bone densitometry.\",\"publisher\":{\"@id\":\"https:\/\/www.dms-imaging.com\/#organization\"},\"potentialAction\":[{\"@type\":\"SearchAction\",\"target\":{\"@type\":\"EntryPoint\",\"urlTemplate\":\"https:\/\/www.dms-imaging.com\/?s={search_term_string}\"},\"query-input\":{\"@type\":\"PropertyValueSpecification\",\"valueRequired\":true,\"valueName\":\"search_term_string\"}}],\"inLanguage\":\"fr-FR\"},{\"@type\":\"Organization\",\"@id\":\"https:\/\/www.dms-imaging.com\/#organization\",\"name\":\"DMS Imaging\",\"url\":\"https:\/\/www.dms-imaging.com\/\",\"logo\":{\"@type\":\"ImageObject\",\"inLanguage\":\"fr-FR\",\"@id\":\"https:\/\/www.dms-imaging.com\/#\/schema\/logo\/image\/\",\"url\":\"https:\/\/dms-imaging.com\/wp-content\/uploads\/2023\/06\/imaging-blanc-MASK.png\",\"contentUrl\":\"https:\/\/dms-imaging.com\/wp-content\/uploads\/2023\/06\/imaging-blanc-MASK.png\",\"width\":2000,\"height\":578,\"caption\":\"DMS Imaging\"},\"image\":{\"@id\":\"https:\/\/www.dms-imaging.com\/#\/schema\/logo\/image\/\"},\"sameAs\":[\"https:\/\/www.linkedin.com\/company\/dmsimaging\/\"]}]}<\/script>\n<!-- \/ Yoast SEO plugin. -->","yoast_head_json":{"title":"Produits & Solutions &#8212; DMS Imaging","description":"DMS Imaging propose une gamme compl\u00e8te de syst\u00e8mes d'imagerie sur le march\u00e9 international & est un acteur incontournable en Radiologie & Ost\u00e9o","robots":{"index":"index","follow":"follow","max-snippet":"max-snippet:-1","max-image-preview":"max-image-preview:large","max-video-preview":"max-video-preview:-1"},"canonical":"https:\/\/www.dms-imaging.com\/fr\/produits-solutions\/","og_locale":"fr_FR","og_type":"article","og_title":"Produits & Solutions &#8212; DMS Imaging","og_description":"DMS Imaging propose une gamme compl\u00e8te de syst\u00e8mes d'imagerie sur le march\u00e9 international & est un acteur incontournable en Radiologie & Ost\u00e9o","og_url":"https:\/\/www.dms-imaging.com\/fr\/produits-solutions\/","og_site_name":"DMS Imaging","article_modified_time":"2025-04-15T12:39:44+00:00","twitter_card":"summary_large_image","twitter_misc":{"Dur\u00e9e de lecture estim\u00e9e":"2 minutes"},"schema":{"@context":"https:\/\/schema.org","@graph":[{"@type":"WebPage","@id":"https:\/\/www.dms-imaging.com\/fr\/produits-solutions\/","url":"https:\/\/www.dms-imaging.com\/fr\/produits-solutions\/","name":"Produits & Solutions &#8212; DMS Imaging","isPartOf":{"@id":"https:\/\/www.dms-imaging.com\/#website"},"datePublished":"2023-04-05T11:38:42+00:00","dateModified":"2025-04-15T12:39:44+00:00","description":"DMS Imaging propose une gamme compl\u00e8te de syst\u00e8mes d'imagerie sur le march\u00e9 international & est un acteur incontournable en Radiologie & Ost\u00e9o","breadcrumb":{"@id":"https:\/\/www.dms-imaging.com\/fr\/produits-solutions\/#breadcrumb"},"inLanguage":"fr-FR","potentialAction":[{"@type":"ReadAction","target":["https:\/\/www.dms-imaging.com\/fr\/produits-solutions\/"]}]},{"@type":"BreadcrumbList","@id":"https:\/\/www.dms-imaging.com\/fr\/produits-solutions\/#breadcrumb","itemListElement":[{"@type":"ListItem","position":1,"name":"Home","item":"https:\/\/www.dms-imaging.com\/fr\/"},{"@type":"ListItem","position":2,"name":"Produits &#038; Solutions"}]},{"@type":"WebSite","@id":"https:\/\/www.dms-imaging.com\/#website","url":"https:\/\/www.dms-imaging.com\/","name":"DMS Imaging","description":"DMS Imaging is focused on the development, design and manufacturing of medical imaging systems mainly for digital radiology and bone densitometry.","publisher":{"@id":"https:\/\/www.dms-imaging.com\/#organization"},"potentialAction":[{"@type":"SearchAction","target":{"@type":"EntryPoint","urlTemplate":"https:\/\/www.dms-imaging.com\/?s={search_term_string}"},"query-input":{"@type":"PropertyValueSpecification","valueRequired":true,"valueName":"search_term_string"}}],"inLanguage":"fr-FR"},{"@type":"Organization","@id":"https:\/\/www.dms-imaging.com\/#organization","name":"DMS Imaging","url":"https:\/\/www.dms-imaging.com\/","logo":{"@type":"ImageObject","inLanguage":"fr-FR","@id":"https:\/\/www.dms-imaging.com\/#\/schema\/logo\/image\/","url":"https:\/\/dms-imaging.com\/wp-content\/uploads\/2023\/06\/imaging-blanc-MASK.png","contentUrl":"https:\/\/dms-imaging.com\/wp-content\/uploads\/2023\/06\/imaging-blanc-MASK.png","width":2000,"height":578,"caption":"DMS Imaging"},"image":{"@id":"https:\/\/www.dms-imaging.com\/#\/schema\/logo\/image\/"},"sameAs":["https:\/\/www.linkedin.com\/company\/dmsimaging\/"]}]}},"jetpack_sharing_enabled":true,"_links":{"self":[{"href":"https:\/\/www.dms-imaging.com\/fr\/wp-json\/wp\/v2\/pages\/6715","targetHints":{"allow":["GET"]}}],"collection":[{"href":"https:\/\/www.dms-imaging.com\/fr\/wp-json\/wp\/v2\/pages"}],"about":[{"href":"https:\/\/www.dms-imaging.com\/fr\/wp-json\/wp\/v2\/types\/page"}],"author":[{"embeddable":true,"href":"https:\/\/www.dms-imaging.com\/fr\/wp-json\/wp\/v2\/users\/1"}],"replies":[{"embeddable":true,"href":"https:\/\/www.dms-imaging.com\/fr\/wp-json\/wp\/v2\/comments?post=6715"}],"version-history":[{"count":15,"href":"https:\/\/www.dms-imaging.com\/fr\/wp-json\/wp\/v2\/pages\/6715\/revisions"}],"predecessor-version":[{"id":10380,"href":"https:\/\/www.dms-imaging.com\/fr\/wp-json\/wp\/v2\/pages\/6715\/revisions\/10380"}],"wp:attachment":[{"href":"https:\/\/www.dms-imaging.com\/fr\/wp-json\/wp\/v2\/media?parent=6715"}],"curies":[{"name":"wp","href":"https:\/\/api.w.org\/{rel}","templated":true}]}}