{"id":6717,"date":"2023-04-27T13:48:21","date_gmt":"2023-04-27T11:48:21","guid":{"rendered":"http:\/\/dms-imaging.com\/r-f-solutions\/"},"modified":"2025-04-29T11:04:48","modified_gmt":"2025-04-29T09:04:48","slug":"tables-telecommandees","status":"publish","type":"page","link":"https:\/\/www.dms-imaging.com\/fr\/tables-telecommandees\/","title":{"rendered":"Tables t\u00e9l\u00e9command\u00e9es"},"content":{"rendered":"<p>[vc_row css=\u00a0\u00bb.vc_custom_1680684244372{padding-top: 140px !important;padding-bottom: 85px !important;background-color: #004db6 !important;}\u00a0\u00bb][vc_column enable_content_animation=\u00a0\u00bbyes\u00a0\u00bb ca_init_scale_x=\u00a0\u00bb1&Prime; ca_init_scale_y=\u00a0\u00bb1.1&Prime; ca_init_opacity=\u00a0\u00bb0&Prime; ca_an_scale_x=\u00a0\u00bb1&Prime; ca_an_scale_y=\u00a0\u00bb1&Prime; ca_an_opacity=\u00a0\u00bb1&Prime; ca_init_scale_z=\u00a0\u00bb1&Prime; ca_an_scale_z=\u00a0\u00bb1&Prime; offset=\u00a0\u00bbvc_col-md-8&Prime; responsive_css=\u00a0\u00bbpadding_right_large:7%25&Prime; ca_duration=\u00a0\u00bb1800&Prime; ca_delay=\u00a0\u00bb180&Prime; ca_init_translate_y=\u00a0\u00bb32&Prime;][ld_fancy_heading tag=\u00a0\u00bbh2&Prime; margin=\u00a0\u00bbbottom_small:0.3em\u00a0\u00bb color=\u00a0\u00bbrgb(255, 255, 255)\u00a0\u00bb]Tables t\u00e9l\u00e9command\u00e9es[\/ld_fancy_heading][ld_fancy_heading tag=\u00a0\u00bbp\u00a0\u00bb color=\u00a0\u00bbrgb(255, 255, 255)\u00a0\u00bb]Platinum Neo[\/ld_fancy_heading][ld_fancy_heading tag=\u00a0\u00bbp\u00a0\u00bb color=\u00a0\u00bbrgb(255, 255, 255)\u00a0\u00bb link=\u00a0\u00bb|||\u00a0\u00bb]Platinum Flex[\/ld_fancy_heading][ld_fancy_heading tag=\u00a0\u00bbp\u00a0\u00bb color=\u00a0\u00bbrgb(255, 255, 255)\u00a0\u00bb link=\u00a0\u00bb|||\u00a0\u00bb]Optima[\/ld_fancy_heading][\/vc_column][\/vc_row][vc_row][vc_column][ld_spacer][\/vc_column][\/vc_row][vc_row equal_height=\u00a0\u00bbyes\u00a0\u00bb content_placement=\u00a0\u00bbmiddle\u00a0\u00bb][vc_column column_content_align=\u00a0\u00bbjustify-content-center\u00a0\u00bb width=\u00a0\u00bb1\/2&Prime;][ld_fancy_heading tag=\u00a0\u00bbh4&Prime; margin=\u00a0\u00bbbottom_small:0.5em\u00a0\u00bb]Platinum Neo[\/ld_fancy_heading][ld_fancy_heading tag=\u00a0\u00bbp\u00a0\u00bb margin=\u00a0\u00bbbottom_small:0.35em\u00a0\u00bb padding=\u00a0\u00bbright_all:25%25|bottom_all:0.5em|right_large:15%25|bottom_large:0.5em\u00a0\u00bb]Exigez l\u2019excellence d\u2019une table t\u00e9l\u00e9command\u00e9e de pointe avec une I.A. embarqu\u00e9e \u00e0 port\u00e9e de main[\/ld_fancy_heading][ld_spacer][ld_button style=\u00a0\u00bbbtn-solid\u00a0\u00bb title=\u00a0\u00bbEn savoir plus\u00a0\u00bb shape=\u00a0\u00bbround\u00a0\u00bb size=\u00a0\u00bbbtn-sm\u00a0\u00bb border=\u00a0\u00bbborder-none\u00a0\u00bb hover_txt_effect=\u00a0\u00bbbtn-hover-txt-liquid-y\u00a0\u00bb i_type=\u00a0\u00bblinea\u00a0\u00bb i_hover_reveal=\u00a0\u00bbbtn-hover-swp\u00a0\u00bb i_add_icon=\u00a0\u00bbtrue\u00a0\u00bb color=\u00a0\u00bbrgb(0, 77, 182)\u00a0\u00bb text_color=\u00a0\u00bbrgb(255, 255, 255)\u00a0\u00bb css=\u00a0\u00bb.vc_custom_1744719596156{padding-top: 0.5em !important;padding-right: 0.5em !important;padding-left: 0.5em !important;}\u00a0\u00bb i_icon_linea=\u00a0\u00bblqd-icn-ess icon-md-arrow-forward\u00a0\u00bb hover_color=\u00a0\u00bbrgb(255, 255, 255)\u00a0\u00bb htext_color=\u00a0\u00bbrgb(0, 77, 182)\u00a0\u00bb link=\u00a0\u00bburl:https%3A%2F%2Fwww.dms-imaging.com%2Ffr%2Ftables-telecommandees%2Fplatinum-neo%2F|title:Platinum%20Neo||\u00a0\u00bb][\/vc_column][vc_column width=\u00a0\u00bb1\/2&Prime;][ld_images_group_container][ld_images_group_element enable_effects=\u00a0\u00bbyes\u00a0\u00bb enable_hover3d=\u00a0\u00bbyes\u00a0\u00bb enable_reveal=\u00a0\u00bbyes\u00a0\u00bb image=\u00a0\u00bb9841&Prime;][\/ld_images_group_element][\/ld_images_group_container][\/vc_column][\/vc_row][vc_row equal_height=\u00a0\u00bbyes\u00a0\u00bb content_placement=\u00a0\u00bbmiddle\u00a0\u00bb][vc_column column_content_align=\u00a0\u00bbjustify-content-center\u00a0\u00bb width=\u00a0\u00bb1\/2&Prime;][ld_fancy_heading tag=\u00a0\u00bbh4&Prime; margin=\u00a0\u00bbbottom_small:0.5em\u00a0\u00bb]Platinum Flex[\/ld_fancy_heading][ld_fancy_heading tag=\u00a0\u00bbp\u00a0\u00bb margin=\u00a0\u00bbbottom_small:0.35em\u00a0\u00bb padding=\u00a0\u00bbright_all:25%25|bottom_all:0.5em|right_large:15%25|bottom_large:0.5em\u00a0\u00bb]Exigez l\u2019excellence d\u2019une solution R\/F haut de gamme d\u2019une flexibilit\u00e9 absolue[\/ld_fancy_heading][ld_fancy_heading tag=\u00a0\u00bbp\u00a0\u00bb transform=\u00a0\u00bbtext-uppercase\u00a0\u00bb margin=\u00a0\u00bbbottom_small:0.35em\u00a0\u00bb color=\u00a0\u00bbrgb(0, 77, 182)\u00a0\u00bb padding=\u00a0\u00bbright_all:25%25|bottom_all:0.5em|right_large:15%25|bottom_large:0.5em\u00a0\u00bb][\/ld_fancy_heading][ld_spacer][ld_button style=\u00a0\u00bbbtn-solid\u00a0\u00bb title=\u00a0\u00bbEn savoir plus\u00a0\u00bb shape=\u00a0\u00bbround\u00a0\u00bb size=\u00a0\u00bbbtn-sm\u00a0\u00bb border=\u00a0\u00bbborder-none\u00a0\u00bb hover_txt_effect=\u00a0\u00bbbtn-hover-txt-liquid-y\u00a0\u00bb i_type=\u00a0\u00bblinea\u00a0\u00bb i_hover_reveal=\u00a0\u00bbbtn-hover-swp\u00a0\u00bb i_add_icon=\u00a0\u00bbtrue\u00a0\u00bb color=\u00a0\u00bbrgb(0, 77, 182)\u00a0\u00bb text_color=\u00a0\u00bbrgb(255, 255, 255)\u00a0\u00bb css=\u00a0\u00bb.vc_custom_1744719662624{padding-top: 0.5em !important;padding-right: 0.5em !important;padding-left: 0.5em !important;}\u00a0\u00bb i_icon_linea=\u00a0\u00bblqd-icn-ess icon-md-arrow-forward\u00a0\u00bb hover_color=\u00a0\u00bbrgb(255, 255, 255)\u00a0\u00bb htext_color=\u00a0\u00bbrgb(0, 77, 182)\u00a0\u00bb link=\u00a0\u00bburl:https%3A%2F%2Fwww.dms-imaging.com%2Ffr%2Ftables-telecommandees%2Fplatinum-flex%2F|title:Platinum%20Flex||\u00a0\u00bb][\/vc_column][vc_column width=\u00a0\u00bb1\/2&Prime;][ld_images_group_container][ld_images_group_element enable_effects=\u00a0\u00bbyes\u00a0\u00bb enable_hover3d=\u00a0\u00bbyes\u00a0\u00bb enable_reveal=\u00a0\u00bbyes\u00a0\u00bb image=\u00a0\u00bb10028&Prime;][\/ld_images_group_element][\/ld_images_group_container][\/vc_column][\/vc_row][vc_row equal_height=\u00a0\u00bbyes\u00a0\u00bb content_placement=\u00a0\u00bbmiddle\u00a0\u00bb][vc_column column_content_align=\u00a0\u00bbjustify-content-center\u00a0\u00bb width=\u00a0\u00bb1\/2&Prime;][ld_fancy_heading tag=\u00a0\u00bbh4&Prime; margin=\u00a0\u00bbbottom_small:0.5em\u00a0\u00bb]Optima[\/ld_fancy_heading][ld_fancy_heading tag=\u00a0\u00bbp\u00a0\u00bb margin=\u00a0\u00bbbottom_small:0.35em\u00a0\u00bb padding=\u00a0\u00bbright_all:25%25|bottom_all:0.5em|right_large:15%25|bottom_large:0.5em\u00a0\u00bb]Un \u00e9quilibre parfait entre performance et accessibilit\u00e9[\/ld_fancy_heading][ld_fancy_heading tag=\u00a0\u00bbp\u00a0\u00bb transform=\u00a0\u00bbtext-uppercase\u00a0\u00bb margin=\u00a0\u00bbbottom_small:0.35em\u00a0\u00bb color=\u00a0\u00bbrgb(0, 77, 182)\u00a0\u00bb padding=\u00a0\u00bbright_all:25%25|bottom_all:0.5em|right_large:15%25|bottom_large:0.5em\u00a0\u00bb][\/ld_fancy_heading][ld_spacer][ld_button style=\u00a0\u00bbbtn-solid\u00a0\u00bb title=\u00a0\u00bbEn savoir plus\u00a0\u00bb shape=\u00a0\u00bbround\u00a0\u00bb size=\u00a0\u00bbbtn-sm\u00a0\u00bb border=\u00a0\u00bbborder-none\u00a0\u00bb hover_txt_effect=\u00a0\u00bbbtn-hover-txt-liquid-y\u00a0\u00bb i_type=\u00a0\u00bblinea\u00a0\u00bb i_hover_reveal=\u00a0\u00bbbtn-hover-swp\u00a0\u00bb i_add_icon=\u00a0\u00bbtrue\u00a0\u00bb color=\u00a0\u00bbrgb(0, 77, 182)\u00a0\u00bb text_color=\u00a0\u00bbrgb(255, 255, 255)\u00a0\u00bb css=\u00a0\u00bb.vc_custom_1744719711235{padding-top: 0.5em !important;padding-right: 0.5em !important;padding-left: 0.5em !important;}\u00a0\u00bb i_icon_linea=\u00a0\u00bblqd-icn-ess icon-md-arrow-forward\u00a0\u00bb hover_color=\u00a0\u00bbrgb(255, 255, 255)\u00a0\u00bb htext_color=\u00a0\u00bbrgb(0, 77, 182)\u00a0\u00bb link=\u00a0\u00bburl:https%3A%2F%2Fwww.dms-imaging.com%2Ffr%2Ftables-telecommandees%2Foptima%2F|title:Optima||\u00a0\u00bb][\/vc_column][vc_column width=\u00a0\u00bb1\/2&Prime;][ld_images_group_container][ld_images_group_element enable_effects=\u00a0\u00bbyes\u00a0\u00bb enable_hover3d=\u00a0\u00bbyes\u00a0\u00bb enable_reveal=\u00a0\u00bbyes\u00a0\u00bb image=\u00a0\u00bb9837&Prime;][\/ld_images_group_element][\/ld_images_group_container][\/vc_column][\/vc_row][vc_row][vc_column width=\u00a0\u00bb1\/2&Prime;][ld_fancy_heading tag=\u00a0\u00bbp\u00a0\u00bb use_custom_fonts_title=\u00a0\u00bbtrue\u00a0\u00bb margin=\u00a0\u00bbbottom_small:0.35em\u00a0\u00bb color=\u00a0\u00bbrgb(161, 161, 161)\u00a0\u00bb padding=\u00a0\u00bbright_all:25%25|bottom_all:0.5em|right_large:15%25|bottom_large:0.5em\u00a0\u00bb fs=\u00a0\u00bbtext_all:10px\u00a0\u00bb]Tables t\u00e9l\u00e9command\u00e9es \u2014 Classe IIb \u2014 CE1639[\/ld_fancy_heading][\/vc_column][vc_column width=\u00a0\u00bb1\/2&Prime;][\/vc_column][\/vc_row][vc_row disable_element=\u00a0\u00bbyes\u00a0\u00bb bg_position=\u00a0\u00bbcustom\u00a0\u00bb css=\u00a0\u00bb.vc_custom_1744793315563{margin-bottom: 60px !important;padding-top: 80px !important;padding-bottom: 35px !important;background-color: #004db6 !important;background-position: 0 0 !important;background-repeat: no-repeat !important;}\u00a0\u00bb responsive_css=\u00a0\u00bbmargin_top_medium:30px|margin_bottom_medium:30px\u00a0\u00bb bg_pos_h=\u00a0\u00bb50%\u00a0\u00bb bg_pos_v=\u00a0\u00bb170%\u00a0\u00bb][vc_column offset=\u00a0\u00bbvc_col-md-5&Prime; responsive_css=\u00a0\u00bbmargin_bottom_medium:0px\u00a0\u00bb css=\u00a0\u00bb.vc_custom_1606157568161{margin-bottom: 50px !important;}\u00a0\u00bb][vc_single_image image=\u00a0\u00bb5186&Prime; img_size=\u00a0\u00bbmedium\u00a0\u00bb][ld_fancy_heading tag=\u00a0\u00bbh2&Prime; use_custom_fonts_title=\u00a0\u00bbtrue\u00a0\u00bb fs=\u00a0\u00bbtext_small:31px\u00a0\u00bb lh=\u00a0\u00bbtext_small:1.3&Prime; color=\u00a0\u00bbrgb(255, 255, 255)\u00a0\u00bb margin=\u00a0\u00bbbottom_small:1em\u00a0\u00bb padding=\u00a0\u00bbright_large:16%25&Prime;]La suite logicielle R\/F r\u00e9volutionnaire[\/ld_fancy_heading][ld_icon_box heading_size=\u00a0\u00bbxs\u00a0\u00bb heading_weight=\u00a0\u00bbfont-weight-bold\u00a0\u00bb alignment=\u00a0\u00bbtext-left\u00a0\u00bb title_mb=\u00a0\u00bb10&Prime; h_color=\u00a0\u00bbrgb(255, 255, 255)\u00a0\u00bb icon_mb=\u00a0\u00bb25&Prime; css=\u00a0\u00bb.vc_custom_1686756322088{margin-bottom: 45px !important;}\u00a0\u00bb i_color=\u00a0\u00bbrgba(255, 255, 255, 0.75)\u00a0\u00bb]<span style=\"color: #ffffff;\">ADAM, la nouvelle suite logicielle R\/F, est un outil moderne et efficace au service des experts en imagerie. ADAM combine expertise m\u00e9tier et exp\u00e9rience utilisateur pour offrir la prochaine g\u00e9n\u00e9ration de workflow R\/F.<br \/>\n<\/span>[\/ld_icon_box][vc_single_image image=\u00a0\u00bb5195&Prime; img_size=\u00a0\u00bbmedium\u00a0\u00bb css=\u00a0\u00bb.vc_custom_1680675915262{padding-top: 60px !important;}\u00a0\u00bb][\/vc_column][vc_column offset=\u00a0\u00bbvc_col-md-offset-1 vc_col-md-6&Prime;][vc_row_inner enable_content_animation=\u00a0\u00bbyes\u00a0\u00bb equal_height=\u00a0\u00bbyes\u00a0\u00bb animation_preset=\u00a0\u00bbFade In\u00a0\u00bb ca_delay=\u00a0\u00bb80&Prime;][vc_column_inner width=\u00a0\u00bb1\/2&Prime; responsive_css=\u00a0\u00bbpadding_right_medium:15px|padding_left_medium:15px\u00a0\u00bb responsive_align=\u00a0\u00bbtext-center text-md-left\u00a0\u00bb offset=\u00a0\u00bbvc_col-xs-6&Prime;][ld_icon_box i_type=\u00a0\u00bbimage\u00a0\u00bb heading_size=\u00a0\u00bbxs\u00a0\u00bb heading_weight=\u00a0\u00bbfont-weight-bold\u00a0\u00bb alignment=\u00a0\u00bbtext-left\u00a0\u00bb title=\u00a0\u00bbWORKFLOW BOOST\u00c9\u00a0\u00bb title_mb=\u00a0\u00bb10&Prime; h_color=\u00a0\u00bbrgb(255, 255, 255)\u00a0\u00bb icon_mb=\u00a0\u00bb25&Prime; css=\u00a0\u00bb.vc_custom_1687765939780{margin-bottom: 45px !important;}\u00a0\u00bb i_icon_image=\u00a0\u00bb7231&Prime; custom_size=\u00a0\u00bb45px\u00a0\u00bb]<span style=\"color: #ffffff;\">Gr\u00e2ce \u00e0 son flux de navigation intuitif, ADAM propose le bon outil au bon moment. Pas de clics perdus, pas de temps perdu ! \u00c0 l\u2019\u00e9coute des retours de ses utilisateurs, ADAM est une plateforme simple, rapide et efficace : la solution parfaite pour r\u00e9pondre aux besoins client.<\/span>[\/ld_icon_box][\/vc_column_inner][vc_column_inner width=\u00a0\u00bb1\/2&Prime; responsive_css=\u00a0\u00bbpadding_right_medium:15px|padding_left_medium:15px\u00a0\u00bb responsive_align=\u00a0\u00bbtext-center text-md-left\u00a0\u00bb offset=\u00a0\u00bbvc_col-xs-6&Prime;][ld_icon_box i_type=\u00a0\u00bbimage\u00a0\u00bb heading_size=\u00a0\u00bbxs\u00a0\u00bb heading_weight=\u00a0\u00bbfont-weight-bold\u00a0\u00bb alignment=\u00a0\u00bbtext-left\u00a0\u00bb title=\u00a0\u00bbINNOVATION POUR LE POSITIONNEMENT SANS DOSE\u00a0\u00bb title_mb=\u00a0\u00bb10&Prime; h_color=\u00a0\u00bbrgb(255, 255, 255)\u00a0\u00bb icon_mb=\u00a0\u00bb25&Prime; css=\u00a0\u00bb.vc_custom_1687765962386{margin-bottom: 45px !important;}\u00a0\u00bb i_icon_image=\u00a0\u00bb7246&Prime; custom_size=\u00a0\u00bb45px\u00a0\u00bb]<span style=\"color: #ffffff;\">Avec ADAM, il n&rsquo;est plus n\u00e9cessaire de continuer la scopie pour le centrage du patient : tout peut \u00eatre fait depuis la derni\u00e8re image de scopie sur l\u2019\u00e9cran d\u2019acquisition. Les fonctions \u00ab\u00a0Get-The-Position\u00a0\u00bb et \u00ab\u00a0Go-To-Position\u00a0\u00bb facilitent le positionnement du patient sans utiliser de rayons-X inutiles.<\/span>[\/ld_icon_box][\/vc_column_inner][vc_column_inner width=\u00a0\u00bb1\/2&Prime; responsive_css=\u00a0\u00bbpadding_right_medium:15px|padding_left_medium:15px\u00a0\u00bb responsive_align=\u00a0\u00bbtext-center text-md-left\u00a0\u00bb offset=\u00a0\u00bbvc_col-xs-6&Prime;][ld_icon_box i_type=\u00a0\u00bbimage\u00a0\u00bb heading_size=\u00a0\u00bbxs\u00a0\u00bb heading_weight=\u00a0\u00bbfont-weight-bold\u00a0\u00bb alignment=\u00a0\u00bbtext-left\u00a0\u00bb title=\u00a0\u00bbDESIGN MODERNE\u00a0\u00bb title_mb=\u00a0\u00bb10&Prime; h_color=\u00a0\u00bbrgb(255, 255, 255)\u00a0\u00bb icon_mb=\u00a0\u00bb25&Prime; css=\u00a0\u00bb.vc_custom_1687765968601{margin-bottom: 45px !important;}\u00a0\u00bb custom_size=\u00a0\u00bb45px\u00a0\u00bb i_icon_image=\u00a0\u00bb7250&Prime;]<span style=\"color: #ffffff;\">ADAM offre un espace de travail \u00e9pur\u00e9, une interface personnalisable et particuli\u00e8rement bien adapt\u00e9e pour une utilisation en tactile.<\/span>[\/ld_icon_box][\/vc_column_inner][vc_column_inner width=\u00a0\u00bb1\/2&Prime; responsive_css=\u00a0\u00bbpadding_right_medium:15px|padding_left_medium:15px\u00a0\u00bb responsive_align=\u00a0\u00bbtext-center text-md-left\u00a0\u00bb offset=\u00a0\u00bbvc_col-xs-6&Prime;][ld_icon_box i_type=\u00a0\u00bbimage\u00a0\u00bb heading_size=\u00a0\u00bbxs\u00a0\u00bb heading_weight=\u00a0\u00bbfont-weight-bold\u00a0\u00bb alignment=\u00a0\u00bbtext-left\u00a0\u00bb title=\u00a0\u00bbQUALIT\u00c9 D&rsquo;IMAGE ET DOSE OPTIMIS\u00c9E\u00a0\u00bb title_mb=\u00a0\u00bb10&Prime; h_color=\u00a0\u00bbrgb(255, 255, 255)\u00a0\u00bb icon_mb=\u00a0\u00bb25&Prime; css=\u00a0\u00bb.vc_custom_1687766027906{margin-bottom: 45px !important;}\u00a0\u00bb i_icon_image=\u00a0\u00bb7248&Prime; custom_size=\u00a0\u00bb45px\u00a0\u00bb]<span style=\"color: #ffffff;\">Les radiologues b\u00e9n\u00e9ficient d\u2019une excellente qualit\u00e9 d\u2019image r\u00e9sultant de la combinaison ing\u00e9nieuse d\u2019un capteur plan aux sp\u00e9cifications techniques \u00e9lev\u00e9es, et d\u2019un algorithme de traitement d\u2019image bas\u00e9 sur la technologie du \u00ab deep learning \u00bb.<\/span>[\/ld_icon_box][\/vc_column_inner][\/vc_row_inner][\/vc_column][\/vc_row]<\/p>\n","protected":false},"excerpt":{"rendered":"<p>[vc_row css=\u00a0\u00bb.vc_custom_1680684244372{padding-top: 140px !important;padding-bottom: 85px !important;background-color: #004db6 !important;}\u00a0\u00bb][vc_column enable_content_animation=\u00a0\u00bbyes\u00a0\u00bb ca_init_scale_x=\u00a0\u00bb1&Prime; ca_init_scale_y=\u00a0\u00bb1.1&Prime; ca_init_opacity=\u00a0\u00bb0&Prime; ca_an_scale_x=\u00a0\u00bb1&Prime; ca_an_scale_y=\u00a0\u00bb1&Prime; ca_an_opacity=\u00a0\u00bb1&Prime; ca_init_scale_z=\u00a0\u00bb1&Prime; ca_an_scale_z=\u00a0\u00bb1&Prime; offset=\u00a0\u00bbvc_col-md-8&Prime; responsive_css=\u00a0\u00bbpadding_right_large:7%25&Prime; ca_duration=\u00a0\u00bb1800&Prime; ca_delay=\u00a0\u00bb180&Prime; ca_init_translate_y=\u00a0\u00bb32&Prime;][ld_fancy_heading tag=\u00a0\u00bbh2&Prime; margin=\u00a0\u00bbbottom_small:0.3em\u00a0\u00bb color=\u00a0\u00bbrgb(255, 255, 255)\u00a0\u00bb]Tables t\u00e9l\u00e9command\u00e9es[\/ld_fancy_heading][ld_fancy_heading tag=\u00a0\u00bbp\u00a0\u00bb color=\u00a0\u00bbrgb(255, 255, 255)\u00a0\u00bb]Platinum Neo[\/ld_fancy_heading][ld_fancy_heading tag=\u00a0\u00bbp\u00a0\u00bb color=\u00a0\u00bbrgb(255, 255, 255)\u00a0\u00bb link=\u00a0\u00bb|||\u00a0\u00bb]Platinum Flex[\/ld_fancy_heading][ld_fancy_heading tag=\u00a0\u00bbp\u00a0\u00bb color=\u00a0\u00bbrgb(255, 255, 255)\u00a0\u00bb link=\u00a0\u00bb|||\u00a0\u00bb]Optima[\/ld_fancy_heading][\/vc_column][\/vc_row][vc_row][vc_column][ld_spacer][\/vc_column][\/vc_row][vc_row equal_height=\u00a0\u00bbyes\u00a0\u00bb content_placement=\u00a0\u00bbmiddle\u00a0\u00bb][vc_column column_content_align=\u00a0\u00bbjustify-content-center\u00a0\u00bb width=\u00a0\u00bb1\/2&Prime;][ld_fancy_heading tag=\u00a0\u00bbh4&Prime; margin=\u00a0\u00bbbottom_small:0.5em\u00a0\u00bb]Platinum Neo[\/ld_fancy_heading][ld_fancy_heading tag=\u00a0\u00bbp\u00a0\u00bb margin=\u00a0\u00bbbottom_small:0.35em\u00a0\u00bb padding=\u00a0\u00bbright_all:25%25|bottom_all:0.5em|right_large:15%25|bottom_large:0.5em\u00a0\u00bb]Exigez l\u2019excellence [&hellip;]<\/p>\n","protected":false},"author":1,"featured_media":0,"parent":0,"menu_order":0,"comment_status":"closed","ping_status":"closed","template":"","meta":{"footnotes":""},"class_list":["post-6717","page","type-page","status-publish","hentry"],"yoast_head":"<!-- This site is optimized with the Yoast SEO plugin v26.8 - https:\/\/yoast.com\/product\/yoast-seo-wordpress\/ -->\n<title>Tables t\u00e9l\u00e9command\u00e9es &#8212; DMS Imaging<\/title>\n<meta name=\"description\" content=\"Platinum N\u00e9o, est la premi\u00e8re solution disponible sur le march\u00e9 embarquant un moteur \u00ab d\u2019intelligence machine \u00bb.\" \/>\n<meta name=\"robots\" content=\"index, follow, max-snippet:-1, max-image-preview:large, max-video-preview:-1\" \/>\n<link rel=\"canonical\" href=\"https:\/\/www.dms-imaging.com\/fr\/tables-telecommandees\/\" \/>\n<meta property=\"og:locale\" content=\"fr_FR\" \/>\n<meta property=\"og:type\" content=\"article\" \/>\n<meta property=\"og:title\" content=\"Tables t\u00e9l\u00e9command\u00e9es &#8212; DMS Imaging\" \/>\n<meta property=\"og:description\" content=\"Platinum N\u00e9o, est la premi\u00e8re solution disponible sur le march\u00e9 embarquant un moteur \u00ab d\u2019intelligence machine \u00bb.\" \/>\n<meta property=\"og:url\" content=\"https:\/\/www.dms-imaging.com\/fr\/tables-telecommandees\/\" \/>\n<meta property=\"og:site_name\" content=\"DMS Imaging\" \/>\n<meta property=\"article:modified_time\" content=\"2025-04-29T09:04:48+00:00\" \/>\n<meta name=\"twitter:card\" content=\"summary_large_image\" \/>\n<meta name=\"twitter:label1\" content=\"Dur\u00e9e de lecture estim\u00e9e\" \/>\n\t<meta name=\"twitter:data1\" content=\"4 minutes\" \/>\n<script type=\"application\/ld+json\" class=\"yoast-schema-graph\">{\"@context\":\"https:\/\/schema.org\",\"@graph\":[{\"@type\":\"WebPage\",\"@id\":\"https:\/\/www.dms-imaging.com\/fr\/tables-telecommandees\/\",\"url\":\"https:\/\/www.dms-imaging.com\/fr\/tables-telecommandees\/\",\"name\":\"Tables t\u00e9l\u00e9command\u00e9es &#8212; DMS Imaging\",\"isPartOf\":{\"@id\":\"https:\/\/www.dms-imaging.com\/#website\"},\"datePublished\":\"2023-04-27T11:48:21+00:00\",\"dateModified\":\"2025-04-29T09:04:48+00:00\",\"description\":\"Platinum N\u00e9o, est la premi\u00e8re solution disponible sur le march\u00e9 embarquant un moteur \u00ab d\u2019intelligence machine \u00bb.\",\"breadcrumb\":{\"@id\":\"https:\/\/www.dms-imaging.com\/fr\/tables-telecommandees\/#breadcrumb\"},\"inLanguage\":\"fr-FR\",\"potentialAction\":[{\"@type\":\"ReadAction\",\"target\":[\"https:\/\/www.dms-imaging.com\/fr\/tables-telecommandees\/\"]}]},{\"@type\":\"BreadcrumbList\",\"@id\":\"https:\/\/www.dms-imaging.com\/fr\/tables-telecommandees\/#breadcrumb\",\"itemListElement\":[{\"@type\":\"ListItem\",\"position\":1,\"name\":\"Home\",\"item\":\"https:\/\/www.dms-imaging.com\/fr\/\"},{\"@type\":\"ListItem\",\"position\":2,\"name\":\"Tables t\u00e9l\u00e9command\u00e9es\"}]},{\"@type\":\"WebSite\",\"@id\":\"https:\/\/www.dms-imaging.com\/#website\",\"url\":\"https:\/\/www.dms-imaging.com\/\",\"name\":\"DMS Imaging\",\"description\":\"DMS Imaging is focused on the development, design and manufacturing of medical imaging systems mainly for digital radiology and bone densitometry.\",\"publisher\":{\"@id\":\"https:\/\/www.dms-imaging.com\/#organization\"},\"potentialAction\":[{\"@type\":\"SearchAction\",\"target\":{\"@type\":\"EntryPoint\",\"urlTemplate\":\"https:\/\/www.dms-imaging.com\/?s={search_term_string}\"},\"query-input\":{\"@type\":\"PropertyValueSpecification\",\"valueRequired\":true,\"valueName\":\"search_term_string\"}}],\"inLanguage\":\"fr-FR\"},{\"@type\":\"Organization\",\"@id\":\"https:\/\/www.dms-imaging.com\/#organization\",\"name\":\"DMS Imaging\",\"url\":\"https:\/\/www.dms-imaging.com\/\",\"logo\":{\"@type\":\"ImageObject\",\"inLanguage\":\"fr-FR\",\"@id\":\"https:\/\/www.dms-imaging.com\/#\/schema\/logo\/image\/\",\"url\":\"https:\/\/dms-imaging.com\/wp-content\/uploads\/2023\/06\/imaging-blanc-MASK.png\",\"contentUrl\":\"https:\/\/dms-imaging.com\/wp-content\/uploads\/2023\/06\/imaging-blanc-MASK.png\",\"width\":2000,\"height\":578,\"caption\":\"DMS Imaging\"},\"image\":{\"@id\":\"https:\/\/www.dms-imaging.com\/#\/schema\/logo\/image\/\"},\"sameAs\":[\"https:\/\/www.linkedin.com\/company\/dmsimaging\/\"]}]}<\/script>\n<!-- \/ Yoast SEO plugin. -->","yoast_head_json":{"title":"Tables t\u00e9l\u00e9command\u00e9es &#8212; DMS Imaging","description":"Platinum N\u00e9o, est la premi\u00e8re solution disponible sur le march\u00e9 embarquant un moteur \u00ab d\u2019intelligence machine \u00bb.","robots":{"index":"index","follow":"follow","max-snippet":"max-snippet:-1","max-image-preview":"max-image-preview:large","max-video-preview":"max-video-preview:-1"},"canonical":"https:\/\/www.dms-imaging.com\/fr\/tables-telecommandees\/","og_locale":"fr_FR","og_type":"article","og_title":"Tables t\u00e9l\u00e9command\u00e9es &#8212; DMS Imaging","og_description":"Platinum N\u00e9o, est la premi\u00e8re solution disponible sur le march\u00e9 embarquant un moteur \u00ab d\u2019intelligence machine \u00bb.","og_url":"https:\/\/www.dms-imaging.com\/fr\/tables-telecommandees\/","og_site_name":"DMS Imaging","article_modified_time":"2025-04-29T09:04:48+00:00","twitter_card":"summary_large_image","twitter_misc":{"Dur\u00e9e de lecture estim\u00e9e":"4 minutes"},"schema":{"@context":"https:\/\/schema.org","@graph":[{"@type":"WebPage","@id":"https:\/\/www.dms-imaging.com\/fr\/tables-telecommandees\/","url":"https:\/\/www.dms-imaging.com\/fr\/tables-telecommandees\/","name":"Tables t\u00e9l\u00e9command\u00e9es &#8212; DMS Imaging","isPartOf":{"@id":"https:\/\/www.dms-imaging.com\/#website"},"datePublished":"2023-04-27T11:48:21+00:00","dateModified":"2025-04-29T09:04:48+00:00","description":"Platinum N\u00e9o, est la premi\u00e8re solution disponible sur le march\u00e9 embarquant un moteur \u00ab d\u2019intelligence machine \u00bb.","breadcrumb":{"@id":"https:\/\/www.dms-imaging.com\/fr\/tables-telecommandees\/#breadcrumb"},"inLanguage":"fr-FR","potentialAction":[{"@type":"ReadAction","target":["https:\/\/www.dms-imaging.com\/fr\/tables-telecommandees\/"]}]},{"@type":"BreadcrumbList","@id":"https:\/\/www.dms-imaging.com\/fr\/tables-telecommandees\/#breadcrumb","itemListElement":[{"@type":"ListItem","position":1,"name":"Home","item":"https:\/\/www.dms-imaging.com\/fr\/"},{"@type":"ListItem","position":2,"name":"Tables t\u00e9l\u00e9command\u00e9es"}]},{"@type":"WebSite","@id":"https:\/\/www.dms-imaging.com\/#website","url":"https:\/\/www.dms-imaging.com\/","name":"DMS Imaging","description":"DMS Imaging is focused on the development, design and manufacturing of medical imaging systems mainly for digital radiology and bone densitometry.","publisher":{"@id":"https:\/\/www.dms-imaging.com\/#organization"},"potentialAction":[{"@type":"SearchAction","target":{"@type":"EntryPoint","urlTemplate":"https:\/\/www.dms-imaging.com\/?s={search_term_string}"},"query-input":{"@type":"PropertyValueSpecification","valueRequired":true,"valueName":"search_term_string"}}],"inLanguage":"fr-FR"},{"@type":"Organization","@id":"https:\/\/www.dms-imaging.com\/#organization","name":"DMS Imaging","url":"https:\/\/www.dms-imaging.com\/","logo":{"@type":"ImageObject","inLanguage":"fr-FR","@id":"https:\/\/www.dms-imaging.com\/#\/schema\/logo\/image\/","url":"https:\/\/dms-imaging.com\/wp-content\/uploads\/2023\/06\/imaging-blanc-MASK.png","contentUrl":"https:\/\/dms-imaging.com\/wp-content\/uploads\/2023\/06\/imaging-blanc-MASK.png","width":2000,"height":578,"caption":"DMS Imaging"},"image":{"@id":"https:\/\/www.dms-imaging.com\/#\/schema\/logo\/image\/"},"sameAs":["https:\/\/www.linkedin.com\/company\/dmsimaging\/"]}]}},"jetpack_sharing_enabled":true,"_links":{"self":[{"href":"https:\/\/www.dms-imaging.com\/fr\/wp-json\/wp\/v2\/pages\/6717","targetHints":{"allow":["GET"]}}],"collection":[{"href":"https:\/\/www.dms-imaging.com\/fr\/wp-json\/wp\/v2\/pages"}],"about":[{"href":"https:\/\/www.dms-imaging.com\/fr\/wp-json\/wp\/v2\/types\/page"}],"author":[{"embeddable":true,"href":"https:\/\/www.dms-imaging.com\/fr\/wp-json\/wp\/v2\/users\/1"}],"replies":[{"embeddable":true,"href":"https:\/\/www.dms-imaging.com\/fr\/wp-json\/wp\/v2\/comments?post=6717"}],"version-history":[{"count":23,"href":"https:\/\/www.dms-imaging.com\/fr\/wp-json\/wp\/v2\/pages\/6717\/revisions"}],"predecessor-version":[{"id":10465,"href":"https:\/\/www.dms-imaging.com\/fr\/wp-json\/wp\/v2\/pages\/6717\/revisions\/10465"}],"wp:attachment":[{"href":"https:\/\/www.dms-imaging.com\/fr\/wp-json\/wp\/v2\/media?parent=6717"}],"curies":[{"name":"wp","href":"https:\/\/api.w.org\/{rel}","templated":true}]}}